{"id":6734,"date":"2022-07-20T12:39:18","date_gmt":"2022-07-20T12:39:18","guid":{"rendered":"https:\/\/www.properfees.com\/politique-relative-aux-cookies\/"},"modified":"2024-04-22T13:47:43","modified_gmt":"2024-04-22T13:47:43","slug":"politique-de-cookies","status":"publish","type":"page","link":"https:\/\/www.properfees.com\/fr\/politique-de-cookies\/","title":{"rendered":"Politique de Cookies"},"content":{"rendered":"<div class=\"wpb-content-wrapper\"><p>[vc_row full_width=\u00a0\u00bbstretch_row\u00a0\u00bb css=\u00a0\u00bb.vc_custom_1673183302930{margin-bottom: 30px !important;background-image: url(https:\/\/www.properfees.com\/wp-content\/uploads\/2023\/01\/Properfees-image-30.png?id=8566) !important;background-position: center !important;background-repeat: no-repeat !important;background-size: cover !important;}\u00a0\u00bb woodmart_css_id=\u00a0\u00bb63bac03d4cb5e\u00a0\u00bb responsive_spacing=\u00a0\u00bbeyJwYXJhbV90eXBlIjoid29vZG1hcnRfcmVzcG9uc2l2ZV9zcGFjaW5nIiwic2VsZWN0b3JfaWQiOiI2M2JhYzAzZDRjYjVlIiwic2hvcnRjb2RlIjoidmNfcm93IiwiZGF0YSI6eyJ0YWJsZXQiOnt9LCJtb2JpbGUiOnt9fX0=\u00a0\u00bb mobile_bg_img_hidden=\u00a0\u00bbno\u00a0\u00bb tablet_bg_img_hidden=\u00a0\u00bbno\u00a0\u00bb woodmart_parallax=\u00a0\u00bb0&Prime; woodmart_gradient_switch=\u00a0\u00bbno\u00a0\u00bb woodmart_box_shadow=\u00a0\u00bbno\u00a0\u00bb wd_z_index=\u00a0\u00bbno\u00a0\u00bb woodmart_disable_overflow=\u00a0\u00bb0&Prime; row_reverse_mobile=\u00a0\u00bb0&Prime; row_reverse_tablet=\u00a0\u00bb0&Prime; el_id=\u00a0\u00bbpage-header-row\u00a0\u00bb][vc_column][vc_row_inner css=\u00a0\u00bb.vc_custom_1666214802721{padding-top: 200px !important;padding-bottom: 100px !important;}\u00a0\u00bb woodmart_css_id=\u00a0\u00bb63506b7f6a3e7&Prime; responsive_spacing=\u00a0\u00bbeyJwYXJhbV90eXBlIjoid29vZG1hcnRfcmVzcG9uc2l2ZV9zcGFjaW5nIiwic2VsZWN0b3JfaWQiOiI2MzUwNmI3ZjZhM2U3Iiwic2hvcnRjb2RlIjoidmNfcm93X2lubmVyIiwiZGF0YSI6eyJ0YWJsZXQiOnt9LCJtb2JpbGUiOnt9fX0=\u00a0\u00bb mobile_bg_img_hidden=\u00a0\u00bbno\u00a0\u00bb tablet_bg_img_hidden=\u00a0\u00bbno\u00a0\u00bb woodmart_parallax=\u00a0\u00bb0&Prime; woodmart_gradient_switch=\u00a0\u00bbno\u00a0\u00bb woodmart_box_shadow=\u00a0\u00bbno\u00a0\u00bb wd_z_index=\u00a0\u00bbno\u00a0\u00bb woodmart_disable_overflow=\u00a0\u00bb0&Prime; row_reverse_mobile=\u00a0\u00bb0&Prime; row_reverse_tablet=\u00a0\u00bb0&Prime; el_id=\u00a0\u00bbheader-sub-row\u00a0\u00bb][vc_column_inner]\n\t\t<div id=\"wd-66266a73951df\" class=\"title-wrapper wd-wpb set-mb-s reset-last-child  wd-rs-66266a73951df wd-title-color-white wd-title-style-default text-left header-title  wd-underline-colored\">\n\t\t\t\n\t\t\t<div class=\"liner-continer\">\n\t\t\t\t<h1 class=\"woodmart-title-container title  wd-font-weight-700 wd-fontsize-xxxl\" >Politique de Cookies<\/h1>\n\t\t\t\t\t\t\t<\/div>\n\t\t\t\n\t\t\t\n\t\t\t\n\t\t<\/div>\n\t\t\n\t\t[\/vc_column_inner][\/vc_row_inner][\/vc_column][\/vc_row][vc_row css=\u00a0\u00bb.vc_custom_1658320814368{margin-top: 50px !important;}\u00a0\u00bb woodmart_css_id=\u00a0\u00bb62d7f7a3e26ad\u00a0\u00bb responsive_spacing=\u00a0\u00bbeyJwYXJhbV90eXBlIjoid29vZG1hcnRfcmVzcG9uc2l2ZV9zcGFjaW5nIiwic2VsZWN0b3JfaWQiOiI2MmQ3ZjdhM2UyNmFkIiwic2hvcnRjb2RlIjoidmNfcm93IiwiZGF0YSI6eyJ0YWJsZXQiOnt9LCJtb2JpbGUiOnsibWFyZ2luLXRvcCI6IjMwIn19fQ==\u00a0\u00bb mobile_bg_img_hidden=\u00a0\u00bbno\u00a0\u00bb tablet_bg_img_hidden=\u00a0\u00bbno\u00a0\u00bb woodmart_parallax=\u00a0\u00bb0&Prime; woodmart_gradient_switch=\u00a0\u00bbno\u00a0\u00bb woodmart_box_shadow=\u00a0\u00bbno\u00a0\u00bb wd_z_index=\u00a0\u00bbno\u00a0\u00bb woodmart_disable_overflow=\u00a0\u00bb0&Prime; row_reverse_mobile=\u00a0\u00bb0&Prime; row_reverse_tablet=\u00a0\u00bb0&Prime;][vc_column]\t\t<div id=\"wd-63b96863786ac\" class=\"wd-text-block wd-wpb reset-last-child wd-rs-63b96863786ac text-left \">\n\t\t\t<h4>Notre Site Web utilise des Cookies pour Vous distinguer des autres Utilisateurs de Notre Site Web. Cela Nous aide \u00e0 Vous offrir une bonne exp\u00e9rience lorsque Vous naviguez sur Notre Site Web et Nous permet \u00e9galement d\u2019am\u00e9liorer Notre Site Web.<\/h4>\n<h4>Un Cookie est un terme utilis\u00e9 pour d\u00e9signer un petit fichier de lettres et de chiffres qui est plac\u00e9 sur Votre navigateur ou sur le disque dur de Votre ordinateur par le site Internet que Vous visitez.<\/h4>\n<h4>En poursuivant Votre navigation sur ce Site, Vous acceptez Notre utilisation des Cookies.<\/h4>\n\t\t<\/div>\n\t\t\n\t\t<div id=\"wd-62d69f3f03ec8\" class=\"title-wrapper wd-wpb set-mb-s reset-last-child  wd-rs-62d69f3f03ec8 wd-title-color-primary wd-title-style-simple text-left title-newstyle  wd-underline-colored\">\n\t\t\t\n\t\t\t<div class=\"liner-continer\">\n\t\t\t\t<h4 class=\"woodmart-title-container title  wd-font-weight- wd-fontsize-l\" >Notre utilisation des Cookies<\/h4>\n\t\t\t\t\t\t\t<\/div>\n\t\t\t\n\t\t\t\n\t\t\t\n\t\t<\/div>\n\t\t\n\t\t\t\t<div id=\"wd-63b968052ac41\" class=\"wd-text-block wd-wpb reset-last-child wd-rs-63b968052ac41 text-left \">\n\t\t\t<ul>\n<li>Properfees utilise des Cookies aux fins suivantes :<\/li>\n<\/ul>\n<ol>\n<li><span style=\"color: #fc3158;\">Cookies n\u00e9cessaires<\/span> &#8211; Ceux-ci sont utilis\u00e9s \u00e0 des fins techniques. Ces Cookies sont destin\u00e9s \u00e0 garantir que le Site reste fonctionnel.<\/li>\n<li><span style=\"color: #fc3158;\">Cookies de performance et d\u2019analyse<\/span> &#8211; Ceux-ci sont destin\u00e9s \u00e0 des fins de suivi et d\u2019analyse. Ces Cookies servent \u00e0 reconna\u00eetre et \u00e0 compter le nombre de visiteurs et \u00e0 voir comment les visiteurs naviguent sur Notre Site Web. Cela contribue \u00e0 fournir une meilleure exp\u00e9rience du Site Web et \u00e0 am\u00e9liorer le fonctionnement de Notre Site Web.<\/li>\n<li><span style=\"color: #fc3158;\">Cookies de ciblage<\/span> &#8211; Ceux-ci sont utilis\u00e9s \u00e0 des fins publicitaires. Ces Cookies sont destin\u00e9s \u00e0 garantir que des publicit\u00e9s en ligne pertinentes Vous sont d\u00e9livr\u00e9s sur ce Site Web et des tiers.<\/li>\n<\/ol>\n<ul>\n<li>Veuillez noter que des tiers, tels que des services d\u2019analyse de trafic web, peuvent \u00e9galement utiliser des Cookies sur lesquels Nous n\u2019avons aucun contr\u00f4le.<\/li>\n<li>Vous pouvez bloquer ou g\u00e9rer les Cookies en activant le param\u00e9trage de Votre navigateur qui Vous permet de refuser l\u2019installation de tout ou une partie des Cookies. Cependant, Vous ne pourrez peut-\u00eatre pas acc\u00e9der \u00e0 toutes les parties de Notre Site si Vous utilisez les param\u00e8tres de Votre navigateur pour bloquer tous les Cookies.<\/li>\n<\/ul>\n<p>4 mars 2022<\/p>\n\t\t<\/div>\n\t\t[\/vc_column][\/vc_row]<\/p>\n<\/div>","protected":false},"excerpt":{"rendered":"<p>[vc_row full_width=\u00a0\u00bbstretch_row\u00a0\u00bb css=\u00a0\u00bb.vc_custom_1673183302930{margin-bottom: 30px !important;background-image: url(https:\/\/www.properfees.com\/wp-content\/uploads\/2023\/01\/Properfees-image-30.png?id=8566) !important;background-position: center !important;background-repeat: no-repeat !important;background-size: cover !important;}\u00a0\u00bb woodmart_css_id=\u00a0\u00bb63bac03d4cb5e\u00a0\u00bb responsive_spacing=\u00a0\u00bbeyJwYXJhbV90eXBlIjoid29vZG1hcnRfcmVzcG9uc2l2ZV9zcGFjaW5nIiwic2VsZWN0b3JfaWQiOiI2M2JhYzAzZDRjYjVlIiwic2hvcnRjb2RlIjoidmNfcm93IiwiZGF0YSI6eyJ0YWJsZXQiOnt9LCJtb2JpbGUiOnt9fX0=\u00a0\u00bb mobile_bg_img_hidden=\u00a0\u00bbno\u00a0\u00bb tablet_bg_img_hidden=\u00a0\u00bbno\u00a0\u00bb woodmart_parallax=\u00a0\u00bb0&Prime; woodmart_gradient_switch=\u00a0\u00bbno\u00a0\u00bb woodmart_box_shadow=\u00a0\u00bbno\u00a0\u00bb<\/p>\n","protected":false},"author":1,"featured_media":0,"parent":0,"menu_order":0,"comment_status":"closed","ping_status":"closed","template":"","meta":{"footnotes":""},"class_list":["post-6734","page","type-page","status-publish","hentry"],"yoast_head":"<!-- This site is optimized with the Yoast SEO plugin v27.5 - https:\/\/yoast.com\/product\/yoast-seo-wordpress\/ -->\n<title>Politique de Cookies Properfees | Utilisation des Cookies<\/title>\n<meta name=\"description\" content=\"D\u00e9couvrez comment Properfees utilise les cookies pour optimiser votre navigation et g\u00e9rez vos pr\u00e9f\u00e9rences en mati\u00e8re de cookies.\" \/>\n<meta name=\"robots\" content=\"index, follow, max-snippet:-1, max-image-preview:large, max-video-preview:-1\" \/>\n<link rel=\"canonical\" href=\"https:\/\/www.properfees.com\/fr\/politique-de-cookies\/\" \/>\n<meta property=\"og:locale\" content=\"fr_FR\" \/>\n<meta property=\"og:type\" content=\"article\" \/>\n<meta property=\"og:title\" content=\"Politique de Cookies Properfees | Utilisation des Cookies\" \/>\n<meta property=\"og:description\" content=\"D\u00e9couvrez comment Properfees utilise les cookies pour optimiser votre navigation et g\u00e9rez vos pr\u00e9f\u00e9rences en mati\u00e8re de cookies.\" \/>\n<meta property=\"og:url\" content=\"https:\/\/www.properfees.com\/fr\/politique-de-cookies\/\" \/>\n<meta property=\"og:site_name\" content=\"Properfees\" \/>\n<meta property=\"article:modified_time\" content=\"2024-04-22T13:47:43+00:00\" \/>\n<meta name=\"twitter:card\" content=\"summary_large_image\" \/>\n<meta name=\"twitter:label1\" content=\"Dur\u00e9e de lecture estim\u00e9e\" \/>\n\t<meta name=\"twitter:data1\" content=\"2 minutes\" \/>\n<script type=\"application\/ld+json\" class=\"yoast-schema-graph\">{\"@context\":\"https:\\\/\\\/schema.org\",\"@graph\":[{\"@type\":\"WebPage\",\"@id\":\"https:\\\/\\\/www.properfees.com\\\/fr\\\/politique-de-cookies\\\/\",\"url\":\"https:\\\/\\\/www.properfees.com\\\/fr\\\/politique-de-cookies\\\/\",\"name\":\"Politique de Cookies Properfees | Utilisation des Cookies\",\"isPartOf\":{\"@id\":\"https:\\\/\\\/www.properfees.com\\\/fr\\\/#website\"},\"datePublished\":\"2022-07-20T12:39:18+00:00\",\"dateModified\":\"2024-04-22T13:47:43+00:00\",\"description\":\"D\u00e9couvrez comment Properfees utilise les cookies pour optimiser votre navigation et g\u00e9rez vos pr\u00e9f\u00e9rences en mati\u00e8re de cookies.\",\"breadcrumb\":{\"@id\":\"https:\\\/\\\/www.properfees.com\\\/fr\\\/politique-de-cookies\\\/#breadcrumb\"},\"inLanguage\":\"fr-FR\",\"potentialAction\":[{\"@type\":\"ReadAction\",\"target\":[\"https:\\\/\\\/www.properfees.com\\\/fr\\\/politique-de-cookies\\\/\"]}]},{\"@type\":\"BreadcrumbList\",\"@id\":\"https:\\\/\\\/www.properfees.com\\\/fr\\\/politique-de-cookies\\\/#breadcrumb\",\"itemListElement\":[{\"@type\":\"ListItem\",\"position\":1,\"name\":\"Home\",\"item\":\"https:\\\/\\\/www.properfees.com\\\/fr\\\/\"},{\"@type\":\"ListItem\",\"position\":2,\"name\":\"Politique de Cookies\"}]},{\"@type\":\"WebSite\",\"@id\":\"https:\\\/\\\/www.properfees.com\\\/fr\\\/#website\",\"url\":\"https:\\\/\\\/www.properfees.com\\\/fr\\\/\",\"name\":\"Properfees\",\"description\":\"Properties at proper fees\",\"potentialAction\":[{\"@type\":\"SearchAction\",\"target\":{\"@type\":\"EntryPoint\",\"urlTemplate\":\"https:\\\/\\\/www.properfees.com\\\/fr\\\/?s={search_term_string}\"},\"query-input\":{\"@type\":\"PropertyValueSpecification\",\"valueRequired\":true,\"valueName\":\"search_term_string\"}}],\"inLanguage\":\"fr-FR\"}]}<\/script>\n<!-- \/ Yoast SEO plugin. -->","yoast_head_json":{"title":"Politique de Cookies Properfees | Utilisation des Cookies","description":"D\u00e9couvrez comment Properfees utilise les cookies pour optimiser votre navigation et g\u00e9rez vos pr\u00e9f\u00e9rences en mati\u00e8re de cookies.","robots":{"index":"index","follow":"follow","max-snippet":"max-snippet:-1","max-image-preview":"max-image-preview:large","max-video-preview":"max-video-preview:-1"},"canonical":"https:\/\/www.properfees.com\/fr\/politique-de-cookies\/","og_locale":"fr_FR","og_type":"article","og_title":"Politique de Cookies Properfees | Utilisation des Cookies","og_description":"D\u00e9couvrez comment Properfees utilise les cookies pour optimiser votre navigation et g\u00e9rez vos pr\u00e9f\u00e9rences en mati\u00e8re de cookies.","og_url":"https:\/\/www.properfees.com\/fr\/politique-de-cookies\/","og_site_name":"Properfees","article_modified_time":"2024-04-22T13:47:43+00:00","twitter_card":"summary_large_image","twitter_misc":{"Dur\u00e9e de lecture estim\u00e9e":"2 minutes"},"schema":{"@context":"https:\/\/schema.org","@graph":[{"@type":"WebPage","@id":"https:\/\/www.properfees.com\/fr\/politique-de-cookies\/","url":"https:\/\/www.properfees.com\/fr\/politique-de-cookies\/","name":"Politique de Cookies Properfees | Utilisation des Cookies","isPartOf":{"@id":"https:\/\/www.properfees.com\/fr\/#website"},"datePublished":"2022-07-20T12:39:18+00:00","dateModified":"2024-04-22T13:47:43+00:00","description":"D\u00e9couvrez comment Properfees utilise les cookies pour optimiser votre navigation et g\u00e9rez vos pr\u00e9f\u00e9rences en mati\u00e8re de cookies.","breadcrumb":{"@id":"https:\/\/www.properfees.com\/fr\/politique-de-cookies\/#breadcrumb"},"inLanguage":"fr-FR","potentialAction":[{"@type":"ReadAction","target":["https:\/\/www.properfees.com\/fr\/politique-de-cookies\/"]}]},{"@type":"BreadcrumbList","@id":"https:\/\/www.properfees.com\/fr\/politique-de-cookies\/#breadcrumb","itemListElement":[{"@type":"ListItem","position":1,"name":"Home","item":"https:\/\/www.properfees.com\/fr\/"},{"@type":"ListItem","position":2,"name":"Politique de Cookies"}]},{"@type":"WebSite","@id":"https:\/\/www.properfees.com\/fr\/#website","url":"https:\/\/www.properfees.com\/fr\/","name":"Properfees","description":"Properties at proper fees","potentialAction":[{"@type":"SearchAction","target":{"@type":"EntryPoint","urlTemplate":"https:\/\/www.properfees.com\/fr\/?s={search_term_string}"},"query-input":{"@type":"PropertyValueSpecification","valueRequired":true,"valueName":"search_term_string"}}],"inLanguage":"fr-FR"}]}},"_links":{"self":[{"href":"https:\/\/www.properfees.com\/fr\/wp-json\/wp\/v2\/pages\/6734","targetHints":{"allow":["GET"]}}],"collection":[{"href":"https:\/\/www.properfees.com\/fr\/wp-json\/wp\/v2\/pages"}],"about":[{"href":"https:\/\/www.properfees.com\/fr\/wp-json\/wp\/v2\/types\/page"}],"author":[{"embeddable":true,"href":"https:\/\/www.properfees.com\/fr\/wp-json\/wp\/v2\/users\/1"}],"replies":[{"embeddable":true,"href":"https:\/\/www.properfees.com\/fr\/wp-json\/wp\/v2\/comments?post=6734"}],"version-history":[{"count":10,"href":"https:\/\/www.properfees.com\/fr\/wp-json\/wp\/v2\/pages\/6734\/revisions"}],"predecessor-version":[{"id":10753,"href":"https:\/\/www.properfees.com\/fr\/wp-json\/wp\/v2\/pages\/6734\/revisions\/10753"}],"wp:attachment":[{"href":"https:\/\/www.properfees.com\/fr\/wp-json\/wp\/v2\/media?parent=6734"}],"curies":[{"name":"wp","href":"https:\/\/api.w.org\/{rel}","templated":true}]}}