{"id":6144,"date":"2022-07-09T07:28:16","date_gmt":"2022-07-09T07:28:16","guid":{"rendered":"https:\/\/www.properfees.com\/property\/maison-jumelee\/"},"modified":"2022-07-09T07:28:17","modified_gmt":"2022-07-09T07:28:17","slug":"maison-jumelee","status":"publish","type":"product","link":"https:\/\/www.properfees.com\/fr\/property\/maison-jumelee\/","title":{"rendered":"Maison jumel\u00e9e"},"content":{"rendered":"","protected":false},"excerpt":{"rendered":"<p>Properfees a le plaisir de vous proposer cette maison jumel\u00e9e d\u2019une superficie de 150 m\u00b2 ~, r\u00e9partie sur 2 \u00e9tages avec sous-sol et garage, situ\u00e9e \u00e0 Th\u00f4nex \u00e0 quelques minutes de toutes les commodit\u00e9s locales.<\/p>\n<p>La propri\u00e9t\u00e9 pr\u00e9sente un int\u00e9rieur contemporain et comprend un hall d\u2019entr\u00e9e, un s\u00e9jour avec parquet ouvrant sur un jardin expos\u00e9 au sud avec une terrasse de 338 m\u00b2 ~, une cuisine am\u00e9ricaine enti\u00e8rement \u00e9quip\u00e9e et des toilettes invit\u00e9s.<\/p>\n<p>Au premier \u00e9tage se trouvent la chambre principale avec placards encastr\u00e9s et salle de douche compl\u00e8te et privative, une deuxi\u00e8me chambre avec acc\u00e8s \u00e0 une grande terrasse d\u2019environ 25 m\u00b2 ~, une troisi\u00e8me chambre et une salle de bains compl\u00e8te.<\/p>\n<p>La propri\u00e9t\u00e9 b\u00e9n\u00e9ficie en outre d&rsquo;un sous-sol avec une grande salle de jeux, deux pi\u00e8ces de rangement et d&rsquo;un local technique avec buanderie.<\/p>\n<p>Volets automatis\u00e9s dans toute la maison, porte de garage \u00e9lectrique, syst\u00e8me d&rsquo;alarme install\u00e9, Minergie (chauffage et eau chaude par pompe \u00e0 chaleur et panneaux solaires).<\/p>\n","protected":false},"featured_media":6123,"template":"","meta":[],"product_brand":[],"product_cat":[],"product_tag":[],"class_list":{"0":"post-6144","1":"product","2":"type-product","3":"status-publish","4":"has-post-thumbnail","7":"first","8":"instock","9":"shipping-taxable","10":"purchasable","11":"product-type-simple"},"yoast_head":"<!-- This site is optimized with the Yoast SEO plugin v27.5 - https:\/\/yoast.com\/product\/yoast-seo-wordpress\/ -->\n<title>Maison jumel\u00e9e - Properfees<\/title>\n<meta name=\"robots\" content=\"index, follow, max-snippet:-1, max-image-preview:large, max-video-preview:-1\" \/>\n<link rel=\"canonical\" href=\"https:\/\/www.properfees.com\/fr\/property\/maison-jumelee\/\" \/>\n<meta property=\"og:locale\" content=\"fr_FR\" \/>\n<meta property=\"og:type\" content=\"article\" \/>\n<meta property=\"og:title\" content=\"Maison jumel\u00e9e - Properfees\" \/>\n<meta property=\"og:description\" content=\"Properfees a le plaisir de vous proposer cette maison jumel\u00e9e d\u2019une superficie de 150 m\u00b2 ~, r\u00e9partie sur 2 \u00e9tages avec sous-sol et garage, situ\u00e9e \u00e0 Th\u00f4nex \u00e0 quelques minutes de toutes les commodit\u00e9s locales.  La propri\u00e9t\u00e9 pr\u00e9sente un int\u00e9rieur contemporain et comprend un hall d\u2019entr\u00e9e, un s\u00e9jour avec parquet ouvrant sur un jardin expos\u00e9 au sud avec une terrasse de 338 m\u00b2 ~, une cuisine am\u00e9ricaine enti\u00e8rement \u00e9quip\u00e9e et des toilettes invit\u00e9s.  Au premier \u00e9tage se trouvent la chambre principale avec placards encastr\u00e9s et salle de douche compl\u00e8te et privative, une deuxi\u00e8me chambre avec acc\u00e8s \u00e0 une grande terrasse d\u2019environ 25 m\u00b2 ~, une troisi\u00e8me chambre et une salle de bains compl\u00e8te.  La propri\u00e9t\u00e9 b\u00e9n\u00e9ficie en outre d&#039;un sous-sol avec une grande salle de jeux, deux pi\u00e8ces de rangement et d&#039;un local technique avec buanderie.  Volets automatis\u00e9s dans toute la maison, porte de garage \u00e9lectrique, syst\u00e8me d&#039;alarme install\u00e9, Minergie (chauffage et eau chaude par pompe \u00e0 chaleur et panneaux solaires).\" \/>\n<meta property=\"og:url\" content=\"https:\/\/www.properfees.com\/fr\/property\/maison-jumelee\/\" \/>\n<meta property=\"og:site_name\" content=\"Properfees\" \/>\n<meta property=\"article:modified_time\" content=\"2022-07-09T07:28:17+00:00\" \/>\n<meta property=\"og:image\" content=\"https:\/\/www.properfees.com\/wp-content\/uploads\/2022\/07\/188021265361c1976b9ccd14.45590181_764e8d0b93_1920.jpg\" \/>\n\t<meta property=\"og:image:width\" content=\"1920\" \/>\n\t<meta property=\"og:image:height\" content=\"1081\" \/>\n\t<meta property=\"og:image:type\" content=\"image\/jpeg\" \/>\n<meta name=\"twitter:card\" content=\"summary_large_image\" \/>\n<script type=\"application\/ld+json\" class=\"yoast-schema-graph\">{\"@context\":\"https:\\\/\\\/schema.org\",\"@graph\":[{\"@type\":\"WebPage\",\"@id\":\"https:\\\/\\\/www.properfees.com\\\/fr\\\/property\\\/maison-jumelee\\\/\",\"url\":\"https:\\\/\\\/www.properfees.com\\\/fr\\\/property\\\/maison-jumelee\\\/\",\"name\":\"Maison jumel\u00e9e - Properfees\",\"isPartOf\":{\"@id\":\"https:\\\/\\\/www.properfees.com\\\/fr\\\/#website\"},\"primaryImageOfPage\":{\"@id\":\"https:\\\/\\\/www.properfees.com\\\/fr\\\/property\\\/maison-jumelee\\\/#primaryimage\"},\"image\":{\"@id\":\"https:\\\/\\\/www.properfees.com\\\/fr\\\/property\\\/maison-jumelee\\\/#primaryimage\"},\"thumbnailUrl\":\"https:\\\/\\\/www.properfees.com\\\/wp-content\\\/uploads\\\/2022\\\/07\\\/188021265361c1976b9ccd14.45590181_764e8d0b93_1920.jpg\",\"datePublished\":\"2022-07-09T07:28:16+00:00\",\"dateModified\":\"2022-07-09T07:28:17+00:00\",\"breadcrumb\":{\"@id\":\"https:\\\/\\\/www.properfees.com\\\/fr\\\/property\\\/maison-jumelee\\\/#breadcrumb\"},\"inLanguage\":\"fr-FR\",\"potentialAction\":[{\"@type\":\"ReadAction\",\"target\":[\"https:\\\/\\\/www.properfees.com\\\/fr\\\/property\\\/maison-jumelee\\\/\"]}]},{\"@type\":\"ImageObject\",\"inLanguage\":\"fr-FR\",\"@id\":\"https:\\\/\\\/www.properfees.com\\\/fr\\\/property\\\/maison-jumelee\\\/#primaryimage\",\"url\":\"https:\\\/\\\/www.properfees.com\\\/wp-content\\\/uploads\\\/2022\\\/07\\\/188021265361c1976b9ccd14.45590181_764e8d0b93_1920.jpg\",\"contentUrl\":\"https:\\\/\\\/www.properfees.com\\\/wp-content\\\/uploads\\\/2022\\\/07\\\/188021265361c1976b9ccd14.45590181_764e8d0b93_1920.jpg\",\"width\":1920,\"height\":1081},{\"@type\":\"BreadcrumbList\",\"@id\":\"https:\\\/\\\/www.properfees.com\\\/fr\\\/property\\\/maison-jumelee\\\/#breadcrumb\",\"itemListElement\":[{\"@type\":\"ListItem\",\"position\":1,\"name\":\"Home\",\"item\":\"https:\\\/\\\/www.properfees.com\\\/fr\\\/\"},{\"@type\":\"ListItem\",\"position\":2,\"name\":\"Propri\u00e9t\u00e9s\",\"item\":\"https:\\\/\\\/www.properfees.com\\\/fr\\\/proprietes\\\/\"},{\"@type\":\"ListItem\",\"position\":3,\"name\":\"Maison jumel\u00e9e\"}]},{\"@type\":\"WebSite\",\"@id\":\"https:\\\/\\\/www.properfees.com\\\/fr\\\/#website\",\"url\":\"https:\\\/\\\/www.properfees.com\\\/fr\\\/\",\"name\":\"Properfees\",\"description\":\"Properties at proper fees\",\"potentialAction\":[{\"@type\":\"SearchAction\",\"target\":{\"@type\":\"EntryPoint\",\"urlTemplate\":\"https:\\\/\\\/www.properfees.com\\\/fr\\\/?s={search_term_string}\"},\"query-input\":{\"@type\":\"PropertyValueSpecification\",\"valueRequired\":true,\"valueName\":\"search_term_string\"}}],\"inLanguage\":\"fr-FR\"}]}<\/script>\n<!-- \/ Yoast SEO plugin. -->","yoast_head_json":{"title":"Maison jumel\u00e9e - Properfees","robots":{"index":"index","follow":"follow","max-snippet":"max-snippet:-1","max-image-preview":"max-image-preview:large","max-video-preview":"max-video-preview:-1"},"canonical":"https:\/\/www.properfees.com\/fr\/property\/maison-jumelee\/","og_locale":"fr_FR","og_type":"article","og_title":"Maison jumel\u00e9e - Properfees","og_description":"Properfees a le plaisir de vous proposer cette maison jumel\u00e9e d\u2019une superficie de 150 m\u00b2 ~, r\u00e9partie sur 2 \u00e9tages avec sous-sol et garage, situ\u00e9e \u00e0 Th\u00f4nex \u00e0 quelques minutes de toutes les commodit\u00e9s locales.  La propri\u00e9t\u00e9 pr\u00e9sente un int\u00e9rieur contemporain et comprend un hall d\u2019entr\u00e9e, un s\u00e9jour avec parquet ouvrant sur un jardin expos\u00e9 au sud avec une terrasse de 338 m\u00b2 ~, une cuisine am\u00e9ricaine enti\u00e8rement \u00e9quip\u00e9e et des toilettes invit\u00e9s.  Au premier \u00e9tage se trouvent la chambre principale avec placards encastr\u00e9s et salle de douche compl\u00e8te et privative, une deuxi\u00e8me chambre avec acc\u00e8s \u00e0 une grande terrasse d\u2019environ 25 m\u00b2 ~, une troisi\u00e8me chambre et une salle de bains compl\u00e8te.  La propri\u00e9t\u00e9 b\u00e9n\u00e9ficie en outre d'un sous-sol avec une grande salle de jeux, deux pi\u00e8ces de rangement et d'un local technique avec buanderie.  Volets automatis\u00e9s dans toute la maison, porte de garage \u00e9lectrique, syst\u00e8me d'alarme install\u00e9, Minergie (chauffage et eau chaude par pompe \u00e0 chaleur et panneaux solaires).","og_url":"https:\/\/www.properfees.com\/fr\/property\/maison-jumelee\/","og_site_name":"Properfees","article_modified_time":"2022-07-09T07:28:17+00:00","og_image":[{"width":1920,"height":1081,"url":"https:\/\/www.properfees.com\/wp-content\/uploads\/2022\/07\/188021265361c1976b9ccd14.45590181_764e8d0b93_1920.jpg","type":"image\/jpeg"}],"twitter_card":"summary_large_image","schema":{"@context":"https:\/\/schema.org","@graph":[{"@type":"WebPage","@id":"https:\/\/www.properfees.com\/fr\/property\/maison-jumelee\/","url":"https:\/\/www.properfees.com\/fr\/property\/maison-jumelee\/","name":"Maison jumel\u00e9e - Properfees","isPartOf":{"@id":"https:\/\/www.properfees.com\/fr\/#website"},"primaryImageOfPage":{"@id":"https:\/\/www.properfees.com\/fr\/property\/maison-jumelee\/#primaryimage"},"image":{"@id":"https:\/\/www.properfees.com\/fr\/property\/maison-jumelee\/#primaryimage"},"thumbnailUrl":"https:\/\/www.properfees.com\/wp-content\/uploads\/2022\/07\/188021265361c1976b9ccd14.45590181_764e8d0b93_1920.jpg","datePublished":"2022-07-09T07:28:16+00:00","dateModified":"2022-07-09T07:28:17+00:00","breadcrumb":{"@id":"https:\/\/www.properfees.com\/fr\/property\/maison-jumelee\/#breadcrumb"},"inLanguage":"fr-FR","potentialAction":[{"@type":"ReadAction","target":["https:\/\/www.properfees.com\/fr\/property\/maison-jumelee\/"]}]},{"@type":"ImageObject","inLanguage":"fr-FR","@id":"https:\/\/www.properfees.com\/fr\/property\/maison-jumelee\/#primaryimage","url":"https:\/\/www.properfees.com\/wp-content\/uploads\/2022\/07\/188021265361c1976b9ccd14.45590181_764e8d0b93_1920.jpg","contentUrl":"https:\/\/www.properfees.com\/wp-content\/uploads\/2022\/07\/188021265361c1976b9ccd14.45590181_764e8d0b93_1920.jpg","width":1920,"height":1081},{"@type":"BreadcrumbList","@id":"https:\/\/www.properfees.com\/fr\/property\/maison-jumelee\/#breadcrumb","itemListElement":[{"@type":"ListItem","position":1,"name":"Home","item":"https:\/\/www.properfees.com\/fr\/"},{"@type":"ListItem","position":2,"name":"Propri\u00e9t\u00e9s","item":"https:\/\/www.properfees.com\/fr\/proprietes\/"},{"@type":"ListItem","position":3,"name":"Maison jumel\u00e9e"}]},{"@type":"WebSite","@id":"https:\/\/www.properfees.com\/fr\/#website","url":"https:\/\/www.properfees.com\/fr\/","name":"Properfees","description":"Properties at proper fees","potentialAction":[{"@type":"SearchAction","target":{"@type":"EntryPoint","urlTemplate":"https:\/\/www.properfees.com\/fr\/?s={search_term_string}"},"query-input":{"@type":"PropertyValueSpecification","valueRequired":true,"valueName":"search_term_string"}}],"inLanguage":"fr-FR"}]}},"_links":{"self":[{"href":"https:\/\/www.properfees.com\/fr\/wp-json\/wp\/v2\/product\/6144","targetHints":{"allow":["GET"]}}],"collection":[{"href":"https:\/\/www.properfees.com\/fr\/wp-json\/wp\/v2\/product"}],"about":[{"href":"https:\/\/www.properfees.com\/fr\/wp-json\/wp\/v2\/types\/product"}],"wp:featuredmedia":[{"embeddable":true,"href":"https:\/\/www.properfees.com\/fr\/wp-json\/wp\/v2\/media\/6123"}],"wp:attachment":[{"href":"https:\/\/www.properfees.com\/fr\/wp-json\/wp\/v2\/media?parent=6144"}],"wp:term":[{"taxonomy":"product_brand","embeddable":true,"href":"https:\/\/www.properfees.com\/fr\/wp-json\/wp\/v2\/product_brand?post=6144"},{"taxonomy":"product_cat","embeddable":true,"href":"https:\/\/www.properfees.com\/fr\/wp-json\/wp\/v2\/product_cat?post=6144"},{"taxonomy":"product_tag","embeddable":true,"href":"https:\/\/www.properfees.com\/fr\/wp-json\/wp\/v2\/product_tag?post=6144"}],"curies":[{"name":"wp","href":"https:\/\/api.w.org\/{rel}","templated":true}]}}