{"id":6151,"date":"2022-07-09T07:28:20","date_gmt":"2022-07-09T07:28:20","guid":{"rendered":"https:\/\/www.properfees.com\/property\/studio-meuble-avec-service-menage-a-cologny\/"},"modified":"2022-07-09T07:28:20","modified_gmt":"2022-07-09T07:28:20","slug":"studio-meuble-avec-service-menage-a-cologny","status":"publish","type":"product","link":"https:\/\/www.properfees.com\/fr\/property\/studio-meuble-avec-service-menage-a-cologny\/","title":{"rendered":"Studio meubl\u00e9 avec service m\u00e9nage \u00e0 Cologny"},"content":{"rendered":"","protected":false},"excerpt":{"rendered":"<p>Properfees vous pr\u00e9sente un studio enti\u00e8rement meubl\u00e9 situ\u00e9 dans une r\u00e9sidence de choix \u00e0 Cologny.<\/p>\n<p>Ce studio de 40 m\u00b2, r\u00e9cemment d\u00e9cor\u00e9, offre un espace de vie spacieux et lumineux avec de nombreux rangements, une cuisine ouverte enti\u00e8rement \u00e9quip\u00e9e avec un coin repas et une salle de douche avec un espace buanderie.<\/p>\n<p>Il dispose \u00e9galement d&rsquo;une terrasse de 13 m2 avec vue sur le lac, les montagnes et le jardin priv\u00e9 de la r\u00e9sidence. <\/p>\n<p>Un service de m\u00e9nage une fois par semaine (nettoyage, blanchisserie et repassage) est inclus dans le loyer.<\/p>\n<p>De plus, les r\u00e9sidents b\u00e9n\u00e9ficient de l\u2019utilisation exclusive de toute une gamme d\u2019installations sur place, notamment un service de s\u00e9curit\u00e9 24 heures sur 24 et 7 jours sur 7, une piscine, un pool-house, un jardin priv\u00e9 et une salle de fitness.<\/p>\n<p>Place de parking souterrain sur demande ou possibilit\u00e9 de se garer \u00e0 l&rsquo;ext\u00e9rieur de la r\u00e9sidence.<\/p>\n","protected":false},"featured_media":6108,"template":"","meta":[],"product_brand":[],"product_cat":[],"product_tag":[],"class_list":{"0":"post-6151","1":"product","2":"type-product","3":"status-publish","4":"has-post-thumbnail","7":"first","8":"instock","9":"shipping-taxable","10":"purchasable","11":"product-type-simple"},"yoast_head":"<!-- This site is optimized with the Yoast SEO plugin v27.4 - https:\/\/yoast.com\/product\/yoast-seo-wordpress\/ -->\n<title>Studio meubl\u00e9 avec service m\u00e9nage \u00e0 Cologny - Properfees<\/title>\n<meta name=\"robots\" content=\"index, follow, max-snippet:-1, max-image-preview:large, max-video-preview:-1\" \/>\n<link rel=\"canonical\" href=\"https:\/\/www.properfees.com\/fr\/property\/studio-meuble-avec-service-menage-a-cologny\/\" \/>\n<meta property=\"og:locale\" content=\"fr_FR\" \/>\n<meta property=\"og:type\" content=\"article\" \/>\n<meta property=\"og:title\" content=\"Studio meubl\u00e9 avec service m\u00e9nage \u00e0 Cologny - Properfees\" \/>\n<meta property=\"og:description\" content=\"Properfees vous pr\u00e9sente un studio enti\u00e8rement meubl\u00e9 situ\u00e9 dans une r\u00e9sidence de choix \u00e0 Cologny.  Ce studio de 40 m\u00b2, r\u00e9cemment d\u00e9cor\u00e9, offre un espace de vie spacieux et lumineux avec de nombreux rangements, une cuisine ouverte enti\u00e8rement \u00e9quip\u00e9e avec un coin repas et une salle de douche avec un espace buanderie.  Il dispose \u00e9galement d&#039;une terrasse de 13 m2 avec vue sur le lac, les montagnes et le jardin priv\u00e9 de la r\u00e9sidence.   Un service de m\u00e9nage une fois par semaine (nettoyage, blanchisserie et repassage) est inclus dans le loyer.  De plus, les r\u00e9sidents b\u00e9n\u00e9ficient de l\u2019utilisation exclusive de toute une gamme d\u2019installations sur place, notamment un service de s\u00e9curit\u00e9 24 heures sur 24 et 7 jours sur 7, une piscine, un pool-house, un jardin priv\u00e9 et une salle de fitness.  Place de parking souterrain sur demande ou possibilit\u00e9 de se garer \u00e0 l&#039;ext\u00e9rieur de la r\u00e9sidence.\" \/>\n<meta property=\"og:url\" content=\"https:\/\/www.properfees.com\/fr\/property\/studio-meuble-avec-service-menage-a-cologny\/\" \/>\n<meta property=\"og:site_name\" content=\"Properfees\" \/>\n<meta property=\"og:image\" content=\"https:\/\/www.properfees.com\/wp-content\/uploads\/2022\/07\/178949318561c196f185fa27.51945545_4740148440_1920.jpg\" \/>\n\t<meta property=\"og:image:width\" content=\"1920\" \/>\n\t<meta property=\"og:image:height\" content=\"1081\" \/>\n\t<meta property=\"og:image:type\" content=\"image\/jpeg\" \/>\n<meta name=\"twitter:card\" content=\"summary_large_image\" \/>\n<script type=\"application\/ld+json\" class=\"yoast-schema-graph\">{\"@context\":\"https:\\\/\\\/schema.org\",\"@graph\":[{\"@type\":\"WebPage\",\"@id\":\"https:\\\/\\\/www.properfees.com\\\/fr\\\/property\\\/studio-meuble-avec-service-menage-a-cologny\\\/\",\"url\":\"https:\\\/\\\/www.properfees.com\\\/fr\\\/property\\\/studio-meuble-avec-service-menage-a-cologny\\\/\",\"name\":\"Studio meubl\u00e9 avec service m\u00e9nage \u00e0 Cologny - Properfees\",\"isPartOf\":{\"@id\":\"https:\\\/\\\/www.properfees.com\\\/fr\\\/#website\"},\"primaryImageOfPage\":{\"@id\":\"https:\\\/\\\/www.properfees.com\\\/fr\\\/property\\\/studio-meuble-avec-service-menage-a-cologny\\\/#primaryimage\"},\"image\":{\"@id\":\"https:\\\/\\\/www.properfees.com\\\/fr\\\/property\\\/studio-meuble-avec-service-menage-a-cologny\\\/#primaryimage\"},\"thumbnailUrl\":\"https:\\\/\\\/www.properfees.com\\\/wp-content\\\/uploads\\\/2022\\\/07\\\/178949318561c196f185fa27.51945545_4740148440_1920.jpg\",\"datePublished\":\"2022-07-09T07:28:20+00:00\",\"breadcrumb\":{\"@id\":\"https:\\\/\\\/www.properfees.com\\\/fr\\\/property\\\/studio-meuble-avec-service-menage-a-cologny\\\/#breadcrumb\"},\"inLanguage\":\"fr-FR\",\"potentialAction\":[{\"@type\":\"ReadAction\",\"target\":[\"https:\\\/\\\/www.properfees.com\\\/fr\\\/property\\\/studio-meuble-avec-service-menage-a-cologny\\\/\"]}]},{\"@type\":\"ImageObject\",\"inLanguage\":\"fr-FR\",\"@id\":\"https:\\\/\\\/www.properfees.com\\\/fr\\\/property\\\/studio-meuble-avec-service-menage-a-cologny\\\/#primaryimage\",\"url\":\"https:\\\/\\\/www.properfees.com\\\/wp-content\\\/uploads\\\/2022\\\/07\\\/178949318561c196f185fa27.51945545_4740148440_1920.jpg\",\"contentUrl\":\"https:\\\/\\\/www.properfees.com\\\/wp-content\\\/uploads\\\/2022\\\/07\\\/178949318561c196f185fa27.51945545_4740148440_1920.jpg\",\"width\":1920,\"height\":1081},{\"@type\":\"BreadcrumbList\",\"@id\":\"https:\\\/\\\/www.properfees.com\\\/fr\\\/property\\\/studio-meuble-avec-service-menage-a-cologny\\\/#breadcrumb\",\"itemListElement\":[{\"@type\":\"ListItem\",\"position\":1,\"name\":\"Home\",\"item\":\"https:\\\/\\\/www.properfees.com\\\/fr\\\/\"},{\"@type\":\"ListItem\",\"position\":2,\"name\":\"Propri\u00e9t\u00e9s\",\"item\":\"https:\\\/\\\/www.properfees.com\\\/fr\\\/proprietes\\\/\"},{\"@type\":\"ListItem\",\"position\":3,\"name\":\"Studio meubl\u00e9 avec service m\u00e9nage \u00e0 Cologny\"}]},{\"@type\":\"WebSite\",\"@id\":\"https:\\\/\\\/www.properfees.com\\\/fr\\\/#website\",\"url\":\"https:\\\/\\\/www.properfees.com\\\/fr\\\/\",\"name\":\"Properfees\",\"description\":\"Properties at proper fees\",\"potentialAction\":[{\"@type\":\"SearchAction\",\"target\":{\"@type\":\"EntryPoint\",\"urlTemplate\":\"https:\\\/\\\/www.properfees.com\\\/fr\\\/?s={search_term_string}\"},\"query-input\":{\"@type\":\"PropertyValueSpecification\",\"valueRequired\":true,\"valueName\":\"search_term_string\"}}],\"inLanguage\":\"fr-FR\"}]}<\/script>\n<!-- \/ Yoast SEO plugin. -->","yoast_head_json":{"title":"Studio meubl\u00e9 avec service m\u00e9nage \u00e0 Cologny - Properfees","robots":{"index":"index","follow":"follow","max-snippet":"max-snippet:-1","max-image-preview":"max-image-preview:large","max-video-preview":"max-video-preview:-1"},"canonical":"https:\/\/www.properfees.com\/fr\/property\/studio-meuble-avec-service-menage-a-cologny\/","og_locale":"fr_FR","og_type":"article","og_title":"Studio meubl\u00e9 avec service m\u00e9nage \u00e0 Cologny - Properfees","og_description":"Properfees vous pr\u00e9sente un studio enti\u00e8rement meubl\u00e9 situ\u00e9 dans une r\u00e9sidence de choix \u00e0 Cologny.  Ce studio de 40 m\u00b2, r\u00e9cemment d\u00e9cor\u00e9, offre un espace de vie spacieux et lumineux avec de nombreux rangements, une cuisine ouverte enti\u00e8rement \u00e9quip\u00e9e avec un coin repas et une salle de douche avec un espace buanderie.  Il dispose \u00e9galement d'une terrasse de 13 m2 avec vue sur le lac, les montagnes et le jardin priv\u00e9 de la r\u00e9sidence.   Un service de m\u00e9nage une fois par semaine (nettoyage, blanchisserie et repassage) est inclus dans le loyer.  De plus, les r\u00e9sidents b\u00e9n\u00e9ficient de l\u2019utilisation exclusive de toute une gamme d\u2019installations sur place, notamment un service de s\u00e9curit\u00e9 24 heures sur 24 et 7 jours sur 7, une piscine, un pool-house, un jardin priv\u00e9 et une salle de fitness.  Place de parking souterrain sur demande ou possibilit\u00e9 de se garer \u00e0 l'ext\u00e9rieur de la r\u00e9sidence.","og_url":"https:\/\/www.properfees.com\/fr\/property\/studio-meuble-avec-service-menage-a-cologny\/","og_site_name":"Properfees","og_image":[{"width":1920,"height":1081,"url":"https:\/\/www.properfees.com\/wp-content\/uploads\/2022\/07\/178949318561c196f185fa27.51945545_4740148440_1920.jpg","type":"image\/jpeg"}],"twitter_card":"summary_large_image","schema":{"@context":"https:\/\/schema.org","@graph":[{"@type":"WebPage","@id":"https:\/\/www.properfees.com\/fr\/property\/studio-meuble-avec-service-menage-a-cologny\/","url":"https:\/\/www.properfees.com\/fr\/property\/studio-meuble-avec-service-menage-a-cologny\/","name":"Studio meubl\u00e9 avec service m\u00e9nage \u00e0 Cologny - Properfees","isPartOf":{"@id":"https:\/\/www.properfees.com\/fr\/#website"},"primaryImageOfPage":{"@id":"https:\/\/www.properfees.com\/fr\/property\/studio-meuble-avec-service-menage-a-cologny\/#primaryimage"},"image":{"@id":"https:\/\/www.properfees.com\/fr\/property\/studio-meuble-avec-service-menage-a-cologny\/#primaryimage"},"thumbnailUrl":"https:\/\/www.properfees.com\/wp-content\/uploads\/2022\/07\/178949318561c196f185fa27.51945545_4740148440_1920.jpg","datePublished":"2022-07-09T07:28:20+00:00","breadcrumb":{"@id":"https:\/\/www.properfees.com\/fr\/property\/studio-meuble-avec-service-menage-a-cologny\/#breadcrumb"},"inLanguage":"fr-FR","potentialAction":[{"@type":"ReadAction","target":["https:\/\/www.properfees.com\/fr\/property\/studio-meuble-avec-service-menage-a-cologny\/"]}]},{"@type":"ImageObject","inLanguage":"fr-FR","@id":"https:\/\/www.properfees.com\/fr\/property\/studio-meuble-avec-service-menage-a-cologny\/#primaryimage","url":"https:\/\/www.properfees.com\/wp-content\/uploads\/2022\/07\/178949318561c196f185fa27.51945545_4740148440_1920.jpg","contentUrl":"https:\/\/www.properfees.com\/wp-content\/uploads\/2022\/07\/178949318561c196f185fa27.51945545_4740148440_1920.jpg","width":1920,"height":1081},{"@type":"BreadcrumbList","@id":"https:\/\/www.properfees.com\/fr\/property\/studio-meuble-avec-service-menage-a-cologny\/#breadcrumb","itemListElement":[{"@type":"ListItem","position":1,"name":"Home","item":"https:\/\/www.properfees.com\/fr\/"},{"@type":"ListItem","position":2,"name":"Propri\u00e9t\u00e9s","item":"https:\/\/www.properfees.com\/fr\/proprietes\/"},{"@type":"ListItem","position":3,"name":"Studio meubl\u00e9 avec service m\u00e9nage \u00e0 Cologny"}]},{"@type":"WebSite","@id":"https:\/\/www.properfees.com\/fr\/#website","url":"https:\/\/www.properfees.com\/fr\/","name":"Properfees","description":"Properties at proper fees","potentialAction":[{"@type":"SearchAction","target":{"@type":"EntryPoint","urlTemplate":"https:\/\/www.properfees.com\/fr\/?s={search_term_string}"},"query-input":{"@type":"PropertyValueSpecification","valueRequired":true,"valueName":"search_term_string"}}],"inLanguage":"fr-FR"}]}},"_links":{"self":[{"href":"https:\/\/www.properfees.com\/fr\/wp-json\/wp\/v2\/product\/6151","targetHints":{"allow":["GET"]}}],"collection":[{"href":"https:\/\/www.properfees.com\/fr\/wp-json\/wp\/v2\/product"}],"about":[{"href":"https:\/\/www.properfees.com\/fr\/wp-json\/wp\/v2\/types\/product"}],"wp:featuredmedia":[{"embeddable":true,"href":"https:\/\/www.properfees.com\/fr\/wp-json\/wp\/v2\/media\/6108"}],"wp:attachment":[{"href":"https:\/\/www.properfees.com\/fr\/wp-json\/wp\/v2\/media?parent=6151"}],"wp:term":[{"taxonomy":"product_brand","embeddable":true,"href":"https:\/\/www.properfees.com\/fr\/wp-json\/wp\/v2\/product_brand?post=6151"},{"taxonomy":"product_cat","embeddable":true,"href":"https:\/\/www.properfees.com\/fr\/wp-json\/wp\/v2\/product_cat?post=6151"},{"taxonomy":"product_tag","embeddable":true,"href":"https:\/\/www.properfees.com\/fr\/wp-json\/wp\/v2\/product_tag?post=6151"}],"curies":[{"name":"wp","href":"https:\/\/api.w.org\/{rel}","templated":true}]}}