{"id":6171,"date":"2022-07-09T07:28:33","date_gmt":"2022-07-09T07:28:33","guid":{"rendered":"https:\/\/www.properfees.com\/property\/maison-jumelee-par-le-garage\/"},"modified":"2022-07-09T07:28:33","modified_gmt":"2022-07-09T07:28:33","slug":"maison-jumelee-par-le-garage","status":"publish","type":"product","link":"https:\/\/www.properfees.com\/fr\/property\/maison-jumelee-par-le-garage\/","title":{"rendered":"Maison jumel\u00e9e par le garage"},"content":{"rendered":"","protected":false},"excerpt":{"rendered":"<p>Properfees a le plaisir de vous proposer cette maison jumel\u00e9e d\u2019une superficie de 180 m\u00b2 ~, r\u00e9partie sur 2 \u00e9tages avec sous-sol et garage, situ\u00e9e \u00e0 Veyrier \u00e0 quelques minutes de toutes les commodit\u00e9s locales.<\/p>\n<p>Cette propri\u00e9t\u00e9 construite en 2000 comprend un spacieux hall d\u2019entr\u00e9e, un grand s\u00e9jour\/salle \u00e0 manger avec chemin\u00e9e ouvrant sur une terrasse et un jardin de 700 m\u00b2 ~ expos\u00e9 sud-est, une cuisine enti\u00e8rement \u00e9quip\u00e9e et des toilettes invit\u00e9s.<\/p>\n<p>Au premier \u00e9tage se trouvent la chambre principale avec salle de bains compl\u00e8te et privative avec baignoire jacuzzi, deux chambres \u00e0 coucher dont une avec armoires encastr\u00e9es, une quatri\u00e8me chambre ou bureau et une salle de douches compl\u00e8te.<\/p>\n<p>La propri\u00e9t\u00e9 b\u00e9n\u00e9ficie en outre d&rsquo;un sous-sol avec entr\u00e9e ind\u00e9pendante, armoires encastr\u00e9es, une grande salle de jeux ou chambre d&rsquo;amis, une pi\u00e8ce de rangement avec kitchenette, une salle de douches compl\u00e8te, un abri et une buanderie.<\/p>\n<p>L&rsquo;ext\u00e9rieur paisible offre deux belles terrasses, c\u00f4t\u00e9 s\u00e9jour et c\u00f4t\u00e9 cuisine, un jardin, un garage et deux places de parking ext\u00e9rieures.<\/p>\n<p>Disponible le 1er juillet 2020 pour une location longue dur\u00e9e. Le loyer de CHF 5&rsquo;500.-\/mois n&rsquo;est pas n\u00e9gociable. Les charges mensuelles (chauffage, eau et \u00e9lectricit\u00e9) sont de ~CHF 500.-\/mois.<\/p>\n","protected":false},"featured_media":6146,"template":"","meta":[],"product_brand":[],"product_cat":[],"product_tag":[],"class_list":{"0":"post-6171","1":"product","2":"type-product","3":"status-publish","4":"has-post-thumbnail","7":"first","8":"instock","9":"shipping-taxable","10":"purchasable","11":"product-type-simple"},"yoast_head":"<!-- This site is optimized with the Yoast SEO plugin v27.4 - https:\/\/yoast.com\/product\/yoast-seo-wordpress\/ -->\n<title>Maison jumel\u00e9e par le garage - Properfees<\/title>\n<meta name=\"robots\" content=\"index, follow, max-snippet:-1, max-image-preview:large, max-video-preview:-1\" \/>\n<link rel=\"canonical\" href=\"https:\/\/www.properfees.com\/fr\/property\/maison-jumelee-par-le-garage\/\" \/>\n<meta property=\"og:locale\" content=\"fr_FR\" \/>\n<meta property=\"og:type\" content=\"article\" \/>\n<meta property=\"og:title\" content=\"Maison jumel\u00e9e par le garage - Properfees\" \/>\n<meta property=\"og:description\" content=\"Properfees a le plaisir de vous proposer cette maison jumel\u00e9e d\u2019une superficie de 180 m\u00b2 ~, r\u00e9partie sur 2 \u00e9tages avec sous-sol et garage, situ\u00e9e \u00e0 Veyrier \u00e0 quelques minutes de toutes les commodit\u00e9s locales.  Cette propri\u00e9t\u00e9 construite en 2000 comprend un spacieux hall d\u2019entr\u00e9e, un grand s\u00e9jour\/salle \u00e0 manger avec chemin\u00e9e ouvrant sur une terrasse et un jardin de 700 m\u00b2 ~ expos\u00e9 sud-est, une cuisine enti\u00e8rement \u00e9quip\u00e9e et des toilettes invit\u00e9s.  Au premier \u00e9tage se trouvent la chambre principale avec salle de bains compl\u00e8te et privative avec baignoire jacuzzi, deux chambres \u00e0 coucher dont une avec armoires encastr\u00e9es, une quatri\u00e8me chambre ou bureau et une salle de douches compl\u00e8te.  La propri\u00e9t\u00e9 b\u00e9n\u00e9ficie en outre d&#039;un sous-sol avec entr\u00e9e ind\u00e9pendante, armoires encastr\u00e9es, une grande salle de jeux ou chambre d&#039;amis, une pi\u00e8ce de rangement avec kitchenette, une salle de douches compl\u00e8te, un abri et une buanderie.  L&#039;ext\u00e9rieur paisible offre deux belles terrasses, c\u00f4t\u00e9 s\u00e9jour et c\u00f4t\u00e9 cuisine, un jardin, un garage et deux places de parking ext\u00e9rieures.  Disponible le 1er juillet 2020 pour une location longue dur\u00e9e. Le loyer de CHF 5&#039;500.-\/mois n&#039;est pas n\u00e9gociable. Les charges mensuelles (chauffage, eau et \u00e9lectricit\u00e9) sont de ~CHF 500.-\/mois.\" \/>\n<meta property=\"og:url\" content=\"https:\/\/www.properfees.com\/fr\/property\/maison-jumelee-par-le-garage\/\" \/>\n<meta property=\"og:site_name\" content=\"Properfees\" \/>\n<meta property=\"og:image\" content=\"https:\/\/www.properfees.com\/wp-content\/uploads\/2022\/07\/166807541261c197daaac421.05777826_b1b7c87541_1920.jpg\" \/>\n\t<meta property=\"og:image:width\" content=\"1920\" \/>\n\t<meta property=\"og:image:height\" content=\"1081\" \/>\n\t<meta property=\"og:image:type\" content=\"image\/jpeg\" \/>\n<meta name=\"twitter:card\" content=\"summary_large_image\" \/>\n<script type=\"application\/ld+json\" class=\"yoast-schema-graph\">{\"@context\":\"https:\\\/\\\/schema.org\",\"@graph\":[{\"@type\":\"WebPage\",\"@id\":\"https:\\\/\\\/www.properfees.com\\\/fr\\\/property\\\/maison-jumelee-par-le-garage\\\/\",\"url\":\"https:\\\/\\\/www.properfees.com\\\/fr\\\/property\\\/maison-jumelee-par-le-garage\\\/\",\"name\":\"Maison jumel\u00e9e par le garage - Properfees\",\"isPartOf\":{\"@id\":\"https:\\\/\\\/www.properfees.com\\\/fr\\\/#website\"},\"primaryImageOfPage\":{\"@id\":\"https:\\\/\\\/www.properfees.com\\\/fr\\\/property\\\/maison-jumelee-par-le-garage\\\/#primaryimage\"},\"image\":{\"@id\":\"https:\\\/\\\/www.properfees.com\\\/fr\\\/property\\\/maison-jumelee-par-le-garage\\\/#primaryimage\"},\"thumbnailUrl\":\"https:\\\/\\\/www.properfees.com\\\/wp-content\\\/uploads\\\/2022\\\/07\\\/166807541261c197daaac421.05777826_b1b7c87541_1920.jpg\",\"datePublished\":\"2022-07-09T07:28:33+00:00\",\"breadcrumb\":{\"@id\":\"https:\\\/\\\/www.properfees.com\\\/fr\\\/property\\\/maison-jumelee-par-le-garage\\\/#breadcrumb\"},\"inLanguage\":\"fr-FR\",\"potentialAction\":[{\"@type\":\"ReadAction\",\"target\":[\"https:\\\/\\\/www.properfees.com\\\/fr\\\/property\\\/maison-jumelee-par-le-garage\\\/\"]}]},{\"@type\":\"ImageObject\",\"inLanguage\":\"fr-FR\",\"@id\":\"https:\\\/\\\/www.properfees.com\\\/fr\\\/property\\\/maison-jumelee-par-le-garage\\\/#primaryimage\",\"url\":\"https:\\\/\\\/www.properfees.com\\\/wp-content\\\/uploads\\\/2022\\\/07\\\/166807541261c197daaac421.05777826_b1b7c87541_1920.jpg\",\"contentUrl\":\"https:\\\/\\\/www.properfees.com\\\/wp-content\\\/uploads\\\/2022\\\/07\\\/166807541261c197daaac421.05777826_b1b7c87541_1920.jpg\",\"width\":1920,\"height\":1081},{\"@type\":\"BreadcrumbList\",\"@id\":\"https:\\\/\\\/www.properfees.com\\\/fr\\\/property\\\/maison-jumelee-par-le-garage\\\/#breadcrumb\",\"itemListElement\":[{\"@type\":\"ListItem\",\"position\":1,\"name\":\"Home\",\"item\":\"https:\\\/\\\/www.properfees.com\\\/fr\\\/\"},{\"@type\":\"ListItem\",\"position\":2,\"name\":\"Propri\u00e9t\u00e9s\",\"item\":\"https:\\\/\\\/www.properfees.com\\\/fr\\\/proprietes\\\/\"},{\"@type\":\"ListItem\",\"position\":3,\"name\":\"Maison jumel\u00e9e par le garage\"}]},{\"@type\":\"WebSite\",\"@id\":\"https:\\\/\\\/www.properfees.com\\\/fr\\\/#website\",\"url\":\"https:\\\/\\\/www.properfees.com\\\/fr\\\/\",\"name\":\"Properfees\",\"description\":\"Properties at proper fees\",\"potentialAction\":[{\"@type\":\"SearchAction\",\"target\":{\"@type\":\"EntryPoint\",\"urlTemplate\":\"https:\\\/\\\/www.properfees.com\\\/fr\\\/?s={search_term_string}\"},\"query-input\":{\"@type\":\"PropertyValueSpecification\",\"valueRequired\":true,\"valueName\":\"search_term_string\"}}],\"inLanguage\":\"fr-FR\"}]}<\/script>\n<!-- \/ Yoast SEO plugin. -->","yoast_head_json":{"title":"Maison jumel\u00e9e par le garage - Properfees","robots":{"index":"index","follow":"follow","max-snippet":"max-snippet:-1","max-image-preview":"max-image-preview:large","max-video-preview":"max-video-preview:-1"},"canonical":"https:\/\/www.properfees.com\/fr\/property\/maison-jumelee-par-le-garage\/","og_locale":"fr_FR","og_type":"article","og_title":"Maison jumel\u00e9e par le garage - Properfees","og_description":"Properfees a le plaisir de vous proposer cette maison jumel\u00e9e d\u2019une superficie de 180 m\u00b2 ~, r\u00e9partie sur 2 \u00e9tages avec sous-sol et garage, situ\u00e9e \u00e0 Veyrier \u00e0 quelques minutes de toutes les commodit\u00e9s locales.  Cette propri\u00e9t\u00e9 construite en 2000 comprend un spacieux hall d\u2019entr\u00e9e, un grand s\u00e9jour\/salle \u00e0 manger avec chemin\u00e9e ouvrant sur une terrasse et un jardin de 700 m\u00b2 ~ expos\u00e9 sud-est, une cuisine enti\u00e8rement \u00e9quip\u00e9e et des toilettes invit\u00e9s.  Au premier \u00e9tage se trouvent la chambre principale avec salle de bains compl\u00e8te et privative avec baignoire jacuzzi, deux chambres \u00e0 coucher dont une avec armoires encastr\u00e9es, une quatri\u00e8me chambre ou bureau et une salle de douches compl\u00e8te.  La propri\u00e9t\u00e9 b\u00e9n\u00e9ficie en outre d'un sous-sol avec entr\u00e9e ind\u00e9pendante, armoires encastr\u00e9es, une grande salle de jeux ou chambre d'amis, une pi\u00e8ce de rangement avec kitchenette, une salle de douches compl\u00e8te, un abri et une buanderie.  L'ext\u00e9rieur paisible offre deux belles terrasses, c\u00f4t\u00e9 s\u00e9jour et c\u00f4t\u00e9 cuisine, un jardin, un garage et deux places de parking ext\u00e9rieures.  Disponible le 1er juillet 2020 pour une location longue dur\u00e9e. Le loyer de CHF 5'500.-\/mois n'est pas n\u00e9gociable. Les charges mensuelles (chauffage, eau et \u00e9lectricit\u00e9) sont de ~CHF 500.-\/mois.","og_url":"https:\/\/www.properfees.com\/fr\/property\/maison-jumelee-par-le-garage\/","og_site_name":"Properfees","og_image":[{"width":1920,"height":1081,"url":"https:\/\/www.properfees.com\/wp-content\/uploads\/2022\/07\/166807541261c197daaac421.05777826_b1b7c87541_1920.jpg","type":"image\/jpeg"}],"twitter_card":"summary_large_image","schema":{"@context":"https:\/\/schema.org","@graph":[{"@type":"WebPage","@id":"https:\/\/www.properfees.com\/fr\/property\/maison-jumelee-par-le-garage\/","url":"https:\/\/www.properfees.com\/fr\/property\/maison-jumelee-par-le-garage\/","name":"Maison jumel\u00e9e par le garage - Properfees","isPartOf":{"@id":"https:\/\/www.properfees.com\/fr\/#website"},"primaryImageOfPage":{"@id":"https:\/\/www.properfees.com\/fr\/property\/maison-jumelee-par-le-garage\/#primaryimage"},"image":{"@id":"https:\/\/www.properfees.com\/fr\/property\/maison-jumelee-par-le-garage\/#primaryimage"},"thumbnailUrl":"https:\/\/www.properfees.com\/wp-content\/uploads\/2022\/07\/166807541261c197daaac421.05777826_b1b7c87541_1920.jpg","datePublished":"2022-07-09T07:28:33+00:00","breadcrumb":{"@id":"https:\/\/www.properfees.com\/fr\/property\/maison-jumelee-par-le-garage\/#breadcrumb"},"inLanguage":"fr-FR","potentialAction":[{"@type":"ReadAction","target":["https:\/\/www.properfees.com\/fr\/property\/maison-jumelee-par-le-garage\/"]}]},{"@type":"ImageObject","inLanguage":"fr-FR","@id":"https:\/\/www.properfees.com\/fr\/property\/maison-jumelee-par-le-garage\/#primaryimage","url":"https:\/\/www.properfees.com\/wp-content\/uploads\/2022\/07\/166807541261c197daaac421.05777826_b1b7c87541_1920.jpg","contentUrl":"https:\/\/www.properfees.com\/wp-content\/uploads\/2022\/07\/166807541261c197daaac421.05777826_b1b7c87541_1920.jpg","width":1920,"height":1081},{"@type":"BreadcrumbList","@id":"https:\/\/www.properfees.com\/fr\/property\/maison-jumelee-par-le-garage\/#breadcrumb","itemListElement":[{"@type":"ListItem","position":1,"name":"Home","item":"https:\/\/www.properfees.com\/fr\/"},{"@type":"ListItem","position":2,"name":"Propri\u00e9t\u00e9s","item":"https:\/\/www.properfees.com\/fr\/proprietes\/"},{"@type":"ListItem","position":3,"name":"Maison jumel\u00e9e par le garage"}]},{"@type":"WebSite","@id":"https:\/\/www.properfees.com\/fr\/#website","url":"https:\/\/www.properfees.com\/fr\/","name":"Properfees","description":"Properties at proper fees","potentialAction":[{"@type":"SearchAction","target":{"@type":"EntryPoint","urlTemplate":"https:\/\/www.properfees.com\/fr\/?s={search_term_string}"},"query-input":{"@type":"PropertyValueSpecification","valueRequired":true,"valueName":"search_term_string"}}],"inLanguage":"fr-FR"}]}},"_links":{"self":[{"href":"https:\/\/www.properfees.com\/fr\/wp-json\/wp\/v2\/product\/6171","targetHints":{"allow":["GET"]}}],"collection":[{"href":"https:\/\/www.properfees.com\/fr\/wp-json\/wp\/v2\/product"}],"about":[{"href":"https:\/\/www.properfees.com\/fr\/wp-json\/wp\/v2\/types\/product"}],"wp:featuredmedia":[{"embeddable":true,"href":"https:\/\/www.properfees.com\/fr\/wp-json\/wp\/v2\/media\/6146"}],"wp:attachment":[{"href":"https:\/\/www.properfees.com\/fr\/wp-json\/wp\/v2\/media?parent=6171"}],"wp:term":[{"taxonomy":"product_brand","embeddable":true,"href":"https:\/\/www.properfees.com\/fr\/wp-json\/wp\/v2\/product_brand?post=6171"},{"taxonomy":"product_cat","embeddable":true,"href":"https:\/\/www.properfees.com\/fr\/wp-json\/wp\/v2\/product_cat?post=6171"},{"taxonomy":"product_tag","embeddable":true,"href":"https:\/\/www.properfees.com\/fr\/wp-json\/wp\/v2\/product_tag?post=6171"}],"curies":[{"name":"wp","href":"https:\/\/api.w.org\/{rel}","templated":true}]}}