{"id":6175,"date":"2022-07-09T07:28:35","date_gmt":"2022-07-09T07:28:35","guid":{"rendered":"https:\/\/www.properfees.com\/property\/maison-individuelle-de-8-pieces\/"},"modified":"2022-07-09T07:28:35","modified_gmt":"2022-07-09T07:28:35","slug":"maison-individuelle-de-8-pieces","status":"publish","type":"product","link":"https:\/\/www.properfees.com\/fr\/property\/maison-individuelle-de-8-pieces\/","title":{"rendered":"Maison individuelle de 8 pi\u00e8ces"},"content":{"rendered":"","protected":false},"excerpt":{"rendered":"<p>Properfees vous pr\u00e9sente cette maison individuelle d&rsquo;environ 200m2 habitables \u00e0 Versoix, situ\u00e9 dans un quartier r\u00e9sidentiel et au calme, tout en \u00e9tant proche des commodit\u00e9s et des \u00e9coles.<\/p>\n<p>La maison se dispose comme suit :<\/p>\n<p>Rez-de-chauss\u00e9e<br \/>\n&#8211; Une grande cuisine donnant sur la terrasse<br \/>\n&#8211; Un vaste s\u00e9jour avec chemin\u00e9e et salle \u00e0 manger acc\u00e9dant \u00e0 la terrasse<br \/>\n&#8211; Une chambre \u00e0 coucher avec armoires encastr\u00e9es<br \/>\n&#8211; Une chambre \u00e0 coucher avec salle de bains compl\u00e8te en suite<br \/>\n&#8211; Une salle de douche compl\u00e8te<\/p>\n<p>1er \u00e9tage<br \/>\nGrande pi\u00e8ce pouvant \u00eatre utilis\u00e9e comme chambre parentale ou bureau avec salle de bains compl\u00e8te en suite <\/p>\n<p>Sous-sol excav\u00e9<br \/>\n&#8211; Buanderie et local technique<br \/>\n&#8211; Deux chambres \u00e0 coucher<br \/>\n&#8211; Une salle de bains compl\u00e8te<br \/>\n&#8211; Une salle de jeux ou chambre \u00e0 coucher avec acc\u00e8s ind\u00e9pendant donnant sur le jardin<\/p>\n<p>Un box ferm\u00e9 et trois places de parking ext\u00e9rieures compl\u00e8tent ce bien.<\/p>\n","protected":false},"featured_media":6173,"template":"","meta":[],"product_brand":[],"product_cat":[],"product_tag":[],"class_list":{"0":"post-6175","1":"product","2":"type-product","3":"status-publish","4":"has-post-thumbnail","7":"first","8":"instock","9":"shipping-taxable","10":"purchasable","11":"product-type-simple"},"yoast_head":"<!-- This site is optimized with the Yoast SEO plugin v27.5 - https:\/\/yoast.com\/product\/yoast-seo-wordpress\/ -->\n<title>Maison individuelle de 8 pi\u00e8ces - Properfees<\/title>\n<meta name=\"robots\" content=\"index, follow, max-snippet:-1, max-image-preview:large, max-video-preview:-1\" \/>\n<link rel=\"canonical\" href=\"https:\/\/www.properfees.com\/fr\/property\/maison-individuelle-de-8-pieces\/\" \/>\n<meta property=\"og:locale\" content=\"fr_FR\" \/>\n<meta property=\"og:type\" content=\"article\" \/>\n<meta property=\"og:title\" content=\"Maison individuelle de 8 pi\u00e8ces - Properfees\" \/>\n<meta property=\"og:description\" content=\"Properfees vous pr\u00e9sente cette maison individuelle d&#039;environ 200m2 habitables \u00e0 Versoix, situ\u00e9 dans un quartier r\u00e9sidentiel et au calme, tout en \u00e9tant proche des commodit\u00e9s et des \u00e9coles.  La maison se dispose comme suit :  Rez-de-chauss\u00e9e - Une grande cuisine donnant sur la terrasse - Un vaste s\u00e9jour avec chemin\u00e9e et salle \u00e0 manger acc\u00e9dant \u00e0 la terrasse - Une chambre \u00e0 coucher avec armoires encastr\u00e9es - Une chambre \u00e0 coucher avec salle de bains compl\u00e8te en suite  - Une salle de douche compl\u00e8te  1er \u00e9tage  Grande pi\u00e8ce pouvant \u00eatre utilis\u00e9e comme chambre parentale ou bureau avec salle de bains compl\u00e8te en suite   Sous-sol excav\u00e9  - Buanderie et local technique - Deux chambres \u00e0 coucher - Une salle de bains compl\u00e8te - Une salle de jeux ou chambre \u00e0 coucher avec acc\u00e8s ind\u00e9pendant donnant sur le jardin  Un box ferm\u00e9 et trois places de parking ext\u00e9rieures compl\u00e8tent ce bien.\" \/>\n<meta property=\"og:url\" content=\"https:\/\/www.properfees.com\/fr\/property\/maison-individuelle-de-8-pieces\/\" \/>\n<meta property=\"og:site_name\" content=\"Properfees\" \/>\n<meta property=\"og:image\" content=\"https:\/\/www.properfees.com\/wp-content\/uploads\/2022\/07\/15572611261c19865014725.43591201_3b55685613_1920.jpg\" \/>\n\t<meta property=\"og:image:width\" content=\"1920\" \/>\n\t<meta property=\"og:image:height\" content=\"1081\" \/>\n\t<meta property=\"og:image:type\" content=\"image\/jpeg\" \/>\n<meta name=\"twitter:card\" content=\"summary_large_image\" \/>\n<script type=\"application\/ld+json\" class=\"yoast-schema-graph\">{\"@context\":\"https:\\\/\\\/schema.org\",\"@graph\":[{\"@type\":\"WebPage\",\"@id\":\"https:\\\/\\\/www.properfees.com\\\/fr\\\/property\\\/maison-individuelle-de-8-pieces\\\/\",\"url\":\"https:\\\/\\\/www.properfees.com\\\/fr\\\/property\\\/maison-individuelle-de-8-pieces\\\/\",\"name\":\"Maison individuelle de 8 pi\u00e8ces - Properfees\",\"isPartOf\":{\"@id\":\"https:\\\/\\\/www.properfees.com\\\/fr\\\/#website\"},\"primaryImageOfPage\":{\"@id\":\"https:\\\/\\\/www.properfees.com\\\/fr\\\/property\\\/maison-individuelle-de-8-pieces\\\/#primaryimage\"},\"image\":{\"@id\":\"https:\\\/\\\/www.properfees.com\\\/fr\\\/property\\\/maison-individuelle-de-8-pieces\\\/#primaryimage\"},\"thumbnailUrl\":\"https:\\\/\\\/www.properfees.com\\\/wp-content\\\/uploads\\\/2022\\\/07\\\/15572611261c19865014725.43591201_3b55685613_1920.jpg\",\"datePublished\":\"2022-07-09T07:28:35+00:00\",\"breadcrumb\":{\"@id\":\"https:\\\/\\\/www.properfees.com\\\/fr\\\/property\\\/maison-individuelle-de-8-pieces\\\/#breadcrumb\"},\"inLanguage\":\"fr-FR\",\"potentialAction\":[{\"@type\":\"ReadAction\",\"target\":[\"https:\\\/\\\/www.properfees.com\\\/fr\\\/property\\\/maison-individuelle-de-8-pieces\\\/\"]}]},{\"@type\":\"ImageObject\",\"inLanguage\":\"fr-FR\",\"@id\":\"https:\\\/\\\/www.properfees.com\\\/fr\\\/property\\\/maison-individuelle-de-8-pieces\\\/#primaryimage\",\"url\":\"https:\\\/\\\/www.properfees.com\\\/wp-content\\\/uploads\\\/2022\\\/07\\\/15572611261c19865014725.43591201_3b55685613_1920.jpg\",\"contentUrl\":\"https:\\\/\\\/www.properfees.com\\\/wp-content\\\/uploads\\\/2022\\\/07\\\/15572611261c19865014725.43591201_3b55685613_1920.jpg\",\"width\":1920,\"height\":1081},{\"@type\":\"BreadcrumbList\",\"@id\":\"https:\\\/\\\/www.properfees.com\\\/fr\\\/property\\\/maison-individuelle-de-8-pieces\\\/#breadcrumb\",\"itemListElement\":[{\"@type\":\"ListItem\",\"position\":1,\"name\":\"Home\",\"item\":\"https:\\\/\\\/www.properfees.com\\\/fr\\\/\"},{\"@type\":\"ListItem\",\"position\":2,\"name\":\"Propri\u00e9t\u00e9s\",\"item\":\"https:\\\/\\\/www.properfees.com\\\/fr\\\/proprietes\\\/\"},{\"@type\":\"ListItem\",\"position\":3,\"name\":\"Maison individuelle de 8 pi\u00e8ces\"}]},{\"@type\":\"WebSite\",\"@id\":\"https:\\\/\\\/www.properfees.com\\\/fr\\\/#website\",\"url\":\"https:\\\/\\\/www.properfees.com\\\/fr\\\/\",\"name\":\"Properfees\",\"description\":\"Properties at proper fees\",\"potentialAction\":[{\"@type\":\"SearchAction\",\"target\":{\"@type\":\"EntryPoint\",\"urlTemplate\":\"https:\\\/\\\/www.properfees.com\\\/fr\\\/?s={search_term_string}\"},\"query-input\":{\"@type\":\"PropertyValueSpecification\",\"valueRequired\":true,\"valueName\":\"search_term_string\"}}],\"inLanguage\":\"fr-FR\"}]}<\/script>\n<!-- \/ Yoast SEO plugin. -->","yoast_head_json":{"title":"Maison individuelle de 8 pi\u00e8ces - Properfees","robots":{"index":"index","follow":"follow","max-snippet":"max-snippet:-1","max-image-preview":"max-image-preview:large","max-video-preview":"max-video-preview:-1"},"canonical":"https:\/\/www.properfees.com\/fr\/property\/maison-individuelle-de-8-pieces\/","og_locale":"fr_FR","og_type":"article","og_title":"Maison individuelle de 8 pi\u00e8ces - Properfees","og_description":"Properfees vous pr\u00e9sente cette maison individuelle d'environ 200m2 habitables \u00e0 Versoix, situ\u00e9 dans un quartier r\u00e9sidentiel et au calme, tout en \u00e9tant proche des commodit\u00e9s et des \u00e9coles.  La maison se dispose comme suit :  Rez-de-chauss\u00e9e - Une grande cuisine donnant sur la terrasse - Un vaste s\u00e9jour avec chemin\u00e9e et salle \u00e0 manger acc\u00e9dant \u00e0 la terrasse - Une chambre \u00e0 coucher avec armoires encastr\u00e9es - Une chambre \u00e0 coucher avec salle de bains compl\u00e8te en suite  - Une salle de douche compl\u00e8te  1er \u00e9tage  Grande pi\u00e8ce pouvant \u00eatre utilis\u00e9e comme chambre parentale ou bureau avec salle de bains compl\u00e8te en suite   Sous-sol excav\u00e9  - Buanderie et local technique - Deux chambres \u00e0 coucher - Une salle de bains compl\u00e8te - Une salle de jeux ou chambre \u00e0 coucher avec acc\u00e8s ind\u00e9pendant donnant sur le jardin  Un box ferm\u00e9 et trois places de parking ext\u00e9rieures compl\u00e8tent ce bien.","og_url":"https:\/\/www.properfees.com\/fr\/property\/maison-individuelle-de-8-pieces\/","og_site_name":"Properfees","og_image":[{"width":1920,"height":1081,"url":"https:\/\/www.properfees.com\/wp-content\/uploads\/2022\/07\/15572611261c19865014725.43591201_3b55685613_1920.jpg","type":"image\/jpeg"}],"twitter_card":"summary_large_image","schema":{"@context":"https:\/\/schema.org","@graph":[{"@type":"WebPage","@id":"https:\/\/www.properfees.com\/fr\/property\/maison-individuelle-de-8-pieces\/","url":"https:\/\/www.properfees.com\/fr\/property\/maison-individuelle-de-8-pieces\/","name":"Maison individuelle de 8 pi\u00e8ces - Properfees","isPartOf":{"@id":"https:\/\/www.properfees.com\/fr\/#website"},"primaryImageOfPage":{"@id":"https:\/\/www.properfees.com\/fr\/property\/maison-individuelle-de-8-pieces\/#primaryimage"},"image":{"@id":"https:\/\/www.properfees.com\/fr\/property\/maison-individuelle-de-8-pieces\/#primaryimage"},"thumbnailUrl":"https:\/\/www.properfees.com\/wp-content\/uploads\/2022\/07\/15572611261c19865014725.43591201_3b55685613_1920.jpg","datePublished":"2022-07-09T07:28:35+00:00","breadcrumb":{"@id":"https:\/\/www.properfees.com\/fr\/property\/maison-individuelle-de-8-pieces\/#breadcrumb"},"inLanguage":"fr-FR","potentialAction":[{"@type":"ReadAction","target":["https:\/\/www.properfees.com\/fr\/property\/maison-individuelle-de-8-pieces\/"]}]},{"@type":"ImageObject","inLanguage":"fr-FR","@id":"https:\/\/www.properfees.com\/fr\/property\/maison-individuelle-de-8-pieces\/#primaryimage","url":"https:\/\/www.properfees.com\/wp-content\/uploads\/2022\/07\/15572611261c19865014725.43591201_3b55685613_1920.jpg","contentUrl":"https:\/\/www.properfees.com\/wp-content\/uploads\/2022\/07\/15572611261c19865014725.43591201_3b55685613_1920.jpg","width":1920,"height":1081},{"@type":"BreadcrumbList","@id":"https:\/\/www.properfees.com\/fr\/property\/maison-individuelle-de-8-pieces\/#breadcrumb","itemListElement":[{"@type":"ListItem","position":1,"name":"Home","item":"https:\/\/www.properfees.com\/fr\/"},{"@type":"ListItem","position":2,"name":"Propri\u00e9t\u00e9s","item":"https:\/\/www.properfees.com\/fr\/proprietes\/"},{"@type":"ListItem","position":3,"name":"Maison individuelle de 8 pi\u00e8ces"}]},{"@type":"WebSite","@id":"https:\/\/www.properfees.com\/fr\/#website","url":"https:\/\/www.properfees.com\/fr\/","name":"Properfees","description":"Properties at proper fees","potentialAction":[{"@type":"SearchAction","target":{"@type":"EntryPoint","urlTemplate":"https:\/\/www.properfees.com\/fr\/?s={search_term_string}"},"query-input":{"@type":"PropertyValueSpecification","valueRequired":true,"valueName":"search_term_string"}}],"inLanguage":"fr-FR"}]}},"_links":{"self":[{"href":"https:\/\/www.properfees.com\/fr\/wp-json\/wp\/v2\/product\/6175","targetHints":{"allow":["GET"]}}],"collection":[{"href":"https:\/\/www.properfees.com\/fr\/wp-json\/wp\/v2\/product"}],"about":[{"href":"https:\/\/www.properfees.com\/fr\/wp-json\/wp\/v2\/types\/product"}],"wp:featuredmedia":[{"embeddable":true,"href":"https:\/\/www.properfees.com\/fr\/wp-json\/wp\/v2\/media\/6173"}],"wp:attachment":[{"href":"https:\/\/www.properfees.com\/fr\/wp-json\/wp\/v2\/media?parent=6175"}],"wp:term":[{"taxonomy":"product_brand","embeddable":true,"href":"https:\/\/www.properfees.com\/fr\/wp-json\/wp\/v2\/product_brand?post=6175"},{"taxonomy":"product_cat","embeddable":true,"href":"https:\/\/www.properfees.com\/fr\/wp-json\/wp\/v2\/product_cat?post=6175"},{"taxonomy":"product_tag","embeddable":true,"href":"https:\/\/www.properfees.com\/fr\/wp-json\/wp\/v2\/product_tag?post=6175"}],"curies":[{"name":"wp","href":"https:\/\/api.w.org\/{rel}","templated":true}]}}