{"id":6236,"date":"2022-07-09T07:29:33","date_gmt":"2022-07-09T07:29:33","guid":{"rendered":"https:\/\/www.properfees.com\/property\/appartement-de-4-5-pieces\/"},"modified":"2022-07-09T07:29:34","modified_gmt":"2022-07-09T07:29:34","slug":"appartement-de-4-5-pieces","status":"publish","type":"product","link":"https:\/\/www.properfees.com\/fr\/property\/appartement-de-4-5-pieces\/","title":{"rendered":"Appartement de 4.5 pi\u00e8ces"},"content":{"rendered":"","protected":false},"excerpt":{"rendered":"<p>Properfees vous pr\u00e9sente un appartement de 4.5 pi\u00e8ces au premier \u00e9tage d&rsquo;un immeuble situ\u00e9 \u00e0 Versoix, \u00e0 11 kilom\u00e8tres au nord du centre ville de Gen\u00e8ve.<\/p>\n<p>L&rsquo;appartement de 83.6m2 PPE a \u00e9t\u00e9 enti\u00e8rement r\u00e9nov\u00e9 entre 2006 et 2008 et offre un hall d&rsquo;entr\u00e9e, deux chambres \u00e0 coucher, un s\u00e9jour, une cuisine agenc\u00e9e, une salle de bains compl\u00e8te et un r\u00e9duit avec \u00e9tag\u00e8res, comprenant un emplacement pour lave\/s\u00e8che linges.<\/p>\n<p>Il b\u00e9n\u00e9ficie d&rsquo;une orientation ouest et dispose d&rsquo;un grand balcon de 10.9m2 PPE accessible par le s\u00e9jour, la cuisine et par la chambre \u00e0 coucher principale.<\/p>\n<p>Une grande cave au rez-de-chauss\u00e9e compl\u00e8te ce bien. Une buanderie communale est \u00e0 disposition des r\u00e9sidents de l&rsquo;all\u00e9e concern\u00e9e. Les charges chauffage, eau chaude et PPE s&rsquo;\u00e9l\u00e8vent \u00e0 CHF 513.-\/mois.<\/p>\n<p>Possibilit\u00e9 de louer une place de parking ou un box en sous-sol, ou stationnement en zone bleue aux alentours. <\/p>\n<p>La gare ferroviaire de Pont-C\u00e9ard, avec des connexions r\u00e9guli\u00e8res au centre ville de Gen\u00e8ve, se situe \u00e0 10 minutes \u00e0 pieds de l&rsquo;appartement. La for\u00eat avoisinante offrant des chemins propice aux promenades \u00e0 pied et en v\u00e9lo, l&rsquo;appartement s\u00e9duira les amateurs de la nature.<\/p>\n","protected":false},"featured_media":6193,"template":"","meta":[],"product_brand":[],"product_cat":[],"product_tag":[],"class_list":{"0":"post-6236","1":"product","2":"type-product","3":"status-publish","4":"has-post-thumbnail","7":"first","8":"instock","9":"shipping-taxable","10":"purchasable","11":"product-type-simple"},"yoast_head":"<!-- This site is optimized with the Yoast SEO plugin v27.5 - https:\/\/yoast.com\/product\/yoast-seo-wordpress\/ -->\n<title>Appartement de 4.5 pi\u00e8ces - Properfees<\/title>\n<meta name=\"robots\" content=\"index, follow, max-snippet:-1, max-image-preview:large, max-video-preview:-1\" \/>\n<link rel=\"canonical\" href=\"https:\/\/www.properfees.com\/fr\/property\/appartement-de-4-5-pieces\/\" \/>\n<meta property=\"og:locale\" content=\"fr_FR\" \/>\n<meta property=\"og:type\" content=\"article\" \/>\n<meta property=\"og:title\" content=\"Appartement de 4.5 pi\u00e8ces - Properfees\" \/>\n<meta property=\"og:description\" content=\"Properfees vous pr\u00e9sente un appartement de 4.5 pi\u00e8ces au premier \u00e9tage d&#039;un immeuble situ\u00e9 \u00e0 Versoix, \u00e0 11 kilom\u00e8tres au nord du centre ville de Gen\u00e8ve.  L&#039;appartement de 83.6m2 PPE a \u00e9t\u00e9 enti\u00e8rement r\u00e9nov\u00e9 entre 2006 et 2008 et offre un hall d&#039;entr\u00e9e, deux chambres \u00e0 coucher, un s\u00e9jour, une cuisine agenc\u00e9e, une salle de bains compl\u00e8te et un r\u00e9duit avec \u00e9tag\u00e8res, comprenant un emplacement pour lave\/s\u00e8che linges.  Il b\u00e9n\u00e9ficie d&#039;une orientation ouest et dispose d&#039;un grand balcon de 10.9m2 PPE accessible par le s\u00e9jour, la cuisine et par la chambre \u00e0 coucher principale.  Une grande cave au rez-de-chauss\u00e9e compl\u00e8te ce bien. Une buanderie communale est \u00e0 disposition des r\u00e9sidents de l&#039;all\u00e9e concern\u00e9e. Les charges chauffage, eau chaude et PPE s&#039;\u00e9l\u00e8vent \u00e0 CHF 513.-\/mois.  Possibilit\u00e9 de louer une place de parking ou un box en sous-sol, ou stationnement en zone bleue aux alentours.   La gare ferroviaire de Pont-C\u00e9ard, avec des connexions r\u00e9guli\u00e8res au centre ville de Gen\u00e8ve, se situe \u00e0 10 minutes \u00e0 pieds de l&#039;appartement. La for\u00eat avoisinante offrant des chemins propice aux promenades \u00e0 pied et en v\u00e9lo, l&#039;appartement s\u00e9duira les amateurs de la nature.\" \/>\n<meta property=\"og:url\" content=\"https:\/\/www.properfees.com\/fr\/property\/appartement-de-4-5-pieces\/\" \/>\n<meta property=\"og:site_name\" content=\"Properfees\" \/>\n<meta property=\"article:modified_time\" content=\"2022-07-09T07:29:34+00:00\" \/>\n<meta property=\"og:image\" content=\"https:\/\/www.properfees.com\/wp-content\/uploads\/2022\/07\/52003109461c199e574b530.83399011_60509c06b5_1920.jpg\" \/>\n\t<meta property=\"og:image:width\" content=\"1920\" \/>\n\t<meta property=\"og:image:height\" content=\"1081\" \/>\n\t<meta property=\"og:image:type\" content=\"image\/jpeg\" \/>\n<meta name=\"twitter:card\" content=\"summary_large_image\" \/>\n<script type=\"application\/ld+json\" class=\"yoast-schema-graph\">{\"@context\":\"https:\\\/\\\/schema.org\",\"@graph\":[{\"@type\":\"WebPage\",\"@id\":\"https:\\\/\\\/www.properfees.com\\\/fr\\\/property\\\/appartement-de-4-5-pieces\\\/\",\"url\":\"https:\\\/\\\/www.properfees.com\\\/fr\\\/property\\\/appartement-de-4-5-pieces\\\/\",\"name\":\"Appartement de 4.5 pi\u00e8ces - Properfees\",\"isPartOf\":{\"@id\":\"https:\\\/\\\/www.properfees.com\\\/fr\\\/#website\"},\"primaryImageOfPage\":{\"@id\":\"https:\\\/\\\/www.properfees.com\\\/fr\\\/property\\\/appartement-de-4-5-pieces\\\/#primaryimage\"},\"image\":{\"@id\":\"https:\\\/\\\/www.properfees.com\\\/fr\\\/property\\\/appartement-de-4-5-pieces\\\/#primaryimage\"},\"thumbnailUrl\":\"https:\\\/\\\/www.properfees.com\\\/wp-content\\\/uploads\\\/2022\\\/07\\\/52003109461c199e574b530.83399011_60509c06b5_1920.jpg\",\"datePublished\":\"2022-07-09T07:29:33+00:00\",\"dateModified\":\"2022-07-09T07:29:34+00:00\",\"breadcrumb\":{\"@id\":\"https:\\\/\\\/www.properfees.com\\\/fr\\\/property\\\/appartement-de-4-5-pieces\\\/#breadcrumb\"},\"inLanguage\":\"fr-FR\",\"potentialAction\":[{\"@type\":\"ReadAction\",\"target\":[\"https:\\\/\\\/www.properfees.com\\\/fr\\\/property\\\/appartement-de-4-5-pieces\\\/\"]}]},{\"@type\":\"ImageObject\",\"inLanguage\":\"fr-FR\",\"@id\":\"https:\\\/\\\/www.properfees.com\\\/fr\\\/property\\\/appartement-de-4-5-pieces\\\/#primaryimage\",\"url\":\"https:\\\/\\\/www.properfees.com\\\/wp-content\\\/uploads\\\/2022\\\/07\\\/52003109461c199e574b530.83399011_60509c06b5_1920.jpg\",\"contentUrl\":\"https:\\\/\\\/www.properfees.com\\\/wp-content\\\/uploads\\\/2022\\\/07\\\/52003109461c199e574b530.83399011_60509c06b5_1920.jpg\",\"width\":1920,\"height\":1081},{\"@type\":\"BreadcrumbList\",\"@id\":\"https:\\\/\\\/www.properfees.com\\\/fr\\\/property\\\/appartement-de-4-5-pieces\\\/#breadcrumb\",\"itemListElement\":[{\"@type\":\"ListItem\",\"position\":1,\"name\":\"Home\",\"item\":\"https:\\\/\\\/www.properfees.com\\\/fr\\\/\"},{\"@type\":\"ListItem\",\"position\":2,\"name\":\"Propri\u00e9t\u00e9s\",\"item\":\"https:\\\/\\\/www.properfees.com\\\/fr\\\/proprietes\\\/\"},{\"@type\":\"ListItem\",\"position\":3,\"name\":\"Appartement de 4.5 pi\u00e8ces\"}]},{\"@type\":\"WebSite\",\"@id\":\"https:\\\/\\\/www.properfees.com\\\/fr\\\/#website\",\"url\":\"https:\\\/\\\/www.properfees.com\\\/fr\\\/\",\"name\":\"Properfees\",\"description\":\"Properties at proper fees\",\"potentialAction\":[{\"@type\":\"SearchAction\",\"target\":{\"@type\":\"EntryPoint\",\"urlTemplate\":\"https:\\\/\\\/www.properfees.com\\\/fr\\\/?s={search_term_string}\"},\"query-input\":{\"@type\":\"PropertyValueSpecification\",\"valueRequired\":true,\"valueName\":\"search_term_string\"}}],\"inLanguage\":\"fr-FR\"}]}<\/script>\n<!-- \/ Yoast SEO plugin. -->","yoast_head_json":{"title":"Appartement de 4.5 pi\u00e8ces - Properfees","robots":{"index":"index","follow":"follow","max-snippet":"max-snippet:-1","max-image-preview":"max-image-preview:large","max-video-preview":"max-video-preview:-1"},"canonical":"https:\/\/www.properfees.com\/fr\/property\/appartement-de-4-5-pieces\/","og_locale":"fr_FR","og_type":"article","og_title":"Appartement de 4.5 pi\u00e8ces - Properfees","og_description":"Properfees vous pr\u00e9sente un appartement de 4.5 pi\u00e8ces au premier \u00e9tage d'un immeuble situ\u00e9 \u00e0 Versoix, \u00e0 11 kilom\u00e8tres au nord du centre ville de Gen\u00e8ve.  L'appartement de 83.6m2 PPE a \u00e9t\u00e9 enti\u00e8rement r\u00e9nov\u00e9 entre 2006 et 2008 et offre un hall d'entr\u00e9e, deux chambres \u00e0 coucher, un s\u00e9jour, une cuisine agenc\u00e9e, une salle de bains compl\u00e8te et un r\u00e9duit avec \u00e9tag\u00e8res, comprenant un emplacement pour lave\/s\u00e8che linges.  Il b\u00e9n\u00e9ficie d'une orientation ouest et dispose d'un grand balcon de 10.9m2 PPE accessible par le s\u00e9jour, la cuisine et par la chambre \u00e0 coucher principale.  Une grande cave au rez-de-chauss\u00e9e compl\u00e8te ce bien. Une buanderie communale est \u00e0 disposition des r\u00e9sidents de l'all\u00e9e concern\u00e9e. Les charges chauffage, eau chaude et PPE s'\u00e9l\u00e8vent \u00e0 CHF 513.-\/mois.  Possibilit\u00e9 de louer une place de parking ou un box en sous-sol, ou stationnement en zone bleue aux alentours.   La gare ferroviaire de Pont-C\u00e9ard, avec des connexions r\u00e9guli\u00e8res au centre ville de Gen\u00e8ve, se situe \u00e0 10 minutes \u00e0 pieds de l'appartement. La for\u00eat avoisinante offrant des chemins propice aux promenades \u00e0 pied et en v\u00e9lo, l'appartement s\u00e9duira les amateurs de la nature.","og_url":"https:\/\/www.properfees.com\/fr\/property\/appartement-de-4-5-pieces\/","og_site_name":"Properfees","article_modified_time":"2022-07-09T07:29:34+00:00","og_image":[{"width":1920,"height":1081,"url":"https:\/\/www.properfees.com\/wp-content\/uploads\/2022\/07\/52003109461c199e574b530.83399011_60509c06b5_1920.jpg","type":"image\/jpeg"}],"twitter_card":"summary_large_image","schema":{"@context":"https:\/\/schema.org","@graph":[{"@type":"WebPage","@id":"https:\/\/www.properfees.com\/fr\/property\/appartement-de-4-5-pieces\/","url":"https:\/\/www.properfees.com\/fr\/property\/appartement-de-4-5-pieces\/","name":"Appartement de 4.5 pi\u00e8ces - Properfees","isPartOf":{"@id":"https:\/\/www.properfees.com\/fr\/#website"},"primaryImageOfPage":{"@id":"https:\/\/www.properfees.com\/fr\/property\/appartement-de-4-5-pieces\/#primaryimage"},"image":{"@id":"https:\/\/www.properfees.com\/fr\/property\/appartement-de-4-5-pieces\/#primaryimage"},"thumbnailUrl":"https:\/\/www.properfees.com\/wp-content\/uploads\/2022\/07\/52003109461c199e574b530.83399011_60509c06b5_1920.jpg","datePublished":"2022-07-09T07:29:33+00:00","dateModified":"2022-07-09T07:29:34+00:00","breadcrumb":{"@id":"https:\/\/www.properfees.com\/fr\/property\/appartement-de-4-5-pieces\/#breadcrumb"},"inLanguage":"fr-FR","potentialAction":[{"@type":"ReadAction","target":["https:\/\/www.properfees.com\/fr\/property\/appartement-de-4-5-pieces\/"]}]},{"@type":"ImageObject","inLanguage":"fr-FR","@id":"https:\/\/www.properfees.com\/fr\/property\/appartement-de-4-5-pieces\/#primaryimage","url":"https:\/\/www.properfees.com\/wp-content\/uploads\/2022\/07\/52003109461c199e574b530.83399011_60509c06b5_1920.jpg","contentUrl":"https:\/\/www.properfees.com\/wp-content\/uploads\/2022\/07\/52003109461c199e574b530.83399011_60509c06b5_1920.jpg","width":1920,"height":1081},{"@type":"BreadcrumbList","@id":"https:\/\/www.properfees.com\/fr\/property\/appartement-de-4-5-pieces\/#breadcrumb","itemListElement":[{"@type":"ListItem","position":1,"name":"Home","item":"https:\/\/www.properfees.com\/fr\/"},{"@type":"ListItem","position":2,"name":"Propri\u00e9t\u00e9s","item":"https:\/\/www.properfees.com\/fr\/proprietes\/"},{"@type":"ListItem","position":3,"name":"Appartement de 4.5 pi\u00e8ces"}]},{"@type":"WebSite","@id":"https:\/\/www.properfees.com\/fr\/#website","url":"https:\/\/www.properfees.com\/fr\/","name":"Properfees","description":"Properties at proper fees","potentialAction":[{"@type":"SearchAction","target":{"@type":"EntryPoint","urlTemplate":"https:\/\/www.properfees.com\/fr\/?s={search_term_string}"},"query-input":{"@type":"PropertyValueSpecification","valueRequired":true,"valueName":"search_term_string"}}],"inLanguage":"fr-FR"}]}},"_links":{"self":[{"href":"https:\/\/www.properfees.com\/fr\/wp-json\/wp\/v2\/product\/6236","targetHints":{"allow":["GET"]}}],"collection":[{"href":"https:\/\/www.properfees.com\/fr\/wp-json\/wp\/v2\/product"}],"about":[{"href":"https:\/\/www.properfees.com\/fr\/wp-json\/wp\/v2\/types\/product"}],"wp:featuredmedia":[{"embeddable":true,"href":"https:\/\/www.properfees.com\/fr\/wp-json\/wp\/v2\/media\/6193"}],"wp:attachment":[{"href":"https:\/\/www.properfees.com\/fr\/wp-json\/wp\/v2\/media?parent=6236"}],"wp:term":[{"taxonomy":"product_brand","embeddable":true,"href":"https:\/\/www.properfees.com\/fr\/wp-json\/wp\/v2\/product_brand?post=6236"},{"taxonomy":"product_cat","embeddable":true,"href":"https:\/\/www.properfees.com\/fr\/wp-json\/wp\/v2\/product_cat?post=6236"},{"taxonomy":"product_tag","embeddable":true,"href":"https:\/\/www.properfees.com\/fr\/wp-json\/wp\/v2\/product_tag?post=6236"}],"curies":[{"name":"wp","href":"https:\/\/api.w.org\/{rel}","templated":true}]}}