{"id":6247,"date":"2022-07-09T07:29:42","date_gmt":"2022-07-09T07:29:42","guid":{"rendered":"https:\/\/www.properfees.com\/property\/appartement-de-4-5-pieces-2\/"},"modified":"2022-07-09T07:29:42","modified_gmt":"2022-07-09T07:29:42","slug":"appartement-de-4-5-pieces-2","status":"publish","type":"product","link":"https:\/\/www.properfees.com\/fr\/property\/appartement-de-4-5-pieces-2\/","title":{"rendered":"Appartement de 4.5 pi\u00e8ces"},"content":{"rendered":"","protected":false},"excerpt":{"rendered":"<p>Properfees vous pr\u00e9sente un appartement de 4.5 pi\u00e8ces situ\u00e9 \u00e0 Versoix.<\/p>\n<p>Cet appartement de 83.6m2 PPE offre un hall d&rsquo;entr\u00e9e, deux chambres \u00e0 coucher, un s\u00e9jour, une cuisine \u00e9quip\u00e9e, une salle de bains compl\u00e8te et un wc visiteurs.<\/p>\n<p>Il b\u00e9n\u00e9ficie d&rsquo;une orientation sud-est et dispose d&rsquo;un grand balcon de 10.9m2 PPE accessible par le s\u00e9jour, la cuisine et par la chambre \u00e0 coucher principale, avec vue sur le parc.<\/p>\n<p>Une grande cave compl\u00e8te ce bien et une buanderie commune est \u00e0 disposition des habitants.<\/p>\n<p>Possibilit\u00e9 de louer une place de parking ou un box, ou stationnement en zone bleue aux alentours. <\/p>\n<p>Une buanderie est \u00e0 disposition des habitants de l&rsquo;all\u00e9e concern\u00e9e.<\/p>\n<p>Les charges chauffage + eau chaude + PPE s&rsquo;\u00e9l\u00e8vent \u00e0 CHF 479.-\/mois.<\/p>\n<p>Garderie \u00ab\u00a0FLEURIMAGE\u00a0\u00bb disponible au sein du complexe d&rsquo;habitations, animations de l&rsquo;Association en place pour les habitants.<\/p>\n<p>Coll\u00e8ge International du L\u00e9man \u00e0 200 m\u00e8tres, Lyc\u00e9e Parett aux dipl\u00f4mes reconnus internationalement \u00e0 proximit\u00e9.  <\/p>\n<p>Station d&rsquo;essence et lavage voitures \u00e0 500 m\u00e8tres et \u00ab\u00a0Active-Fitness\u00a0\u00bb Mies-Versoix \u00e0 proximit\u00e9.<\/p>\n","protected":false},"featured_media":6214,"template":"","meta":[],"product_brand":[],"product_cat":[],"product_tag":[],"class_list":{"0":"post-6247","1":"product","2":"type-product","3":"status-publish","4":"has-post-thumbnail","7":"first","8":"instock","9":"shipping-taxable","10":"purchasable","11":"product-type-simple"},"yoast_head":"<!-- This site is optimized with the Yoast SEO plugin v27.5 - https:\/\/yoast.com\/product\/yoast-seo-wordpress\/ -->\n<title>Appartement de 4.5 pi\u00e8ces - Properfees<\/title>\n<meta name=\"robots\" content=\"index, follow, max-snippet:-1, max-image-preview:large, max-video-preview:-1\" \/>\n<link rel=\"canonical\" href=\"https:\/\/www.properfees.com\/fr\/property\/appartement-de-4-5-pieces-2\/\" \/>\n<meta property=\"og:locale\" content=\"fr_FR\" \/>\n<meta property=\"og:type\" content=\"article\" \/>\n<meta property=\"og:title\" content=\"Appartement de 4.5 pi\u00e8ces - Properfees\" \/>\n<meta property=\"og:description\" content=\"Properfees vous pr\u00e9sente un appartement de 4.5 pi\u00e8ces situ\u00e9 \u00e0 Versoix.  Cet appartement de 83.6m2 PPE offre un hall d&#039;entr\u00e9e, deux chambres \u00e0 coucher, un s\u00e9jour, une cuisine \u00e9quip\u00e9e, une salle de bains compl\u00e8te et un wc visiteurs.  Il b\u00e9n\u00e9ficie d&#039;une orientation sud-est et dispose d&#039;un grand balcon de 10.9m2 PPE accessible par le s\u00e9jour, la cuisine et par la chambre \u00e0 coucher principale, avec vue sur le parc.  Une grande cave compl\u00e8te ce bien et une buanderie commune est \u00e0 disposition des habitants.  Possibilit\u00e9 de louer une place de parking ou un box, ou stationnement en zone bleue aux alentours.   Une buanderie est \u00e0 disposition des habitants de l&#039;all\u00e9e concern\u00e9e.  Les charges chauffage + eau chaude + PPE s&#039;\u00e9l\u00e8vent \u00e0 CHF 479.-\/mois.  Garderie &quot;FLEURIMAGE&quot; disponible au sein du complexe d&#039;habitations, animations de l&#039;Association en place pour les habitants.   Coll\u00e8ge International du L\u00e9man \u00e0 200 m\u00e8tres, Lyc\u00e9e Parett aux dipl\u00f4mes reconnus internationalement \u00e0 proximit\u00e9.   Station d&#039;essence et lavage voitures \u00e0 500 m\u00e8tres et &quot;Active-Fitness&quot; Mies-Versoix \u00e0 proximit\u00e9.\" \/>\n<meta property=\"og:url\" content=\"https:\/\/www.properfees.com\/fr\/property\/appartement-de-4-5-pieces-2\/\" \/>\n<meta property=\"og:site_name\" content=\"Properfees\" \/>\n<meta property=\"og:image\" content=\"https:\/\/www.properfees.com\/wp-content\/uploads\/2022\/07\/179937722961c19a566031b7.01968815_978f9fb88e_1920.jpg\" \/>\n\t<meta property=\"og:image:width\" content=\"1920\" \/>\n\t<meta property=\"og:image:height\" content=\"1081\" \/>\n\t<meta property=\"og:image:type\" content=\"image\/jpeg\" \/>\n<meta name=\"twitter:card\" content=\"summary_large_image\" \/>\n<script type=\"application\/ld+json\" class=\"yoast-schema-graph\">{\"@context\":\"https:\\\/\\\/schema.org\",\"@graph\":[{\"@type\":\"WebPage\",\"@id\":\"https:\\\/\\\/www.properfees.com\\\/fr\\\/property\\\/appartement-de-4-5-pieces-2\\\/\",\"url\":\"https:\\\/\\\/www.properfees.com\\\/fr\\\/property\\\/appartement-de-4-5-pieces-2\\\/\",\"name\":\"Appartement de 4.5 pi\u00e8ces - Properfees\",\"isPartOf\":{\"@id\":\"https:\\\/\\\/www.properfees.com\\\/fr\\\/#website\"},\"primaryImageOfPage\":{\"@id\":\"https:\\\/\\\/www.properfees.com\\\/fr\\\/property\\\/appartement-de-4-5-pieces-2\\\/#primaryimage\"},\"image\":{\"@id\":\"https:\\\/\\\/www.properfees.com\\\/fr\\\/property\\\/appartement-de-4-5-pieces-2\\\/#primaryimage\"},\"thumbnailUrl\":\"https:\\\/\\\/www.properfees.com\\\/wp-content\\\/uploads\\\/2022\\\/07\\\/179937722961c19a566031b7.01968815_978f9fb88e_1920.jpg\",\"datePublished\":\"2022-07-09T07:29:42+00:00\",\"breadcrumb\":{\"@id\":\"https:\\\/\\\/www.properfees.com\\\/fr\\\/property\\\/appartement-de-4-5-pieces-2\\\/#breadcrumb\"},\"inLanguage\":\"fr-FR\",\"potentialAction\":[{\"@type\":\"ReadAction\",\"target\":[\"https:\\\/\\\/www.properfees.com\\\/fr\\\/property\\\/appartement-de-4-5-pieces-2\\\/\"]}]},{\"@type\":\"ImageObject\",\"inLanguage\":\"fr-FR\",\"@id\":\"https:\\\/\\\/www.properfees.com\\\/fr\\\/property\\\/appartement-de-4-5-pieces-2\\\/#primaryimage\",\"url\":\"https:\\\/\\\/www.properfees.com\\\/wp-content\\\/uploads\\\/2022\\\/07\\\/179937722961c19a566031b7.01968815_978f9fb88e_1920.jpg\",\"contentUrl\":\"https:\\\/\\\/www.properfees.com\\\/wp-content\\\/uploads\\\/2022\\\/07\\\/179937722961c19a566031b7.01968815_978f9fb88e_1920.jpg\",\"width\":1920,\"height\":1081},{\"@type\":\"BreadcrumbList\",\"@id\":\"https:\\\/\\\/www.properfees.com\\\/fr\\\/property\\\/appartement-de-4-5-pieces-2\\\/#breadcrumb\",\"itemListElement\":[{\"@type\":\"ListItem\",\"position\":1,\"name\":\"Home\",\"item\":\"https:\\\/\\\/www.properfees.com\\\/fr\\\/\"},{\"@type\":\"ListItem\",\"position\":2,\"name\":\"Propri\u00e9t\u00e9s\",\"item\":\"https:\\\/\\\/www.properfees.com\\\/fr\\\/proprietes\\\/\"},{\"@type\":\"ListItem\",\"position\":3,\"name\":\"Appartement de 4.5 pi\u00e8ces\"}]},{\"@type\":\"WebSite\",\"@id\":\"https:\\\/\\\/www.properfees.com\\\/fr\\\/#website\",\"url\":\"https:\\\/\\\/www.properfees.com\\\/fr\\\/\",\"name\":\"Properfees\",\"description\":\"Properties at proper fees\",\"potentialAction\":[{\"@type\":\"SearchAction\",\"target\":{\"@type\":\"EntryPoint\",\"urlTemplate\":\"https:\\\/\\\/www.properfees.com\\\/fr\\\/?s={search_term_string}\"},\"query-input\":{\"@type\":\"PropertyValueSpecification\",\"valueRequired\":true,\"valueName\":\"search_term_string\"}}],\"inLanguage\":\"fr-FR\"}]}<\/script>\n<!-- \/ Yoast SEO plugin. -->","yoast_head_json":{"title":"Appartement de 4.5 pi\u00e8ces - Properfees","robots":{"index":"index","follow":"follow","max-snippet":"max-snippet:-1","max-image-preview":"max-image-preview:large","max-video-preview":"max-video-preview:-1"},"canonical":"https:\/\/www.properfees.com\/fr\/property\/appartement-de-4-5-pieces-2\/","og_locale":"fr_FR","og_type":"article","og_title":"Appartement de 4.5 pi\u00e8ces - Properfees","og_description":"Properfees vous pr\u00e9sente un appartement de 4.5 pi\u00e8ces situ\u00e9 \u00e0 Versoix.  Cet appartement de 83.6m2 PPE offre un hall d'entr\u00e9e, deux chambres \u00e0 coucher, un s\u00e9jour, une cuisine \u00e9quip\u00e9e, une salle de bains compl\u00e8te et un wc visiteurs.  Il b\u00e9n\u00e9ficie d'une orientation sud-est et dispose d'un grand balcon de 10.9m2 PPE accessible par le s\u00e9jour, la cuisine et par la chambre \u00e0 coucher principale, avec vue sur le parc.  Une grande cave compl\u00e8te ce bien et une buanderie commune est \u00e0 disposition des habitants.  Possibilit\u00e9 de louer une place de parking ou un box, ou stationnement en zone bleue aux alentours.   Une buanderie est \u00e0 disposition des habitants de l'all\u00e9e concern\u00e9e.  Les charges chauffage + eau chaude + PPE s'\u00e9l\u00e8vent \u00e0 CHF 479.-\/mois.  Garderie \"FLEURIMAGE\" disponible au sein du complexe d'habitations, animations de l'Association en place pour les habitants.   Coll\u00e8ge International du L\u00e9man \u00e0 200 m\u00e8tres, Lyc\u00e9e Parett aux dipl\u00f4mes reconnus internationalement \u00e0 proximit\u00e9.   Station d'essence et lavage voitures \u00e0 500 m\u00e8tres et \"Active-Fitness\" Mies-Versoix \u00e0 proximit\u00e9.","og_url":"https:\/\/www.properfees.com\/fr\/property\/appartement-de-4-5-pieces-2\/","og_site_name":"Properfees","og_image":[{"width":1920,"height":1081,"url":"https:\/\/www.properfees.com\/wp-content\/uploads\/2022\/07\/179937722961c19a566031b7.01968815_978f9fb88e_1920.jpg","type":"image\/jpeg"}],"twitter_card":"summary_large_image","schema":{"@context":"https:\/\/schema.org","@graph":[{"@type":"WebPage","@id":"https:\/\/www.properfees.com\/fr\/property\/appartement-de-4-5-pieces-2\/","url":"https:\/\/www.properfees.com\/fr\/property\/appartement-de-4-5-pieces-2\/","name":"Appartement de 4.5 pi\u00e8ces - Properfees","isPartOf":{"@id":"https:\/\/www.properfees.com\/fr\/#website"},"primaryImageOfPage":{"@id":"https:\/\/www.properfees.com\/fr\/property\/appartement-de-4-5-pieces-2\/#primaryimage"},"image":{"@id":"https:\/\/www.properfees.com\/fr\/property\/appartement-de-4-5-pieces-2\/#primaryimage"},"thumbnailUrl":"https:\/\/www.properfees.com\/wp-content\/uploads\/2022\/07\/179937722961c19a566031b7.01968815_978f9fb88e_1920.jpg","datePublished":"2022-07-09T07:29:42+00:00","breadcrumb":{"@id":"https:\/\/www.properfees.com\/fr\/property\/appartement-de-4-5-pieces-2\/#breadcrumb"},"inLanguage":"fr-FR","potentialAction":[{"@type":"ReadAction","target":["https:\/\/www.properfees.com\/fr\/property\/appartement-de-4-5-pieces-2\/"]}]},{"@type":"ImageObject","inLanguage":"fr-FR","@id":"https:\/\/www.properfees.com\/fr\/property\/appartement-de-4-5-pieces-2\/#primaryimage","url":"https:\/\/www.properfees.com\/wp-content\/uploads\/2022\/07\/179937722961c19a566031b7.01968815_978f9fb88e_1920.jpg","contentUrl":"https:\/\/www.properfees.com\/wp-content\/uploads\/2022\/07\/179937722961c19a566031b7.01968815_978f9fb88e_1920.jpg","width":1920,"height":1081},{"@type":"BreadcrumbList","@id":"https:\/\/www.properfees.com\/fr\/property\/appartement-de-4-5-pieces-2\/#breadcrumb","itemListElement":[{"@type":"ListItem","position":1,"name":"Home","item":"https:\/\/www.properfees.com\/fr\/"},{"@type":"ListItem","position":2,"name":"Propri\u00e9t\u00e9s","item":"https:\/\/www.properfees.com\/fr\/proprietes\/"},{"@type":"ListItem","position":3,"name":"Appartement de 4.5 pi\u00e8ces"}]},{"@type":"WebSite","@id":"https:\/\/www.properfees.com\/fr\/#website","url":"https:\/\/www.properfees.com\/fr\/","name":"Properfees","description":"Properties at proper fees","potentialAction":[{"@type":"SearchAction","target":{"@type":"EntryPoint","urlTemplate":"https:\/\/www.properfees.com\/fr\/?s={search_term_string}"},"query-input":{"@type":"PropertyValueSpecification","valueRequired":true,"valueName":"search_term_string"}}],"inLanguage":"fr-FR"}]}},"_links":{"self":[{"href":"https:\/\/www.properfees.com\/fr\/wp-json\/wp\/v2\/product\/6247","targetHints":{"allow":["GET"]}}],"collection":[{"href":"https:\/\/www.properfees.com\/fr\/wp-json\/wp\/v2\/product"}],"about":[{"href":"https:\/\/www.properfees.com\/fr\/wp-json\/wp\/v2\/types\/product"}],"wp:featuredmedia":[{"embeddable":true,"href":"https:\/\/www.properfees.com\/fr\/wp-json\/wp\/v2\/media\/6214"}],"wp:attachment":[{"href":"https:\/\/www.properfees.com\/fr\/wp-json\/wp\/v2\/media?parent=6247"}],"wp:term":[{"taxonomy":"product_brand","embeddable":true,"href":"https:\/\/www.properfees.com\/fr\/wp-json\/wp\/v2\/product_brand?post=6247"},{"taxonomy":"product_cat","embeddable":true,"href":"https:\/\/www.properfees.com\/fr\/wp-json\/wp\/v2\/product_cat?post=6247"},{"taxonomy":"product_tag","embeddable":true,"href":"https:\/\/www.properfees.com\/fr\/wp-json\/wp\/v2\/product_tag?post=6247"}],"curies":[{"name":"wp","href":"https:\/\/api.w.org\/{rel}","templated":true}]}}