{"id":6261,"date":"2022-07-09T07:29:51","date_gmt":"2022-07-09T07:29:51","guid":{"rendered":"https:\/\/www.properfees.com\/property\/beau-4-pieces-au-centre-ville-de-geneve\/"},"modified":"2022-07-09T07:29:51","modified_gmt":"2022-07-09T07:29:51","slug":"beau-4-pieces-au-centre-ville-de-geneve","status":"publish","type":"product","link":"https:\/\/www.properfees.com\/fr\/property\/beau-4-pieces-au-centre-ville-de-geneve\/","title":{"rendered":"Beau 4 pi\u00e8ces au centre-ville de Gen\u00e8ve"},"content":{"rendered":"","protected":false},"excerpt":{"rendered":"<p>Properfees a le plaisir de vous pr\u00e9senter un appartement situ\u00e9 au centre-ville de Gen\u00e8ve.<\/p>\n<p>L&rsquo;appartement de quatre pi\u00e8ces au premier \u00e9tage est accessible directement depuis l&rsquo;ascenseur. <\/p>\n<p>Il comprend un spacieux et lumineux s\u00e9jour avec chemin\u00e9e et une cuisine ouverte enti\u00e8rement \u00e9quip\u00e9e, une chambre principale avec rangement int\u00e9gr\u00e9, un hall avec armoires encastr\u00e9es, une chambrette ou bureau et une salle de bains compl\u00e8te.<\/p>\n<p>Les charges comprenant chauffage, eau chaude et charges PPE s&rsquo;\u00e9l\u00e8vent \u00e0 CHF 650 .- \/ mois.<\/p>\n<p>Une cave en sous-sol compl\u00e8te ce bien.<\/p>\n","protected":false},"featured_media":6249,"template":"","meta":[],"product_brand":[],"product_cat":[],"product_tag":[],"class_list":{"0":"post-6261","1":"product","2":"type-product","3":"status-publish","4":"has-post-thumbnail","7":"first","8":"instock","9":"shipping-taxable","10":"purchasable","11":"product-type-simple"},"yoast_head":"<!-- This site is optimized with the Yoast SEO plugin v27.3 - https:\/\/yoast.com\/product\/yoast-seo-wordpress\/ -->\n<title>Beau 4 pi\u00e8ces au centre-ville de Gen\u00e8ve - Properfees<\/title>\n<meta name=\"robots\" content=\"index, follow, max-snippet:-1, max-image-preview:large, max-video-preview:-1\" \/>\n<link rel=\"canonical\" href=\"https:\/\/www.properfees.com\/fr\/property\/beau-4-pieces-au-centre-ville-de-geneve\/\" \/>\n<meta property=\"og:locale\" content=\"fr_FR\" \/>\n<meta property=\"og:type\" content=\"article\" \/>\n<meta property=\"og:title\" content=\"Beau 4 pi\u00e8ces au centre-ville de Gen\u00e8ve - Properfees\" \/>\n<meta property=\"og:description\" content=\"Properfees a le plaisir de vous pr\u00e9senter un appartement situ\u00e9 au centre-ville de Gen\u00e8ve.  L&#039;appartement de quatre pi\u00e8ces au premier \u00e9tage est accessible directement depuis l&#039;ascenseur.   Il comprend un spacieux et lumineux s\u00e9jour avec chemin\u00e9e et une cuisine ouverte enti\u00e8rement \u00e9quip\u00e9e, une chambre principale avec rangement int\u00e9gr\u00e9, un hall avec armoires encastr\u00e9es, une chambrette ou bureau et une salle de bains compl\u00e8te.  Les charges comprenant chauffage, eau chaude et charges PPE s&#039;\u00e9l\u00e8vent \u00e0 CHF 650 .- \/ mois.  Une cave en sous-sol compl\u00e8te ce bien.\" \/>\n<meta property=\"og:url\" content=\"https:\/\/www.properfees.com\/fr\/property\/beau-4-pieces-au-centre-ville-de-geneve\/\" \/>\n<meta property=\"og:site_name\" content=\"Properfees\" \/>\n<meta property=\"og:image\" content=\"https:\/\/www.properfees.com\/wp-content\/uploads\/2022\/07\/23186269161c19af3045bd7.87494447_7f58cc0757_1920.jpg\" \/>\n\t<meta property=\"og:image:width\" content=\"1920\" \/>\n\t<meta property=\"og:image:height\" content=\"1081\" \/>\n\t<meta property=\"og:image:type\" content=\"image\/jpeg\" \/>\n<meta name=\"twitter:card\" content=\"summary_large_image\" \/>\n<script type=\"application\/ld+json\" class=\"yoast-schema-graph\">{\"@context\":\"https:\\\/\\\/schema.org\",\"@graph\":[{\"@type\":\"WebPage\",\"@id\":\"https:\\\/\\\/www.properfees.com\\\/fr\\\/property\\\/beau-4-pieces-au-centre-ville-de-geneve\\\/\",\"url\":\"https:\\\/\\\/www.properfees.com\\\/fr\\\/property\\\/beau-4-pieces-au-centre-ville-de-geneve\\\/\",\"name\":\"Beau 4 pi\u00e8ces au centre-ville de Gen\u00e8ve - Properfees\",\"isPartOf\":{\"@id\":\"https:\\\/\\\/www.properfees.com\\\/fr\\\/#website\"},\"primaryImageOfPage\":{\"@id\":\"https:\\\/\\\/www.properfees.com\\\/fr\\\/property\\\/beau-4-pieces-au-centre-ville-de-geneve\\\/#primaryimage\"},\"image\":{\"@id\":\"https:\\\/\\\/www.properfees.com\\\/fr\\\/property\\\/beau-4-pieces-au-centre-ville-de-geneve\\\/#primaryimage\"},\"thumbnailUrl\":\"https:\\\/\\\/www.properfees.com\\\/wp-content\\\/uploads\\\/2022\\\/07\\\/23186269161c19af3045bd7.87494447_7f58cc0757_1920.jpg\",\"datePublished\":\"2022-07-09T07:29:51+00:00\",\"breadcrumb\":{\"@id\":\"https:\\\/\\\/www.properfees.com\\\/fr\\\/property\\\/beau-4-pieces-au-centre-ville-de-geneve\\\/#breadcrumb\"},\"inLanguage\":\"fr-FR\",\"potentialAction\":[{\"@type\":\"ReadAction\",\"target\":[\"https:\\\/\\\/www.properfees.com\\\/fr\\\/property\\\/beau-4-pieces-au-centre-ville-de-geneve\\\/\"]}]},{\"@type\":\"ImageObject\",\"inLanguage\":\"fr-FR\",\"@id\":\"https:\\\/\\\/www.properfees.com\\\/fr\\\/property\\\/beau-4-pieces-au-centre-ville-de-geneve\\\/#primaryimage\",\"url\":\"https:\\\/\\\/www.properfees.com\\\/wp-content\\\/uploads\\\/2022\\\/07\\\/23186269161c19af3045bd7.87494447_7f58cc0757_1920.jpg\",\"contentUrl\":\"https:\\\/\\\/www.properfees.com\\\/wp-content\\\/uploads\\\/2022\\\/07\\\/23186269161c19af3045bd7.87494447_7f58cc0757_1920.jpg\",\"width\":1920,\"height\":1081},{\"@type\":\"BreadcrumbList\",\"@id\":\"https:\\\/\\\/www.properfees.com\\\/fr\\\/property\\\/beau-4-pieces-au-centre-ville-de-geneve\\\/#breadcrumb\",\"itemListElement\":[{\"@type\":\"ListItem\",\"position\":1,\"name\":\"Home\",\"item\":\"https:\\\/\\\/www.properfees.com\\\/fr\\\/\"},{\"@type\":\"ListItem\",\"position\":2,\"name\":\"Propri\u00e9t\u00e9s\",\"item\":\"https:\\\/\\\/www.properfees.com\\\/fr\\\/proprietes\\\/\"},{\"@type\":\"ListItem\",\"position\":3,\"name\":\"Beau 4 pi\u00e8ces au centre-ville de Gen\u00e8ve\"}]},{\"@type\":\"WebSite\",\"@id\":\"https:\\\/\\\/www.properfees.com\\\/fr\\\/#website\",\"url\":\"https:\\\/\\\/www.properfees.com\\\/fr\\\/\",\"name\":\"Properfees\",\"description\":\"Properties at proper fees\",\"potentialAction\":[{\"@type\":\"SearchAction\",\"target\":{\"@type\":\"EntryPoint\",\"urlTemplate\":\"https:\\\/\\\/www.properfees.com\\\/fr\\\/?s={search_term_string}\"},\"query-input\":{\"@type\":\"PropertyValueSpecification\",\"valueRequired\":true,\"valueName\":\"search_term_string\"}}],\"inLanguage\":\"fr-FR\"}]}<\/script>\n<!-- \/ Yoast SEO plugin. -->","yoast_head_json":{"title":"Beau 4 pi\u00e8ces au centre-ville de Gen\u00e8ve - Properfees","robots":{"index":"index","follow":"follow","max-snippet":"max-snippet:-1","max-image-preview":"max-image-preview:large","max-video-preview":"max-video-preview:-1"},"canonical":"https:\/\/www.properfees.com\/fr\/property\/beau-4-pieces-au-centre-ville-de-geneve\/","og_locale":"fr_FR","og_type":"article","og_title":"Beau 4 pi\u00e8ces au centre-ville de Gen\u00e8ve - Properfees","og_description":"Properfees a le plaisir de vous pr\u00e9senter un appartement situ\u00e9 au centre-ville de Gen\u00e8ve.  L'appartement de quatre pi\u00e8ces au premier \u00e9tage est accessible directement depuis l'ascenseur.   Il comprend un spacieux et lumineux s\u00e9jour avec chemin\u00e9e et une cuisine ouverte enti\u00e8rement \u00e9quip\u00e9e, une chambre principale avec rangement int\u00e9gr\u00e9, un hall avec armoires encastr\u00e9es, une chambrette ou bureau et une salle de bains compl\u00e8te.  Les charges comprenant chauffage, eau chaude et charges PPE s'\u00e9l\u00e8vent \u00e0 CHF 650 .- \/ mois.  Une cave en sous-sol compl\u00e8te ce bien.","og_url":"https:\/\/www.properfees.com\/fr\/property\/beau-4-pieces-au-centre-ville-de-geneve\/","og_site_name":"Properfees","og_image":[{"width":1920,"height":1081,"url":"https:\/\/www.properfees.com\/wp-content\/uploads\/2022\/07\/23186269161c19af3045bd7.87494447_7f58cc0757_1920.jpg","type":"image\/jpeg"}],"twitter_card":"summary_large_image","schema":{"@context":"https:\/\/schema.org","@graph":[{"@type":"WebPage","@id":"https:\/\/www.properfees.com\/fr\/property\/beau-4-pieces-au-centre-ville-de-geneve\/","url":"https:\/\/www.properfees.com\/fr\/property\/beau-4-pieces-au-centre-ville-de-geneve\/","name":"Beau 4 pi\u00e8ces au centre-ville de Gen\u00e8ve - Properfees","isPartOf":{"@id":"https:\/\/www.properfees.com\/fr\/#website"},"primaryImageOfPage":{"@id":"https:\/\/www.properfees.com\/fr\/property\/beau-4-pieces-au-centre-ville-de-geneve\/#primaryimage"},"image":{"@id":"https:\/\/www.properfees.com\/fr\/property\/beau-4-pieces-au-centre-ville-de-geneve\/#primaryimage"},"thumbnailUrl":"https:\/\/www.properfees.com\/wp-content\/uploads\/2022\/07\/23186269161c19af3045bd7.87494447_7f58cc0757_1920.jpg","datePublished":"2022-07-09T07:29:51+00:00","breadcrumb":{"@id":"https:\/\/www.properfees.com\/fr\/property\/beau-4-pieces-au-centre-ville-de-geneve\/#breadcrumb"},"inLanguage":"fr-FR","potentialAction":[{"@type":"ReadAction","target":["https:\/\/www.properfees.com\/fr\/property\/beau-4-pieces-au-centre-ville-de-geneve\/"]}]},{"@type":"ImageObject","inLanguage":"fr-FR","@id":"https:\/\/www.properfees.com\/fr\/property\/beau-4-pieces-au-centre-ville-de-geneve\/#primaryimage","url":"https:\/\/www.properfees.com\/wp-content\/uploads\/2022\/07\/23186269161c19af3045bd7.87494447_7f58cc0757_1920.jpg","contentUrl":"https:\/\/www.properfees.com\/wp-content\/uploads\/2022\/07\/23186269161c19af3045bd7.87494447_7f58cc0757_1920.jpg","width":1920,"height":1081},{"@type":"BreadcrumbList","@id":"https:\/\/www.properfees.com\/fr\/property\/beau-4-pieces-au-centre-ville-de-geneve\/#breadcrumb","itemListElement":[{"@type":"ListItem","position":1,"name":"Home","item":"https:\/\/www.properfees.com\/fr\/"},{"@type":"ListItem","position":2,"name":"Propri\u00e9t\u00e9s","item":"https:\/\/www.properfees.com\/fr\/proprietes\/"},{"@type":"ListItem","position":3,"name":"Beau 4 pi\u00e8ces au centre-ville de Gen\u00e8ve"}]},{"@type":"WebSite","@id":"https:\/\/www.properfees.com\/fr\/#website","url":"https:\/\/www.properfees.com\/fr\/","name":"Properfees","description":"Properties at proper fees","potentialAction":[{"@type":"SearchAction","target":{"@type":"EntryPoint","urlTemplate":"https:\/\/www.properfees.com\/fr\/?s={search_term_string}"},"query-input":{"@type":"PropertyValueSpecification","valueRequired":true,"valueName":"search_term_string"}}],"inLanguage":"fr-FR"}]}},"_links":{"self":[{"href":"https:\/\/www.properfees.com\/fr\/wp-json\/wp\/v2\/product\/6261","targetHints":{"allow":["GET"]}}],"collection":[{"href":"https:\/\/www.properfees.com\/fr\/wp-json\/wp\/v2\/product"}],"about":[{"href":"https:\/\/www.properfees.com\/fr\/wp-json\/wp\/v2\/types\/product"}],"wp:featuredmedia":[{"embeddable":true,"href":"https:\/\/www.properfees.com\/fr\/wp-json\/wp\/v2\/media\/6249"}],"wp:attachment":[{"href":"https:\/\/www.properfees.com\/fr\/wp-json\/wp\/v2\/media?parent=6261"}],"wp:term":[{"taxonomy":"product_brand","embeddable":true,"href":"https:\/\/www.properfees.com\/fr\/wp-json\/wp\/v2\/product_brand?post=6261"},{"taxonomy":"product_cat","embeddable":true,"href":"https:\/\/www.properfees.com\/fr\/wp-json\/wp\/v2\/product_cat?post=6261"},{"taxonomy":"product_tag","embeddable":true,"href":"https:\/\/www.properfees.com\/fr\/wp-json\/wp\/v2\/product_tag?post=6261"}],"curies":[{"name":"wp","href":"https:\/\/api.w.org\/{rel}","templated":true}]}}