{"id":6283,"date":"2022-07-09T07:30:07","date_gmt":"2022-07-09T07:30:07","guid":{"rendered":"https:\/\/www.properfees.com\/property\/appartement-de-5-pieces-au-dernier-etage\/"},"modified":"2022-07-09T07:30:07","modified_gmt":"2022-07-09T07:30:07","slug":"appartement-de-5-pieces-au-dernier-etage","status":"publish","type":"product","link":"https:\/\/www.properfees.com\/fr\/property\/appartement-de-5-pieces-au-dernier-etage\/","title":{"rendered":"Appartement de 5 pi\u00e8ces au dernier \u00e9tage"},"content":{"rendered":"","protected":false},"excerpt":{"rendered":"<p>Properfees vous pr\u00e9sente cet appartement de 5 pi\u00e8ces d&rsquo;environ 120m2 de surface PPE au 8\u00e8me \/ dernier \u00e9tage d&rsquo;un immeuble situ\u00e9 \u00e0 Ch\u00e2telaine, offrant une vue imprenable sur Gen\u00e8ve et les montagnes.<\/p>\n<p>L&rsquo;appartement dispose de trois chambres \u00e0 coucher, une salle de bains, une salle de douche, de toilettes s\u00e9par\u00e9es, une cuisine enti\u00e8rement \u00e9quip\u00e9e ouverte sur le salon, une v\u00e9randa et une grande terrasse.<\/p>\n<p>R\u00e9nov\u00e9 dans son ensemble il y a environ 13 ans, ce bien a \u00e9t\u00e9 maintenu dans un \u00e9tat impeccable. Le parquet a \u00e9t\u00e9 chang\u00e9 dans les trois chambres \u00e0 coucher en 2019.<\/p>\n<p>Ce bien est vendu avec une cave, une place de parking ext\u00e9rieur et ses parts aux biens communs.<\/p>\n<p>Possibilit\u00e9 d&rsquo;acqu\u00e9rir un box souterrain avec porte \u00e9lectrique \u00e0 CHF 50&rsquo;000.- en sus du prix de vente affich\u00e9.<\/p>\n","protected":false},"featured_media":6263,"template":"","meta":[],"product_brand":[],"product_cat":[],"product_tag":[],"class_list":{"0":"post-6283","1":"product","2":"type-product","3":"status-publish","4":"has-post-thumbnail","7":"first","8":"instock","9":"shipping-taxable","10":"purchasable","11":"product-type-simple"},"yoast_head":"<!-- This site is optimized with the Yoast SEO plugin v27.5 - https:\/\/yoast.com\/product\/yoast-seo-wordpress\/ -->\n<title>Appartement de 5 pi\u00e8ces au dernier \u00e9tage - Properfees<\/title>\n<meta name=\"robots\" content=\"index, follow, max-snippet:-1, max-image-preview:large, max-video-preview:-1\" \/>\n<link rel=\"canonical\" href=\"https:\/\/www.properfees.com\/fr\/property\/appartement-de-5-pieces-au-dernier-etage\/\" \/>\n<meta property=\"og:locale\" content=\"fr_FR\" \/>\n<meta property=\"og:type\" content=\"article\" \/>\n<meta property=\"og:title\" content=\"Appartement de 5 pi\u00e8ces au dernier \u00e9tage - Properfees\" \/>\n<meta property=\"og:description\" content=\"Properfees vous pr\u00e9sente cet appartement de 5 pi\u00e8ces d&#039;environ 120m2 de surface PPE au 8\u00e8me \/ dernier \u00e9tage d&#039;un immeuble situ\u00e9 \u00e0 Ch\u00e2telaine, offrant une vue imprenable sur Gen\u00e8ve et les montagnes.  L&#039;appartement dispose de trois chambres \u00e0 coucher, une salle de bains, une salle de douche, de toilettes s\u00e9par\u00e9es, une cuisine enti\u00e8rement \u00e9quip\u00e9e ouverte sur le salon, une v\u00e9randa et une grande terrasse.  R\u00e9nov\u00e9 dans son ensemble il y a environ 13 ans, ce bien a \u00e9t\u00e9 maintenu dans un \u00e9tat impeccable. Le parquet a \u00e9t\u00e9 chang\u00e9 dans les trois chambres \u00e0 coucher en 2019.  Ce bien est vendu avec une cave, une place de parking ext\u00e9rieur et ses parts aux biens communs.  Possibilit\u00e9 d&#039;acqu\u00e9rir un box souterrain avec porte \u00e9lectrique \u00e0 CHF 50&#039;000.- en sus du prix de vente affich\u00e9.\" \/>\n<meta property=\"og:url\" content=\"https:\/\/www.properfees.com\/fr\/property\/appartement-de-5-pieces-au-dernier-etage\/\" \/>\n<meta property=\"og:site_name\" content=\"Properfees\" \/>\n<meta property=\"og:image\" content=\"https:\/\/www.properfees.com\/wp-content\/uploads\/2022\/07\/1715125191606eb86b8dbef5.92036741_c493559470_1920.jpg\" \/>\n\t<meta property=\"og:image:width\" content=\"1920\" \/>\n\t<meta property=\"og:image:height\" content=\"1084\" \/>\n\t<meta property=\"og:image:type\" content=\"image\/jpeg\" \/>\n<meta name=\"twitter:card\" content=\"summary_large_image\" \/>\n<script type=\"application\/ld+json\" class=\"yoast-schema-graph\">{\"@context\":\"https:\\\/\\\/schema.org\",\"@graph\":[{\"@type\":\"WebPage\",\"@id\":\"https:\\\/\\\/www.properfees.com\\\/fr\\\/property\\\/appartement-de-5-pieces-au-dernier-etage\\\/\",\"url\":\"https:\\\/\\\/www.properfees.com\\\/fr\\\/property\\\/appartement-de-5-pieces-au-dernier-etage\\\/\",\"name\":\"Appartement de 5 pi\u00e8ces au dernier \u00e9tage - Properfees\",\"isPartOf\":{\"@id\":\"https:\\\/\\\/www.properfees.com\\\/fr\\\/#website\"},\"primaryImageOfPage\":{\"@id\":\"https:\\\/\\\/www.properfees.com\\\/fr\\\/property\\\/appartement-de-5-pieces-au-dernier-etage\\\/#primaryimage\"},\"image\":{\"@id\":\"https:\\\/\\\/www.properfees.com\\\/fr\\\/property\\\/appartement-de-5-pieces-au-dernier-etage\\\/#primaryimage\"},\"thumbnailUrl\":\"https:\\\/\\\/www.properfees.com\\\/wp-content\\\/uploads\\\/2022\\\/07\\\/1715125191606eb86b8dbef5.92036741_c493559470_1920.jpg\",\"datePublished\":\"2022-07-09T07:30:07+00:00\",\"breadcrumb\":{\"@id\":\"https:\\\/\\\/www.properfees.com\\\/fr\\\/property\\\/appartement-de-5-pieces-au-dernier-etage\\\/#breadcrumb\"},\"inLanguage\":\"fr-FR\",\"potentialAction\":[{\"@type\":\"ReadAction\",\"target\":[\"https:\\\/\\\/www.properfees.com\\\/fr\\\/property\\\/appartement-de-5-pieces-au-dernier-etage\\\/\"]}]},{\"@type\":\"ImageObject\",\"inLanguage\":\"fr-FR\",\"@id\":\"https:\\\/\\\/www.properfees.com\\\/fr\\\/property\\\/appartement-de-5-pieces-au-dernier-etage\\\/#primaryimage\",\"url\":\"https:\\\/\\\/www.properfees.com\\\/wp-content\\\/uploads\\\/2022\\\/07\\\/1715125191606eb86b8dbef5.92036741_c493559470_1920.jpg\",\"contentUrl\":\"https:\\\/\\\/www.properfees.com\\\/wp-content\\\/uploads\\\/2022\\\/07\\\/1715125191606eb86b8dbef5.92036741_c493559470_1920.jpg\",\"width\":1920,\"height\":1084},{\"@type\":\"BreadcrumbList\",\"@id\":\"https:\\\/\\\/www.properfees.com\\\/fr\\\/property\\\/appartement-de-5-pieces-au-dernier-etage\\\/#breadcrumb\",\"itemListElement\":[{\"@type\":\"ListItem\",\"position\":1,\"name\":\"Home\",\"item\":\"https:\\\/\\\/www.properfees.com\\\/fr\\\/\"},{\"@type\":\"ListItem\",\"position\":2,\"name\":\"Propri\u00e9t\u00e9s\",\"item\":\"https:\\\/\\\/www.properfees.com\\\/fr\\\/proprietes\\\/\"},{\"@type\":\"ListItem\",\"position\":3,\"name\":\"Appartement de 5 pi\u00e8ces au dernier \u00e9tage\"}]},{\"@type\":\"WebSite\",\"@id\":\"https:\\\/\\\/www.properfees.com\\\/fr\\\/#website\",\"url\":\"https:\\\/\\\/www.properfees.com\\\/fr\\\/\",\"name\":\"Properfees\",\"description\":\"Properties at proper fees\",\"potentialAction\":[{\"@type\":\"SearchAction\",\"target\":{\"@type\":\"EntryPoint\",\"urlTemplate\":\"https:\\\/\\\/www.properfees.com\\\/fr\\\/?s={search_term_string}\"},\"query-input\":{\"@type\":\"PropertyValueSpecification\",\"valueRequired\":true,\"valueName\":\"search_term_string\"}}],\"inLanguage\":\"fr-FR\"}]}<\/script>\n<!-- \/ Yoast SEO plugin. -->","yoast_head_json":{"title":"Appartement de 5 pi\u00e8ces au dernier \u00e9tage - Properfees","robots":{"index":"index","follow":"follow","max-snippet":"max-snippet:-1","max-image-preview":"max-image-preview:large","max-video-preview":"max-video-preview:-1"},"canonical":"https:\/\/www.properfees.com\/fr\/property\/appartement-de-5-pieces-au-dernier-etage\/","og_locale":"fr_FR","og_type":"article","og_title":"Appartement de 5 pi\u00e8ces au dernier \u00e9tage - Properfees","og_description":"Properfees vous pr\u00e9sente cet appartement de 5 pi\u00e8ces d'environ 120m2 de surface PPE au 8\u00e8me \/ dernier \u00e9tage d'un immeuble situ\u00e9 \u00e0 Ch\u00e2telaine, offrant une vue imprenable sur Gen\u00e8ve et les montagnes.  L'appartement dispose de trois chambres \u00e0 coucher, une salle de bains, une salle de douche, de toilettes s\u00e9par\u00e9es, une cuisine enti\u00e8rement \u00e9quip\u00e9e ouverte sur le salon, une v\u00e9randa et une grande terrasse.  R\u00e9nov\u00e9 dans son ensemble il y a environ 13 ans, ce bien a \u00e9t\u00e9 maintenu dans un \u00e9tat impeccable. Le parquet a \u00e9t\u00e9 chang\u00e9 dans les trois chambres \u00e0 coucher en 2019.  Ce bien est vendu avec une cave, une place de parking ext\u00e9rieur et ses parts aux biens communs.  Possibilit\u00e9 d'acqu\u00e9rir un box souterrain avec porte \u00e9lectrique \u00e0 CHF 50'000.- en sus du prix de vente affich\u00e9.","og_url":"https:\/\/www.properfees.com\/fr\/property\/appartement-de-5-pieces-au-dernier-etage\/","og_site_name":"Properfees","og_image":[{"width":1920,"height":1084,"url":"https:\/\/www.properfees.com\/wp-content\/uploads\/2022\/07\/1715125191606eb86b8dbef5.92036741_c493559470_1920.jpg","type":"image\/jpeg"}],"twitter_card":"summary_large_image","schema":{"@context":"https:\/\/schema.org","@graph":[{"@type":"WebPage","@id":"https:\/\/www.properfees.com\/fr\/property\/appartement-de-5-pieces-au-dernier-etage\/","url":"https:\/\/www.properfees.com\/fr\/property\/appartement-de-5-pieces-au-dernier-etage\/","name":"Appartement de 5 pi\u00e8ces au dernier \u00e9tage - Properfees","isPartOf":{"@id":"https:\/\/www.properfees.com\/fr\/#website"},"primaryImageOfPage":{"@id":"https:\/\/www.properfees.com\/fr\/property\/appartement-de-5-pieces-au-dernier-etage\/#primaryimage"},"image":{"@id":"https:\/\/www.properfees.com\/fr\/property\/appartement-de-5-pieces-au-dernier-etage\/#primaryimage"},"thumbnailUrl":"https:\/\/www.properfees.com\/wp-content\/uploads\/2022\/07\/1715125191606eb86b8dbef5.92036741_c493559470_1920.jpg","datePublished":"2022-07-09T07:30:07+00:00","breadcrumb":{"@id":"https:\/\/www.properfees.com\/fr\/property\/appartement-de-5-pieces-au-dernier-etage\/#breadcrumb"},"inLanguage":"fr-FR","potentialAction":[{"@type":"ReadAction","target":["https:\/\/www.properfees.com\/fr\/property\/appartement-de-5-pieces-au-dernier-etage\/"]}]},{"@type":"ImageObject","inLanguage":"fr-FR","@id":"https:\/\/www.properfees.com\/fr\/property\/appartement-de-5-pieces-au-dernier-etage\/#primaryimage","url":"https:\/\/www.properfees.com\/wp-content\/uploads\/2022\/07\/1715125191606eb86b8dbef5.92036741_c493559470_1920.jpg","contentUrl":"https:\/\/www.properfees.com\/wp-content\/uploads\/2022\/07\/1715125191606eb86b8dbef5.92036741_c493559470_1920.jpg","width":1920,"height":1084},{"@type":"BreadcrumbList","@id":"https:\/\/www.properfees.com\/fr\/property\/appartement-de-5-pieces-au-dernier-etage\/#breadcrumb","itemListElement":[{"@type":"ListItem","position":1,"name":"Home","item":"https:\/\/www.properfees.com\/fr\/"},{"@type":"ListItem","position":2,"name":"Propri\u00e9t\u00e9s","item":"https:\/\/www.properfees.com\/fr\/proprietes\/"},{"@type":"ListItem","position":3,"name":"Appartement de 5 pi\u00e8ces au dernier \u00e9tage"}]},{"@type":"WebSite","@id":"https:\/\/www.properfees.com\/fr\/#website","url":"https:\/\/www.properfees.com\/fr\/","name":"Properfees","description":"Properties at proper fees","potentialAction":[{"@type":"SearchAction","target":{"@type":"EntryPoint","urlTemplate":"https:\/\/www.properfees.com\/fr\/?s={search_term_string}"},"query-input":{"@type":"PropertyValueSpecification","valueRequired":true,"valueName":"search_term_string"}}],"inLanguage":"fr-FR"}]}},"_links":{"self":[{"href":"https:\/\/www.properfees.com\/fr\/wp-json\/wp\/v2\/product\/6283","targetHints":{"allow":["GET"]}}],"collection":[{"href":"https:\/\/www.properfees.com\/fr\/wp-json\/wp\/v2\/product"}],"about":[{"href":"https:\/\/www.properfees.com\/fr\/wp-json\/wp\/v2\/types\/product"}],"wp:featuredmedia":[{"embeddable":true,"href":"https:\/\/www.properfees.com\/fr\/wp-json\/wp\/v2\/media\/6263"}],"wp:attachment":[{"href":"https:\/\/www.properfees.com\/fr\/wp-json\/wp\/v2\/media?parent=6283"}],"wp:term":[{"taxonomy":"product_brand","embeddable":true,"href":"https:\/\/www.properfees.com\/fr\/wp-json\/wp\/v2\/product_brand?post=6283"},{"taxonomy":"product_cat","embeddable":true,"href":"https:\/\/www.properfees.com\/fr\/wp-json\/wp\/v2\/product_cat?post=6283"},{"taxonomy":"product_tag","embeddable":true,"href":"https:\/\/www.properfees.com\/fr\/wp-json\/wp\/v2\/product_tag?post=6283"}],"curies":[{"name":"wp","href":"https:\/\/api.w.org\/{rel}","templated":true}]}}