{"id":6301,"date":"2022-07-09T07:30:18","date_gmt":"2022-07-09T07:30:18","guid":{"rendered":"https:\/\/www.properfees.com\/property\/centre-ville-terrassiere-magnifique-4-pieces-de-haut-standing\/"},"modified":"2022-07-09T07:30:18","modified_gmt":"2022-07-09T07:30:18","slug":"centre-ville-terrassiere-magnifique-4-pieces-de-haut-standing","status":"publish","type":"product","link":"https:\/\/www.properfees.com\/fr\/property\/centre-ville-terrassiere-magnifique-4-pieces-de-haut-standing\/","title":{"rendered":"Centre Ville \/ Terrassi\u00e8re &#8211; Magnifique 4 pi\u00e8ces de haut standing"},"content":{"rendered":"","protected":false},"excerpt":{"rendered":"<p>Properfees a le plaisir de vous pr\u00e9senter un appartement de quatre pi\u00e8ces, r\u00e9nov\u00e9 avec go\u00fbt dans son ensemble, au premier \u00e9tage (avec ascenseur) d&rsquo;un immeuble du centre-ville de Gen\u00e8ve.<\/p>\n<p>La propri\u00e9t\u00e9 a \u00e9t\u00e9 r\u00e9cemment r\u00e9nov\u00e9e avec des mat\u00e9riaux de haut standing. Elle comprend un spacieux et lumineux s\u00e9jour avec une cuisine ouverte enti\u00e8rement \u00e9quip\u00e9e, une chambre principale avec rangement int\u00e9gr\u00e9 et une chemin\u00e9e, une deuxi\u00e8me chambre ou bureau, une salle de bains contemporaine et des toilettes s\u00e9par\u00e9es.<\/p>\n<p>Les charges comprenant chauffage, eau chaude et charges PPE s&rsquo;\u00e9l\u00e8vent \u00e0 CHF 449 .- \/ mois.<\/p>\n<p>Une cave en sous-sol compl\u00e8te ce bien.<\/p>\n","protected":false},"featured_media":6285,"template":"","meta":[],"product_brand":[],"product_cat":[],"product_tag":[],"class_list":{"0":"post-6301","1":"product","2":"type-product","3":"status-publish","4":"has-post-thumbnail","7":"first","8":"instock","9":"shipping-taxable","10":"purchasable","11":"product-type-simple"},"yoast_head":"<!-- This site is optimized with the Yoast SEO plugin v27.5 - https:\/\/yoast.com\/product\/yoast-seo-wordpress\/ -->\n<title>Centre Ville \/ Terrassi\u00e8re - Magnifique 4 pi\u00e8ces de haut standing - Properfees<\/title>\n<meta name=\"robots\" content=\"index, follow, max-snippet:-1, max-image-preview:large, max-video-preview:-1\" \/>\n<link rel=\"canonical\" href=\"https:\/\/www.properfees.com\/fr\/property\/centre-ville-terrassiere-magnifique-4-pieces-de-haut-standing\/\" \/>\n<meta property=\"og:locale\" content=\"fr_FR\" \/>\n<meta property=\"og:type\" content=\"article\" \/>\n<meta property=\"og:title\" content=\"Centre Ville \/ Terrassi\u00e8re - Magnifique 4 pi\u00e8ces de haut standing - Properfees\" \/>\n<meta property=\"og:description\" content=\"Properfees a le plaisir de vous pr\u00e9senter un appartement de quatre pi\u00e8ces, r\u00e9nov\u00e9 avec go\u00fbt dans son ensemble, au premier \u00e9tage (avec ascenseur) d&#039;un immeuble du centre-ville de Gen\u00e8ve.  La propri\u00e9t\u00e9 a \u00e9t\u00e9 r\u00e9cemment r\u00e9nov\u00e9e avec des mat\u00e9riaux de haut standing. Elle comprend un spacieux et lumineux s\u00e9jour avec une cuisine ouverte enti\u00e8rement \u00e9quip\u00e9e, une chambre principale avec rangement int\u00e9gr\u00e9 et une chemin\u00e9e, une deuxi\u00e8me chambre ou bureau, une salle de bains contemporaine et des toilettes s\u00e9par\u00e9es.  Les charges comprenant chauffage, eau chaude et charges PPE s&#039;\u00e9l\u00e8vent \u00e0 CHF 449 .- \/ mois.  Une cave en sous-sol compl\u00e8te ce bien.\" \/>\n<meta property=\"og:url\" content=\"https:\/\/www.properfees.com\/fr\/property\/centre-ville-terrassiere-magnifique-4-pieces-de-haut-standing\/\" \/>\n<meta property=\"og:site_name\" content=\"Properfees\" \/>\n<meta property=\"og:image\" content=\"https:\/\/www.properfees.com\/wp-content\/uploads\/2022\/07\/14681472565d1e0053cab3c9.19995920_4d41f1ebc6_1920.jpg\" \/>\n\t<meta property=\"og:image:width\" content=\"1919\" \/>\n\t<meta property=\"og:image:height\" content=\"1083\" \/>\n\t<meta property=\"og:image:type\" content=\"image\/jpeg\" \/>\n<meta name=\"twitter:card\" content=\"summary_large_image\" \/>\n<script type=\"application\/ld+json\" class=\"yoast-schema-graph\">{\"@context\":\"https:\\\/\\\/schema.org\",\"@graph\":[{\"@type\":\"WebPage\",\"@id\":\"https:\\\/\\\/www.properfees.com\\\/fr\\\/property\\\/centre-ville-terrassiere-magnifique-4-pieces-de-haut-standing\\\/\",\"url\":\"https:\\\/\\\/www.properfees.com\\\/fr\\\/property\\\/centre-ville-terrassiere-magnifique-4-pieces-de-haut-standing\\\/\",\"name\":\"Centre Ville \\\/ Terrassi\u00e8re - Magnifique 4 pi\u00e8ces de haut standing - Properfees\",\"isPartOf\":{\"@id\":\"https:\\\/\\\/www.properfees.com\\\/fr\\\/#website\"},\"primaryImageOfPage\":{\"@id\":\"https:\\\/\\\/www.properfees.com\\\/fr\\\/property\\\/centre-ville-terrassiere-magnifique-4-pieces-de-haut-standing\\\/#primaryimage\"},\"image\":{\"@id\":\"https:\\\/\\\/www.properfees.com\\\/fr\\\/property\\\/centre-ville-terrassiere-magnifique-4-pieces-de-haut-standing\\\/#primaryimage\"},\"thumbnailUrl\":\"https:\\\/\\\/www.properfees.com\\\/wp-content\\\/uploads\\\/2022\\\/07\\\/14681472565d1e0053cab3c9.19995920_4d41f1ebc6_1920.jpg\",\"datePublished\":\"2022-07-09T07:30:18+00:00\",\"breadcrumb\":{\"@id\":\"https:\\\/\\\/www.properfees.com\\\/fr\\\/property\\\/centre-ville-terrassiere-magnifique-4-pieces-de-haut-standing\\\/#breadcrumb\"},\"inLanguage\":\"fr-FR\",\"potentialAction\":[{\"@type\":\"ReadAction\",\"target\":[\"https:\\\/\\\/www.properfees.com\\\/fr\\\/property\\\/centre-ville-terrassiere-magnifique-4-pieces-de-haut-standing\\\/\"]}]},{\"@type\":\"ImageObject\",\"inLanguage\":\"fr-FR\",\"@id\":\"https:\\\/\\\/www.properfees.com\\\/fr\\\/property\\\/centre-ville-terrassiere-magnifique-4-pieces-de-haut-standing\\\/#primaryimage\",\"url\":\"https:\\\/\\\/www.properfees.com\\\/wp-content\\\/uploads\\\/2022\\\/07\\\/14681472565d1e0053cab3c9.19995920_4d41f1ebc6_1920.jpg\",\"contentUrl\":\"https:\\\/\\\/www.properfees.com\\\/wp-content\\\/uploads\\\/2022\\\/07\\\/14681472565d1e0053cab3c9.19995920_4d41f1ebc6_1920.jpg\",\"width\":1919,\"height\":1083},{\"@type\":\"BreadcrumbList\",\"@id\":\"https:\\\/\\\/www.properfees.com\\\/fr\\\/property\\\/centre-ville-terrassiere-magnifique-4-pieces-de-haut-standing\\\/#breadcrumb\",\"itemListElement\":[{\"@type\":\"ListItem\",\"position\":1,\"name\":\"Home\",\"item\":\"https:\\\/\\\/www.properfees.com\\\/fr\\\/\"},{\"@type\":\"ListItem\",\"position\":2,\"name\":\"Propri\u00e9t\u00e9s\",\"item\":\"https:\\\/\\\/www.properfees.com\\\/fr\\\/proprietes\\\/\"},{\"@type\":\"ListItem\",\"position\":3,\"name\":\"Centre Ville \\\/ Terrassi\u00e8re &#8211; Magnifique 4 pi\u00e8ces de haut standing\"}]},{\"@type\":\"WebSite\",\"@id\":\"https:\\\/\\\/www.properfees.com\\\/fr\\\/#website\",\"url\":\"https:\\\/\\\/www.properfees.com\\\/fr\\\/\",\"name\":\"Properfees\",\"description\":\"Properties at proper fees\",\"potentialAction\":[{\"@type\":\"SearchAction\",\"target\":{\"@type\":\"EntryPoint\",\"urlTemplate\":\"https:\\\/\\\/www.properfees.com\\\/fr\\\/?s={search_term_string}\"},\"query-input\":{\"@type\":\"PropertyValueSpecification\",\"valueRequired\":true,\"valueName\":\"search_term_string\"}}],\"inLanguage\":\"fr-FR\"}]}<\/script>\n<!-- \/ Yoast SEO plugin. -->","yoast_head_json":{"title":"Centre Ville \/ Terrassi\u00e8re - Magnifique 4 pi\u00e8ces de haut standing - Properfees","robots":{"index":"index","follow":"follow","max-snippet":"max-snippet:-1","max-image-preview":"max-image-preview:large","max-video-preview":"max-video-preview:-1"},"canonical":"https:\/\/www.properfees.com\/fr\/property\/centre-ville-terrassiere-magnifique-4-pieces-de-haut-standing\/","og_locale":"fr_FR","og_type":"article","og_title":"Centre Ville \/ Terrassi\u00e8re - Magnifique 4 pi\u00e8ces de haut standing - Properfees","og_description":"Properfees a le plaisir de vous pr\u00e9senter un appartement de quatre pi\u00e8ces, r\u00e9nov\u00e9 avec go\u00fbt dans son ensemble, au premier \u00e9tage (avec ascenseur) d'un immeuble du centre-ville de Gen\u00e8ve.  La propri\u00e9t\u00e9 a \u00e9t\u00e9 r\u00e9cemment r\u00e9nov\u00e9e avec des mat\u00e9riaux de haut standing. Elle comprend un spacieux et lumineux s\u00e9jour avec une cuisine ouverte enti\u00e8rement \u00e9quip\u00e9e, une chambre principale avec rangement int\u00e9gr\u00e9 et une chemin\u00e9e, une deuxi\u00e8me chambre ou bureau, une salle de bains contemporaine et des toilettes s\u00e9par\u00e9es.  Les charges comprenant chauffage, eau chaude et charges PPE s'\u00e9l\u00e8vent \u00e0 CHF 449 .- \/ mois.  Une cave en sous-sol compl\u00e8te ce bien.","og_url":"https:\/\/www.properfees.com\/fr\/property\/centre-ville-terrassiere-magnifique-4-pieces-de-haut-standing\/","og_site_name":"Properfees","og_image":[{"width":1919,"height":1083,"url":"https:\/\/www.properfees.com\/wp-content\/uploads\/2022\/07\/14681472565d1e0053cab3c9.19995920_4d41f1ebc6_1920.jpg","type":"image\/jpeg"}],"twitter_card":"summary_large_image","schema":{"@context":"https:\/\/schema.org","@graph":[{"@type":"WebPage","@id":"https:\/\/www.properfees.com\/fr\/property\/centre-ville-terrassiere-magnifique-4-pieces-de-haut-standing\/","url":"https:\/\/www.properfees.com\/fr\/property\/centre-ville-terrassiere-magnifique-4-pieces-de-haut-standing\/","name":"Centre Ville \/ Terrassi\u00e8re - Magnifique 4 pi\u00e8ces de haut standing - Properfees","isPartOf":{"@id":"https:\/\/www.properfees.com\/fr\/#website"},"primaryImageOfPage":{"@id":"https:\/\/www.properfees.com\/fr\/property\/centre-ville-terrassiere-magnifique-4-pieces-de-haut-standing\/#primaryimage"},"image":{"@id":"https:\/\/www.properfees.com\/fr\/property\/centre-ville-terrassiere-magnifique-4-pieces-de-haut-standing\/#primaryimage"},"thumbnailUrl":"https:\/\/www.properfees.com\/wp-content\/uploads\/2022\/07\/14681472565d1e0053cab3c9.19995920_4d41f1ebc6_1920.jpg","datePublished":"2022-07-09T07:30:18+00:00","breadcrumb":{"@id":"https:\/\/www.properfees.com\/fr\/property\/centre-ville-terrassiere-magnifique-4-pieces-de-haut-standing\/#breadcrumb"},"inLanguage":"fr-FR","potentialAction":[{"@type":"ReadAction","target":["https:\/\/www.properfees.com\/fr\/property\/centre-ville-terrassiere-magnifique-4-pieces-de-haut-standing\/"]}]},{"@type":"ImageObject","inLanguage":"fr-FR","@id":"https:\/\/www.properfees.com\/fr\/property\/centre-ville-terrassiere-magnifique-4-pieces-de-haut-standing\/#primaryimage","url":"https:\/\/www.properfees.com\/wp-content\/uploads\/2022\/07\/14681472565d1e0053cab3c9.19995920_4d41f1ebc6_1920.jpg","contentUrl":"https:\/\/www.properfees.com\/wp-content\/uploads\/2022\/07\/14681472565d1e0053cab3c9.19995920_4d41f1ebc6_1920.jpg","width":1919,"height":1083},{"@type":"BreadcrumbList","@id":"https:\/\/www.properfees.com\/fr\/property\/centre-ville-terrassiere-magnifique-4-pieces-de-haut-standing\/#breadcrumb","itemListElement":[{"@type":"ListItem","position":1,"name":"Home","item":"https:\/\/www.properfees.com\/fr\/"},{"@type":"ListItem","position":2,"name":"Propri\u00e9t\u00e9s","item":"https:\/\/www.properfees.com\/fr\/proprietes\/"},{"@type":"ListItem","position":3,"name":"Centre Ville \/ Terrassi\u00e8re &#8211; Magnifique 4 pi\u00e8ces de haut standing"}]},{"@type":"WebSite","@id":"https:\/\/www.properfees.com\/fr\/#website","url":"https:\/\/www.properfees.com\/fr\/","name":"Properfees","description":"Properties at proper fees","potentialAction":[{"@type":"SearchAction","target":{"@type":"EntryPoint","urlTemplate":"https:\/\/www.properfees.com\/fr\/?s={search_term_string}"},"query-input":{"@type":"PropertyValueSpecification","valueRequired":true,"valueName":"search_term_string"}}],"inLanguage":"fr-FR"}]}},"_links":{"self":[{"href":"https:\/\/www.properfees.com\/fr\/wp-json\/wp\/v2\/product\/6301","targetHints":{"allow":["GET"]}}],"collection":[{"href":"https:\/\/www.properfees.com\/fr\/wp-json\/wp\/v2\/product"}],"about":[{"href":"https:\/\/www.properfees.com\/fr\/wp-json\/wp\/v2\/types\/product"}],"wp:featuredmedia":[{"embeddable":true,"href":"https:\/\/www.properfees.com\/fr\/wp-json\/wp\/v2\/media\/6285"}],"wp:attachment":[{"href":"https:\/\/www.properfees.com\/fr\/wp-json\/wp\/v2\/media?parent=6301"}],"wp:term":[{"taxonomy":"product_brand","embeddable":true,"href":"https:\/\/www.properfees.com\/fr\/wp-json\/wp\/v2\/product_brand?post=6301"},{"taxonomy":"product_cat","embeddable":true,"href":"https:\/\/www.properfees.com\/fr\/wp-json\/wp\/v2\/product_cat?post=6301"},{"taxonomy":"product_tag","embeddable":true,"href":"https:\/\/www.properfees.com\/fr\/wp-json\/wp\/v2\/product_tag?post=6301"}],"curies":[{"name":"wp","href":"https:\/\/api.w.org\/{rel}","templated":true}]}}