{"id":6335,"date":"2022-07-09T07:30:40","date_gmt":"2022-07-09T07:30:40","guid":{"rendered":"https:\/\/www.properfees.com\/property\/maison-mitoyenne-de-10-pieces\/"},"modified":"2022-07-09T07:30:41","modified_gmt":"2022-07-09T07:30:41","slug":"maison-mitoyenne-de-10-pieces","status":"publish","type":"product","link":"https:\/\/www.properfees.com\/fr\/property\/maison-mitoyenne-de-10-pieces\/","title":{"rendered":"Maison mitoyenne de 10 pi\u00e8ces"},"content":{"rendered":"","protected":false},"excerpt":{"rendered":"<p>Properfees est ravi de vous pr\u00e9senter cette \u00e9l\u00e9gante maison jumel\u00e9e situ\u00e9e dans un quartier calme et r\u00e9sidentiel de Th\u00f4nex.<\/p>\n<p>La maison d&rsquo;environ 230 m\u00b2 habitables f\u00fbt enti\u00e8rement r\u00e9nov\u00e9 en 1992 par un architecte d&rsquo;int\u00e9rieur.<\/p>\n<p>Depuis lors, la maison a \u00e9t\u00e9 parfaitement entretenue et a b\u00e9n\u00e9fici\u00e9 de r\u00e9novations r\u00e9guli\u00e8res telles que la piscine (enti\u00e8rement r\u00e9nov\u00e9e en 2018), la terrasse et la cuisine (en 2011).<\/p>\n<p>Le rez-de-chauss\u00e9e comprend un hall d\u2019entr\u00e9e, un bureau, une chambre, un vestiaire avec wc visiteurs et une salle de bains compl\u00e8te, un beau salon double, une salle \u00e0 manger et une cuisine.<\/p>\n<p>Le premier \u00e9tage offre trois chambres \u00e0 coucher, une salle de bains compl\u00e8te et un grenier.<\/p>\n<p>Le sous-sol comprend un garage double acc\u00e9dant directement dans la maison, une buanderie, une pi\u00e8ce de rangements et un studio avec son acc\u00e8s priv\u00e9 et une salle de douches.<\/p>\n<p>La maison est b\u00e2tie sur un terrain d\u2019environ 1620 m\u00b2, offrant un magnifique jardin, une piscine chauff\u00e9e et deux terrasses.<\/p>\n","protected":false},"featured_media":6315,"template":"","meta":[],"product_brand":[],"product_cat":[],"product_tag":[],"class_list":{"0":"post-6335","1":"product","2":"type-product","3":"status-publish","4":"has-post-thumbnail","7":"first","8":"instock","9":"shipping-taxable","10":"purchasable","11":"product-type-simple"},"yoast_head":"<!-- This site is optimized with the Yoast SEO plugin v27.3 - https:\/\/yoast.com\/product\/yoast-seo-wordpress\/ -->\n<title>Maison mitoyenne de 10 pi\u00e8ces - Properfees<\/title>\n<meta name=\"robots\" content=\"index, follow, max-snippet:-1, max-image-preview:large, max-video-preview:-1\" \/>\n<link rel=\"canonical\" href=\"https:\/\/www.properfees.com\/fr\/property\/maison-mitoyenne-de-10-pieces\/\" \/>\n<meta property=\"og:locale\" content=\"fr_FR\" \/>\n<meta property=\"og:type\" content=\"article\" \/>\n<meta property=\"og:title\" content=\"Maison mitoyenne de 10 pi\u00e8ces - Properfees\" \/>\n<meta property=\"og:description\" content=\"Properfees est ravi de vous pr\u00e9senter cette \u00e9l\u00e9gante maison jumel\u00e9e situ\u00e9e dans un quartier calme et r\u00e9sidentiel de Th\u00f4nex.  La maison d&#039;environ 230 m\u00b2 habitables f\u00fbt enti\u00e8rement r\u00e9nov\u00e9 en 1992 par un architecte d&#039;int\u00e9rieur.  Depuis lors, la maison a \u00e9t\u00e9 parfaitement entretenue et a b\u00e9n\u00e9fici\u00e9 de r\u00e9novations r\u00e9guli\u00e8res telles que la piscine (enti\u00e8rement r\u00e9nov\u00e9e en 2018), la terrasse et la cuisine (en 2011).  Le rez-de-chauss\u00e9e comprend un hall d\u2019entr\u00e9e, un bureau, une chambre, un vestiaire avec wc visiteurs et une salle de bains compl\u00e8te, un beau salon double, une salle \u00e0 manger et une cuisine.  Le premier \u00e9tage offre trois chambres \u00e0 coucher, une salle de bains compl\u00e8te et un grenier.  Le sous-sol comprend un garage double acc\u00e9dant directement dans la maison, une buanderie, une pi\u00e8ce de rangements et un studio avec son acc\u00e8s priv\u00e9 et une salle de douches.  La maison est b\u00e2tie sur un terrain d\u2019environ 1620 m\u00b2, offrant un magnifique jardin, une piscine chauff\u00e9e et deux terrasses.\" \/>\n<meta property=\"og:url\" content=\"https:\/\/www.properfees.com\/fr\/property\/maison-mitoyenne-de-10-pieces\/\" \/>\n<meta property=\"og:site_name\" content=\"Properfees\" \/>\n<meta property=\"article:modified_time\" content=\"2022-07-09T07:30:41+00:00\" \/>\n<meta property=\"og:image\" content=\"https:\/\/www.properfees.com\/wp-content\/uploads\/2022\/07\/24336782561c19c4295b887.38297903_595eaf43ef_1920.jpg\" \/>\n\t<meta property=\"og:image:width\" content=\"1920\" \/>\n\t<meta property=\"og:image:height\" content=\"1081\" \/>\n\t<meta property=\"og:image:type\" content=\"image\/jpeg\" \/>\n<meta name=\"twitter:card\" content=\"summary_large_image\" \/>\n<script type=\"application\/ld+json\" class=\"yoast-schema-graph\">{\"@context\":\"https:\\\/\\\/schema.org\",\"@graph\":[{\"@type\":\"WebPage\",\"@id\":\"https:\\\/\\\/www.properfees.com\\\/fr\\\/property\\\/maison-mitoyenne-de-10-pieces\\\/\",\"url\":\"https:\\\/\\\/www.properfees.com\\\/fr\\\/property\\\/maison-mitoyenne-de-10-pieces\\\/\",\"name\":\"Maison mitoyenne de 10 pi\u00e8ces - Properfees\",\"isPartOf\":{\"@id\":\"https:\\\/\\\/www.properfees.com\\\/fr\\\/#website\"},\"primaryImageOfPage\":{\"@id\":\"https:\\\/\\\/www.properfees.com\\\/fr\\\/property\\\/maison-mitoyenne-de-10-pieces\\\/#primaryimage\"},\"image\":{\"@id\":\"https:\\\/\\\/www.properfees.com\\\/fr\\\/property\\\/maison-mitoyenne-de-10-pieces\\\/#primaryimage\"},\"thumbnailUrl\":\"https:\\\/\\\/www.properfees.com\\\/wp-content\\\/uploads\\\/2022\\\/07\\\/24336782561c19c4295b887.38297903_595eaf43ef_1920.jpg\",\"datePublished\":\"2022-07-09T07:30:40+00:00\",\"dateModified\":\"2022-07-09T07:30:41+00:00\",\"breadcrumb\":{\"@id\":\"https:\\\/\\\/www.properfees.com\\\/fr\\\/property\\\/maison-mitoyenne-de-10-pieces\\\/#breadcrumb\"},\"inLanguage\":\"fr-FR\",\"potentialAction\":[{\"@type\":\"ReadAction\",\"target\":[\"https:\\\/\\\/www.properfees.com\\\/fr\\\/property\\\/maison-mitoyenne-de-10-pieces\\\/\"]}]},{\"@type\":\"ImageObject\",\"inLanguage\":\"fr-FR\",\"@id\":\"https:\\\/\\\/www.properfees.com\\\/fr\\\/property\\\/maison-mitoyenne-de-10-pieces\\\/#primaryimage\",\"url\":\"https:\\\/\\\/www.properfees.com\\\/wp-content\\\/uploads\\\/2022\\\/07\\\/24336782561c19c4295b887.38297903_595eaf43ef_1920.jpg\",\"contentUrl\":\"https:\\\/\\\/www.properfees.com\\\/wp-content\\\/uploads\\\/2022\\\/07\\\/24336782561c19c4295b887.38297903_595eaf43ef_1920.jpg\",\"width\":1920,\"height\":1081},{\"@type\":\"BreadcrumbList\",\"@id\":\"https:\\\/\\\/www.properfees.com\\\/fr\\\/property\\\/maison-mitoyenne-de-10-pieces\\\/#breadcrumb\",\"itemListElement\":[{\"@type\":\"ListItem\",\"position\":1,\"name\":\"Home\",\"item\":\"https:\\\/\\\/www.properfees.com\\\/fr\\\/\"},{\"@type\":\"ListItem\",\"position\":2,\"name\":\"Propri\u00e9t\u00e9s\",\"item\":\"https:\\\/\\\/www.properfees.com\\\/fr\\\/proprietes\\\/\"},{\"@type\":\"ListItem\",\"position\":3,\"name\":\"Maison mitoyenne de 10 pi\u00e8ces\"}]},{\"@type\":\"WebSite\",\"@id\":\"https:\\\/\\\/www.properfees.com\\\/fr\\\/#website\",\"url\":\"https:\\\/\\\/www.properfees.com\\\/fr\\\/\",\"name\":\"Properfees\",\"description\":\"Properties at proper fees\",\"potentialAction\":[{\"@type\":\"SearchAction\",\"target\":{\"@type\":\"EntryPoint\",\"urlTemplate\":\"https:\\\/\\\/www.properfees.com\\\/fr\\\/?s={search_term_string}\"},\"query-input\":{\"@type\":\"PropertyValueSpecification\",\"valueRequired\":true,\"valueName\":\"search_term_string\"}}],\"inLanguage\":\"fr-FR\"}]}<\/script>\n<!-- \/ Yoast SEO plugin. -->","yoast_head_json":{"title":"Maison mitoyenne de 10 pi\u00e8ces - Properfees","robots":{"index":"index","follow":"follow","max-snippet":"max-snippet:-1","max-image-preview":"max-image-preview:large","max-video-preview":"max-video-preview:-1"},"canonical":"https:\/\/www.properfees.com\/fr\/property\/maison-mitoyenne-de-10-pieces\/","og_locale":"fr_FR","og_type":"article","og_title":"Maison mitoyenne de 10 pi\u00e8ces - Properfees","og_description":"Properfees est ravi de vous pr\u00e9senter cette \u00e9l\u00e9gante maison jumel\u00e9e situ\u00e9e dans un quartier calme et r\u00e9sidentiel de Th\u00f4nex.  La maison d'environ 230 m\u00b2 habitables f\u00fbt enti\u00e8rement r\u00e9nov\u00e9 en 1992 par un architecte d'int\u00e9rieur.  Depuis lors, la maison a \u00e9t\u00e9 parfaitement entretenue et a b\u00e9n\u00e9fici\u00e9 de r\u00e9novations r\u00e9guli\u00e8res telles que la piscine (enti\u00e8rement r\u00e9nov\u00e9e en 2018), la terrasse et la cuisine (en 2011).  Le rez-de-chauss\u00e9e comprend un hall d\u2019entr\u00e9e, un bureau, une chambre, un vestiaire avec wc visiteurs et une salle de bains compl\u00e8te, un beau salon double, une salle \u00e0 manger et une cuisine.  Le premier \u00e9tage offre trois chambres \u00e0 coucher, une salle de bains compl\u00e8te et un grenier.  Le sous-sol comprend un garage double acc\u00e9dant directement dans la maison, une buanderie, une pi\u00e8ce de rangements et un studio avec son acc\u00e8s priv\u00e9 et une salle de douches.  La maison est b\u00e2tie sur un terrain d\u2019environ 1620 m\u00b2, offrant un magnifique jardin, une piscine chauff\u00e9e et deux terrasses.","og_url":"https:\/\/www.properfees.com\/fr\/property\/maison-mitoyenne-de-10-pieces\/","og_site_name":"Properfees","article_modified_time":"2022-07-09T07:30:41+00:00","og_image":[{"width":1920,"height":1081,"url":"https:\/\/www.properfees.com\/wp-content\/uploads\/2022\/07\/24336782561c19c4295b887.38297903_595eaf43ef_1920.jpg","type":"image\/jpeg"}],"twitter_card":"summary_large_image","schema":{"@context":"https:\/\/schema.org","@graph":[{"@type":"WebPage","@id":"https:\/\/www.properfees.com\/fr\/property\/maison-mitoyenne-de-10-pieces\/","url":"https:\/\/www.properfees.com\/fr\/property\/maison-mitoyenne-de-10-pieces\/","name":"Maison mitoyenne de 10 pi\u00e8ces - Properfees","isPartOf":{"@id":"https:\/\/www.properfees.com\/fr\/#website"},"primaryImageOfPage":{"@id":"https:\/\/www.properfees.com\/fr\/property\/maison-mitoyenne-de-10-pieces\/#primaryimage"},"image":{"@id":"https:\/\/www.properfees.com\/fr\/property\/maison-mitoyenne-de-10-pieces\/#primaryimage"},"thumbnailUrl":"https:\/\/www.properfees.com\/wp-content\/uploads\/2022\/07\/24336782561c19c4295b887.38297903_595eaf43ef_1920.jpg","datePublished":"2022-07-09T07:30:40+00:00","dateModified":"2022-07-09T07:30:41+00:00","breadcrumb":{"@id":"https:\/\/www.properfees.com\/fr\/property\/maison-mitoyenne-de-10-pieces\/#breadcrumb"},"inLanguage":"fr-FR","potentialAction":[{"@type":"ReadAction","target":["https:\/\/www.properfees.com\/fr\/property\/maison-mitoyenne-de-10-pieces\/"]}]},{"@type":"ImageObject","inLanguage":"fr-FR","@id":"https:\/\/www.properfees.com\/fr\/property\/maison-mitoyenne-de-10-pieces\/#primaryimage","url":"https:\/\/www.properfees.com\/wp-content\/uploads\/2022\/07\/24336782561c19c4295b887.38297903_595eaf43ef_1920.jpg","contentUrl":"https:\/\/www.properfees.com\/wp-content\/uploads\/2022\/07\/24336782561c19c4295b887.38297903_595eaf43ef_1920.jpg","width":1920,"height":1081},{"@type":"BreadcrumbList","@id":"https:\/\/www.properfees.com\/fr\/property\/maison-mitoyenne-de-10-pieces\/#breadcrumb","itemListElement":[{"@type":"ListItem","position":1,"name":"Home","item":"https:\/\/www.properfees.com\/fr\/"},{"@type":"ListItem","position":2,"name":"Propri\u00e9t\u00e9s","item":"https:\/\/www.properfees.com\/fr\/proprietes\/"},{"@type":"ListItem","position":3,"name":"Maison mitoyenne de 10 pi\u00e8ces"}]},{"@type":"WebSite","@id":"https:\/\/www.properfees.com\/fr\/#website","url":"https:\/\/www.properfees.com\/fr\/","name":"Properfees","description":"Properties at proper fees","potentialAction":[{"@type":"SearchAction","target":{"@type":"EntryPoint","urlTemplate":"https:\/\/www.properfees.com\/fr\/?s={search_term_string}"},"query-input":{"@type":"PropertyValueSpecification","valueRequired":true,"valueName":"search_term_string"}}],"inLanguage":"fr-FR"}]}},"_links":{"self":[{"href":"https:\/\/www.properfees.com\/fr\/wp-json\/wp\/v2\/product\/6335","targetHints":{"allow":["GET"]}}],"collection":[{"href":"https:\/\/www.properfees.com\/fr\/wp-json\/wp\/v2\/product"}],"about":[{"href":"https:\/\/www.properfees.com\/fr\/wp-json\/wp\/v2\/types\/product"}],"wp:featuredmedia":[{"embeddable":true,"href":"https:\/\/www.properfees.com\/fr\/wp-json\/wp\/v2\/media\/6315"}],"wp:attachment":[{"href":"https:\/\/www.properfees.com\/fr\/wp-json\/wp\/v2\/media?parent=6335"}],"wp:term":[{"taxonomy":"product_brand","embeddable":true,"href":"https:\/\/www.properfees.com\/fr\/wp-json\/wp\/v2\/product_brand?post=6335"},{"taxonomy":"product_cat","embeddable":true,"href":"https:\/\/www.properfees.com\/fr\/wp-json\/wp\/v2\/product_cat?post=6335"},{"taxonomy":"product_tag","embeddable":true,"href":"https:\/\/www.properfees.com\/fr\/wp-json\/wp\/v2\/product_tag?post=6335"}],"curies":[{"name":"wp","href":"https:\/\/api.w.org\/{rel}","templated":true}]}}