{"id":6362,"date":"2022-07-09T07:31:13","date_gmt":"2022-07-09T07:31:13","guid":{"rendered":"https:\/\/www.properfees.com\/property\/riviera-azizi-projet-dappartements-residentiels\/"},"modified":"2022-07-09T07:31:13","modified_gmt":"2022-07-09T07:31:13","slug":"riviera-azizi-projet-dappartements-residentiels","status":"publish","type":"product","link":"https:\/\/www.properfees.com\/fr\/property\/riviera-azizi-projet-dappartements-residentiels\/","title":{"rendered":"Riviera &#8211; Azizi &#8211; Projet d&rsquo;Appartements R\u00e9sidentiels"},"content":{"rendered":"","protected":false},"excerpt":{"rendered":"<p>Properfees pr\u00e9sente Azizi Riviera, une communaut\u00e9 riveraine situ\u00e9e au c\u0153ur de Meydan dans la ville de Mohammad bin Rashid, juste \u00e0 c\u00f4t\u00e9 du plus grand centre commercial \u00e0 venir, Meydan One Mall avec la plus longue piste de ski int\u00e9rieure, la plus haute tour r\u00e9sidentielle, Duba\u00ef One Tower, le canal d&rsquo;eau, la plus haute fontaine et nouvelle ligne de m\u00e9tro.<\/p>\n<p>La ville de Mohammed Bin Rashid, connue sous le nom de MBR City, est l&rsquo;un des plus grands d\u00e9veloppements \u00e0 usage mixte et zones franches de Duba\u00ef. Annonc\u00e9 au second semestre 2012 par le souverain de l&rsquo;\u00e9mirat Son Altesse Cheikh Mohammed Bin Rashid Al Maktoum, le co\u00fbt estim\u00e9 du projet est de 30 milliards d&rsquo;AED. Le d\u00e9veloppement comprend des attractions touristiques \u00e0 la pointe de la technologie, une plaque tournante d&rsquo;activit\u00e9s de loisirs, le plus grand centre commercial du monde, un parc \u00e0 grande \u00e9chelle, le plus grand lagon artificiel du monde plus de 4 millions de m2 de propri\u00e9t\u00e9 en zone franche.<\/p>\n<p>Le projet Rivera se compose de 69 immeubles r\u00e9sidentiels de hauteur moyenne, d&rsquo;une immense zone commerciale int\u00e9gr\u00e9e, de vues imprenables sur le front de mer et d&rsquo;une v\u00e9g\u00e9tation luxuriante. La Riviera invite ses r\u00e9sidents \u00e0 se sentir chez eux et \u00e0 faire partie d&rsquo;une communaut\u00e9 diversifi\u00e9e et multiculturelle. Les activit\u00e9s de plein air familiales, les loisirs, les restaurants et les ventes au d\u00e9tail font partie de la vie quotidienne.<\/p>\n<p>PROPRI\u00c9T\u00c9S<br \/>\nStudio : ~29 m2 ; Prix \u200b\u200bde d\u00e9part : 700 000 AED ;<br \/>\nAppartment 1 chambre : ~ 43 m2; Prix \u200b\u200bde d\u00e9part : 926 000 AED ;<br \/>\nAppartment 2 chambres : ~ 92 m2 ; Prix \u200b\u200bde d\u00e9part : 1,6 million d&rsquo;AED ;<br \/>\nAppartment 3 chambres : ~ 102 m2 ; Prix \u200b\u200bde d\u00e9part : 2,4 millions d&rsquo;AED<\/p>\n<p>AUTRES RENSEIGNEMENTS<br \/>\nPlan de paiement : 30 % pendant la construction + 70 % \u00e0 la livraison ;<br \/>\nDate d&rsquo;ach\u00e8vement pr\u00e9vue Phase 1 : Q1. 2022<\/p>\n<p>POUR PLUS D&rsquo;INFORMATIONS<br \/>\nProperfees<br \/>\nwww.properfees.com<br \/>\ninfo@properfees.com<\/p>\n","protected":false},"featured_media":6342,"template":"","meta":[],"product_brand":[],"product_cat":[],"product_tag":[],"class_list":{"0":"post-6362","1":"product","2":"type-product","3":"status-publish","4":"has-post-thumbnail","7":"first","8":"instock","9":"shipping-taxable","10":"purchasable","11":"product-type-simple"},"yoast_head":"<!-- This site is optimized with the Yoast SEO plugin v27.5 - https:\/\/yoast.com\/product\/yoast-seo-wordpress\/ -->\n<title>Riviera - Azizi - Projet d&#039;Appartements R\u00e9sidentiels - Properfees<\/title>\n<meta name=\"robots\" content=\"index, follow, max-snippet:-1, max-image-preview:large, max-video-preview:-1\" \/>\n<link rel=\"canonical\" href=\"https:\/\/www.properfees.com\/fr\/property\/riviera-azizi-projet-dappartements-residentiels\/\" \/>\n<meta property=\"og:locale\" content=\"fr_FR\" \/>\n<meta property=\"og:type\" content=\"article\" \/>\n<meta property=\"og:title\" content=\"Riviera - Azizi - Projet d&#039;Appartements R\u00e9sidentiels - Properfees\" \/>\n<meta property=\"og:description\" content=\"Properfees pr\u00e9sente Azizi Riviera, une communaut\u00e9 riveraine situ\u00e9e au c\u0153ur de Meydan dans la ville de Mohammad bin Rashid, juste \u00e0 c\u00f4t\u00e9 du plus grand centre commercial \u00e0 venir, Meydan One Mall avec la plus longue piste de ski int\u00e9rieure, la plus haute tour r\u00e9sidentielle, Duba\u00ef One Tower, le canal d&#039;eau, la plus haute fontaine et nouvelle ligne de m\u00e9tro.  La ville de Mohammed Bin Rashid, connue sous le nom de MBR City, est l&#039;un des plus grands d\u00e9veloppements \u00e0 usage mixte et zones franches de Duba\u00ef. Annonc\u00e9 au second semestre 2012 par le souverain de l&#039;\u00e9mirat Son Altesse Cheikh Mohammed Bin Rashid Al Maktoum, le co\u00fbt estim\u00e9 du projet est de 30 milliards d&#039;AED. Le d\u00e9veloppement comprend des attractions touristiques \u00e0 la pointe de la technologie, une plaque tournante d&#039;activit\u00e9s de loisirs, le plus grand centre commercial du monde, un parc \u00e0 grande \u00e9chelle, le plus grand lagon artificiel du monde plus de 4 millions de m2 de propri\u00e9t\u00e9 en zone franche.  Le projet Rivera se compose de 69 immeubles r\u00e9sidentiels de hauteur moyenne, d&#039;une immense zone commerciale int\u00e9gr\u00e9e, de vues imprenables sur le front de mer et d&#039;une v\u00e9g\u00e9tation luxuriante. La Riviera invite ses r\u00e9sidents \u00e0 se sentir chez eux et \u00e0 faire partie d&#039;une communaut\u00e9 diversifi\u00e9e et multiculturelle. Les activit\u00e9s de plein air familiales, les loisirs, les restaurants et les ventes au d\u00e9tail font partie de la vie quotidienne.  PROPRI\u00c9T\u00c9S Studio : ~29 m2 ; Prix \u200b\u200bde d\u00e9part : 700 000 AED ; Appartment 1 chambre : ~ 43 m2; Prix \u200b\u200bde d\u00e9part : 926 000 AED ; Appartment 2 chambres : ~ 92 m2 ; Prix \u200b\u200bde d\u00e9part : 1,6 million d&#039;AED ; Appartment 3 chambres : ~ 102 m2 ; Prix \u200b\u200bde d\u00e9part : 2,4 millions d&#039;AED  AUTRES RENSEIGNEMENTS Plan de paiement : 30 % pendant la construction + 70 % \u00e0 la livraison ; Date d&#039;ach\u00e8vement pr\u00e9vue Phase 1 : Q1. 2022  POUR PLUS D&#039;INFORMATIONS Properfees www.properfees.com info@properfees.com\" \/>\n<meta property=\"og:url\" content=\"https:\/\/www.properfees.com\/fr\/property\/riviera-azizi-projet-dappartements-residentiels\/\" \/>\n<meta property=\"og:site_name\" content=\"Properfees\" \/>\n<meta property=\"og:image\" content=\"https:\/\/www.properfees.com\/wp-content\/uploads\/2022\/07\/76813681461dfe99e07ae94.92335525_03e614fc42_1920.jpg\" \/>\n\t<meta property=\"og:image:width\" content=\"1920\" \/>\n\t<meta property=\"og:image:height\" content=\"1081\" \/>\n\t<meta property=\"og:image:type\" content=\"image\/jpeg\" \/>\n<meta name=\"twitter:card\" content=\"summary_large_image\" \/>\n<script type=\"application\/ld+json\" class=\"yoast-schema-graph\">{\"@context\":\"https:\\\/\\\/schema.org\",\"@graph\":[{\"@type\":\"WebPage\",\"@id\":\"https:\\\/\\\/www.properfees.com\\\/fr\\\/property\\\/riviera-azizi-projet-dappartements-residentiels\\\/\",\"url\":\"https:\\\/\\\/www.properfees.com\\\/fr\\\/property\\\/riviera-azizi-projet-dappartements-residentiels\\\/\",\"name\":\"Riviera - Azizi - Projet d'Appartements R\u00e9sidentiels - Properfees\",\"isPartOf\":{\"@id\":\"https:\\\/\\\/www.properfees.com\\\/fr\\\/#website\"},\"primaryImageOfPage\":{\"@id\":\"https:\\\/\\\/www.properfees.com\\\/fr\\\/property\\\/riviera-azizi-projet-dappartements-residentiels\\\/#primaryimage\"},\"image\":{\"@id\":\"https:\\\/\\\/www.properfees.com\\\/fr\\\/property\\\/riviera-azizi-projet-dappartements-residentiels\\\/#primaryimage\"},\"thumbnailUrl\":\"https:\\\/\\\/www.properfees.com\\\/wp-content\\\/uploads\\\/2022\\\/07\\\/76813681461dfe99e07ae94.92335525_03e614fc42_1920.jpg\",\"datePublished\":\"2022-07-09T07:31:13+00:00\",\"breadcrumb\":{\"@id\":\"https:\\\/\\\/www.properfees.com\\\/fr\\\/property\\\/riviera-azizi-projet-dappartements-residentiels\\\/#breadcrumb\"},\"inLanguage\":\"fr-FR\",\"potentialAction\":[{\"@type\":\"ReadAction\",\"target\":[\"https:\\\/\\\/www.properfees.com\\\/fr\\\/property\\\/riviera-azizi-projet-dappartements-residentiels\\\/\"]}]},{\"@type\":\"ImageObject\",\"inLanguage\":\"fr-FR\",\"@id\":\"https:\\\/\\\/www.properfees.com\\\/fr\\\/property\\\/riviera-azizi-projet-dappartements-residentiels\\\/#primaryimage\",\"url\":\"https:\\\/\\\/www.properfees.com\\\/wp-content\\\/uploads\\\/2022\\\/07\\\/76813681461dfe99e07ae94.92335525_03e614fc42_1920.jpg\",\"contentUrl\":\"https:\\\/\\\/www.properfees.com\\\/wp-content\\\/uploads\\\/2022\\\/07\\\/76813681461dfe99e07ae94.92335525_03e614fc42_1920.jpg\",\"width\":1920,\"height\":1081},{\"@type\":\"BreadcrumbList\",\"@id\":\"https:\\\/\\\/www.properfees.com\\\/fr\\\/property\\\/riviera-azizi-projet-dappartements-residentiels\\\/#breadcrumb\",\"itemListElement\":[{\"@type\":\"ListItem\",\"position\":1,\"name\":\"Home\",\"item\":\"https:\\\/\\\/www.properfees.com\\\/fr\\\/\"},{\"@type\":\"ListItem\",\"position\":2,\"name\":\"Propri\u00e9t\u00e9s\",\"item\":\"https:\\\/\\\/www.properfees.com\\\/fr\\\/proprietes\\\/\"},{\"@type\":\"ListItem\",\"position\":3,\"name\":\"Riviera &#8211; Azizi &#8211; Projet d&#8217;Appartements R\u00e9sidentiels\"}]},{\"@type\":\"WebSite\",\"@id\":\"https:\\\/\\\/www.properfees.com\\\/fr\\\/#website\",\"url\":\"https:\\\/\\\/www.properfees.com\\\/fr\\\/\",\"name\":\"Properfees\",\"description\":\"Properties at proper fees\",\"potentialAction\":[{\"@type\":\"SearchAction\",\"target\":{\"@type\":\"EntryPoint\",\"urlTemplate\":\"https:\\\/\\\/www.properfees.com\\\/fr\\\/?s={search_term_string}\"},\"query-input\":{\"@type\":\"PropertyValueSpecification\",\"valueRequired\":true,\"valueName\":\"search_term_string\"}}],\"inLanguage\":\"fr-FR\"}]}<\/script>\n<!-- \/ Yoast SEO plugin. -->","yoast_head_json":{"title":"Riviera - Azizi - Projet d'Appartements R\u00e9sidentiels - Properfees","robots":{"index":"index","follow":"follow","max-snippet":"max-snippet:-1","max-image-preview":"max-image-preview:large","max-video-preview":"max-video-preview:-1"},"canonical":"https:\/\/www.properfees.com\/fr\/property\/riviera-azizi-projet-dappartements-residentiels\/","og_locale":"fr_FR","og_type":"article","og_title":"Riviera - Azizi - Projet d'Appartements R\u00e9sidentiels - Properfees","og_description":"Properfees pr\u00e9sente Azizi Riviera, une communaut\u00e9 riveraine situ\u00e9e au c\u0153ur de Meydan dans la ville de Mohammad bin Rashid, juste \u00e0 c\u00f4t\u00e9 du plus grand centre commercial \u00e0 venir, Meydan One Mall avec la plus longue piste de ski int\u00e9rieure, la plus haute tour r\u00e9sidentielle, Duba\u00ef One Tower, le canal d'eau, la plus haute fontaine et nouvelle ligne de m\u00e9tro.  La ville de Mohammed Bin Rashid, connue sous le nom de MBR City, est l'un des plus grands d\u00e9veloppements \u00e0 usage mixte et zones franches de Duba\u00ef. Annonc\u00e9 au second semestre 2012 par le souverain de l'\u00e9mirat Son Altesse Cheikh Mohammed Bin Rashid Al Maktoum, le co\u00fbt estim\u00e9 du projet est de 30 milliards d'AED. Le d\u00e9veloppement comprend des attractions touristiques \u00e0 la pointe de la technologie, une plaque tournante d'activit\u00e9s de loisirs, le plus grand centre commercial du monde, un parc \u00e0 grande \u00e9chelle, le plus grand lagon artificiel du monde plus de 4 millions de m2 de propri\u00e9t\u00e9 en zone franche.  Le projet Rivera se compose de 69 immeubles r\u00e9sidentiels de hauteur moyenne, d'une immense zone commerciale int\u00e9gr\u00e9e, de vues imprenables sur le front de mer et d'une v\u00e9g\u00e9tation luxuriante. La Riviera invite ses r\u00e9sidents \u00e0 se sentir chez eux et \u00e0 faire partie d'une communaut\u00e9 diversifi\u00e9e et multiculturelle. Les activit\u00e9s de plein air familiales, les loisirs, les restaurants et les ventes au d\u00e9tail font partie de la vie quotidienne.  PROPRI\u00c9T\u00c9S Studio : ~29 m2 ; Prix \u200b\u200bde d\u00e9part : 700 000 AED ; Appartment 1 chambre : ~ 43 m2; Prix \u200b\u200bde d\u00e9part : 926 000 AED ; Appartment 2 chambres : ~ 92 m2 ; Prix \u200b\u200bde d\u00e9part : 1,6 million d'AED ; Appartment 3 chambres : ~ 102 m2 ; Prix \u200b\u200bde d\u00e9part : 2,4 millions d'AED  AUTRES RENSEIGNEMENTS Plan de paiement : 30 % pendant la construction + 70 % \u00e0 la livraison ; Date d'ach\u00e8vement pr\u00e9vue Phase 1 : Q1. 2022  POUR PLUS D'INFORMATIONS Properfees www.properfees.com info@properfees.com","og_url":"https:\/\/www.properfees.com\/fr\/property\/riviera-azizi-projet-dappartements-residentiels\/","og_site_name":"Properfees","og_image":[{"width":1920,"height":1081,"url":"https:\/\/www.properfees.com\/wp-content\/uploads\/2022\/07\/76813681461dfe99e07ae94.92335525_03e614fc42_1920.jpg","type":"image\/jpeg"}],"twitter_card":"summary_large_image","schema":{"@context":"https:\/\/schema.org","@graph":[{"@type":"WebPage","@id":"https:\/\/www.properfees.com\/fr\/property\/riviera-azizi-projet-dappartements-residentiels\/","url":"https:\/\/www.properfees.com\/fr\/property\/riviera-azizi-projet-dappartements-residentiels\/","name":"Riviera - Azizi - Projet d'Appartements R\u00e9sidentiels - Properfees","isPartOf":{"@id":"https:\/\/www.properfees.com\/fr\/#website"},"primaryImageOfPage":{"@id":"https:\/\/www.properfees.com\/fr\/property\/riviera-azizi-projet-dappartements-residentiels\/#primaryimage"},"image":{"@id":"https:\/\/www.properfees.com\/fr\/property\/riviera-azizi-projet-dappartements-residentiels\/#primaryimage"},"thumbnailUrl":"https:\/\/www.properfees.com\/wp-content\/uploads\/2022\/07\/76813681461dfe99e07ae94.92335525_03e614fc42_1920.jpg","datePublished":"2022-07-09T07:31:13+00:00","breadcrumb":{"@id":"https:\/\/www.properfees.com\/fr\/property\/riviera-azizi-projet-dappartements-residentiels\/#breadcrumb"},"inLanguage":"fr-FR","potentialAction":[{"@type":"ReadAction","target":["https:\/\/www.properfees.com\/fr\/property\/riviera-azizi-projet-dappartements-residentiels\/"]}]},{"@type":"ImageObject","inLanguage":"fr-FR","@id":"https:\/\/www.properfees.com\/fr\/property\/riviera-azizi-projet-dappartements-residentiels\/#primaryimage","url":"https:\/\/www.properfees.com\/wp-content\/uploads\/2022\/07\/76813681461dfe99e07ae94.92335525_03e614fc42_1920.jpg","contentUrl":"https:\/\/www.properfees.com\/wp-content\/uploads\/2022\/07\/76813681461dfe99e07ae94.92335525_03e614fc42_1920.jpg","width":1920,"height":1081},{"@type":"BreadcrumbList","@id":"https:\/\/www.properfees.com\/fr\/property\/riviera-azizi-projet-dappartements-residentiels\/#breadcrumb","itemListElement":[{"@type":"ListItem","position":1,"name":"Home","item":"https:\/\/www.properfees.com\/fr\/"},{"@type":"ListItem","position":2,"name":"Propri\u00e9t\u00e9s","item":"https:\/\/www.properfees.com\/fr\/proprietes\/"},{"@type":"ListItem","position":3,"name":"Riviera &#8211; Azizi &#8211; Projet d&#8217;Appartements R\u00e9sidentiels"}]},{"@type":"WebSite","@id":"https:\/\/www.properfees.com\/fr\/#website","url":"https:\/\/www.properfees.com\/fr\/","name":"Properfees","description":"Properties at proper fees","potentialAction":[{"@type":"SearchAction","target":{"@type":"EntryPoint","urlTemplate":"https:\/\/www.properfees.com\/fr\/?s={search_term_string}"},"query-input":{"@type":"PropertyValueSpecification","valueRequired":true,"valueName":"search_term_string"}}],"inLanguage":"fr-FR"}]}},"_links":{"self":[{"href":"https:\/\/www.properfees.com\/fr\/wp-json\/wp\/v2\/product\/6362","targetHints":{"allow":["GET"]}}],"collection":[{"href":"https:\/\/www.properfees.com\/fr\/wp-json\/wp\/v2\/product"}],"about":[{"href":"https:\/\/www.properfees.com\/fr\/wp-json\/wp\/v2\/types\/product"}],"wp:featuredmedia":[{"embeddable":true,"href":"https:\/\/www.properfees.com\/fr\/wp-json\/wp\/v2\/media\/6342"}],"wp:attachment":[{"href":"https:\/\/www.properfees.com\/fr\/wp-json\/wp\/v2\/media?parent=6362"}],"wp:term":[{"taxonomy":"product_brand","embeddable":true,"href":"https:\/\/www.properfees.com\/fr\/wp-json\/wp\/v2\/product_brand?post=6362"},{"taxonomy":"product_cat","embeddable":true,"href":"https:\/\/www.properfees.com\/fr\/wp-json\/wp\/v2\/product_cat?post=6362"},{"taxonomy":"product_tag","embeddable":true,"href":"https:\/\/www.properfees.com\/fr\/wp-json\/wp\/v2\/product_tag?post=6362"}],"curies":[{"name":"wp","href":"https:\/\/api.w.org\/{rel}","templated":true}]}}