{"id":6422,"date":"2022-07-09T07:32:22","date_gmt":"2022-07-09T07:32:22","guid":{"rendered":"https:\/\/www.properfees.com\/property\/golf-links-emaar-sud-villa\/"},"modified":"2022-07-09T07:32:23","modified_gmt":"2022-07-09T07:32:23","slug":"golf-links-emaar-sud-villa","status":"publish","type":"product","link":"https:\/\/www.properfees.com\/fr\/property\/golf-links-emaar-sud-villa\/","title":{"rendered":"Golf Links &#8211; Emaar Sud &#8211; Villa"},"content":{"rendered":"","protected":false},"excerpt":{"rendered":"<p>Properfees pr\u00e9sente cette villa r\u00e9cemment construite situ\u00e9e dans le quartier le plus tranquille de Duba\u00ef, entour\u00e9e de jardins paysagers luxuriants avec tous les meilleurs \u00e9quipements et commodit\u00e9s juste au coin de la rue. Golf Links by Emaar propose de superbes maisons r\u00e9sidentielles modernes avec des am\u00e9nagements adapt\u00e9s aux familles allant de villas ind\u00e9pendantes de 4 \u00e0 5 chambres \u00e0 c\u00f4t\u00e9 d&rsquo;un parcours de golf de championnat de 18 trous de classe mondiale. Il reste une villa en vente.<\/p>\n<p>La vie \u00e0 Golf Links \u00e0 Emaar South est loin de l&rsquo;agitation de la ville principale sans compromettre son accessibilit\u00e9. Emaar South est un d\u00e9veloppement sur plan haut de gamme, une partie de Duba\u00ef Sud, id\u00e9alement positionn\u00e9 entre Duba\u00ef et Abu Dhabi, \u00e0 quelques minutes du site de l&rsquo;Expo 2020. Ce d\u00e9veloppement \u00e0 usage mixte sera la future maison, rejoignant Golf Links pour offrir un mode de vie sup\u00e9rieur aux r\u00e9sidents de la ville intelligente pr\u00eats \u00e0 devenir la plaque tournante de l&rsquo;\u00e9conomie mondiale.<\/p>\n<p>D\u00e9tendez-vous dans la qui\u00e9tude d&rsquo;un \u00e9crin de verdure. Pr\u00e9sent\u00e9 par Emaar &#8211; L&rsquo;un des principaux d\u00e9veloppeurs au monde fournissant des propri\u00e9t\u00e9s immobili\u00e8res et commerciales. Entourant le paysage verdoyant d&rsquo;un parcours de golf de classe mondiale, Golf Links est une communaut\u00e9 idyllique comprenant des villas modernes, des installations ultramodernes et des commerces \u00e0 proximit\u00e9.<\/p>\n<p>POINTS FORTS DU PROJET<br \/>\nPr\u00eat \u00e0 emm\u00e9nager<br \/>\nParcours de golf de championnat de classe mondiale de 18 trous<br \/>\nSitu\u00e9 \u00e0 quelques minutes du site EXPO 2020<\/p>\n<p>PROPRI\u00c9T\u00c9<br \/>\nVilla individuelle de 4 chambres \u00e0 coucher : zone b\u00e2tie ~274 m2 ; Prix \u200b\u200bde d\u00e9part : 3,61 millions d&rsquo;AED<\/p>\n<p>AUTRES RENSEIGNEMENTS<br \/>\nAcompte de 25 % pour emm\u00e9nager\/location + 75 % 3 ans apr\u00e8s la remise des versements ;<br \/>\nPr\u00eat \u00e0 emm\u00e9nager \/ Louer<\/p>\n<p>POUR PLUS D&rsquo;INFORMATIONS<br \/>\nProperfees<br \/>\nwww.properfees.com<br \/>\ninfo@properfees.com<\/p>\n","protected":false},"featured_media":6397,"template":"","meta":[],"product_brand":[],"product_cat":[],"product_tag":[],"class_list":{"0":"post-6422","1":"product","2":"type-product","3":"status-publish","4":"has-post-thumbnail","7":"first","8":"instock","9":"shipping-taxable","10":"purchasable","11":"product-type-simple"},"yoast_head":"<!-- This site is optimized with the Yoast SEO plugin v27.5 - https:\/\/yoast.com\/product\/yoast-seo-wordpress\/ -->\n<title>Golf Links - Emaar Sud - Villa - Properfees<\/title>\n<meta name=\"robots\" content=\"index, follow, max-snippet:-1, max-image-preview:large, max-video-preview:-1\" \/>\n<link rel=\"canonical\" href=\"https:\/\/www.properfees.com\/fr\/property\/golf-links-emaar-sud-villa\/\" \/>\n<meta property=\"og:locale\" content=\"fr_FR\" \/>\n<meta property=\"og:type\" content=\"article\" \/>\n<meta property=\"og:title\" content=\"Golf Links - Emaar Sud - Villa - Properfees\" \/>\n<meta property=\"og:description\" content=\"Properfees pr\u00e9sente cette villa r\u00e9cemment construite situ\u00e9e dans le quartier le plus tranquille de Duba\u00ef, entour\u00e9e de jardins paysagers luxuriants avec tous les meilleurs \u00e9quipements et commodit\u00e9s juste au coin de la rue. Golf Links by Emaar propose de superbes maisons r\u00e9sidentielles modernes avec des am\u00e9nagements adapt\u00e9s aux familles allant de villas ind\u00e9pendantes de 4 \u00e0 5 chambres \u00e0 c\u00f4t\u00e9 d&#039;un parcours de golf de championnat de 18 trous de classe mondiale. Il reste une villa en vente.  La vie \u00e0 Golf Links \u00e0 Emaar South est loin de l&#039;agitation de la ville principale sans compromettre son accessibilit\u00e9. Emaar South est un d\u00e9veloppement sur plan haut de gamme, une partie de Duba\u00ef Sud, id\u00e9alement positionn\u00e9 entre Duba\u00ef et Abu Dhabi, \u00e0 quelques minutes du site de l&#039;Expo 2020. Ce d\u00e9veloppement \u00e0 usage mixte sera la future maison, rejoignant Golf Links pour offrir un mode de vie sup\u00e9rieur aux r\u00e9sidents de la ville intelligente pr\u00eats \u00e0 devenir la plaque tournante de l&#039;\u00e9conomie mondiale.  D\u00e9tendez-vous dans la qui\u00e9tude d&#039;un \u00e9crin de verdure. Pr\u00e9sent\u00e9 par Emaar - L&#039;un des principaux d\u00e9veloppeurs au monde fournissant des propri\u00e9t\u00e9s immobili\u00e8res et commerciales. Entourant le paysage verdoyant d&#039;un parcours de golf de classe mondiale, Golf Links est une communaut\u00e9 idyllique comprenant des villas modernes, des installations ultramodernes et des commerces \u00e0 proximit\u00e9.  POINTS FORTS DU PROJET Pr\u00eat \u00e0 emm\u00e9nager Parcours de golf de championnat de classe mondiale de 18 trous Situ\u00e9 \u00e0 quelques minutes du site EXPO 2020  PROPRI\u00c9T\u00c9 Villa individuelle de 4 chambres \u00e0 coucher : zone b\u00e2tie ~274 m2 ; Prix \u200b\u200bde d\u00e9part : 3,61 millions d&#039;AED  AUTRES RENSEIGNEMENTS Acompte de 25 % pour emm\u00e9nager\/location + 75 % 3 ans apr\u00e8s la remise des versements ; Pr\u00eat \u00e0 emm\u00e9nager \/ Louer  POUR PLUS D&#039;INFORMATIONS Properfees www.properfees.com info@properfees.com\" \/>\n<meta property=\"og:url\" content=\"https:\/\/www.properfees.com\/fr\/property\/golf-links-emaar-sud-villa\/\" \/>\n<meta property=\"og:site_name\" content=\"Properfees\" \/>\n<meta property=\"article:modified_time\" content=\"2022-07-09T07:32:23+00:00\" \/>\n<meta property=\"og:image\" content=\"https:\/\/www.properfees.com\/wp-content\/uploads\/2022\/07\/6059777161dffddce5b912.50313219_1920.jpg\" \/>\n\t<meta property=\"og:image:width\" content=\"1920\" \/>\n\t<meta property=\"og:image:height\" content=\"1081\" \/>\n\t<meta property=\"og:image:type\" content=\"image\/jpeg\" \/>\n<meta name=\"twitter:card\" content=\"summary_large_image\" \/>\n<script type=\"application\/ld+json\" class=\"yoast-schema-graph\">{\"@context\":\"https:\\\/\\\/schema.org\",\"@graph\":[{\"@type\":\"WebPage\",\"@id\":\"https:\\\/\\\/www.properfees.com\\\/fr\\\/property\\\/golf-links-emaar-sud-villa\\\/\",\"url\":\"https:\\\/\\\/www.properfees.com\\\/fr\\\/property\\\/golf-links-emaar-sud-villa\\\/\",\"name\":\"Golf Links - Emaar Sud - Villa - Properfees\",\"isPartOf\":{\"@id\":\"https:\\\/\\\/www.properfees.com\\\/fr\\\/#website\"},\"primaryImageOfPage\":{\"@id\":\"https:\\\/\\\/www.properfees.com\\\/fr\\\/property\\\/golf-links-emaar-sud-villa\\\/#primaryimage\"},\"image\":{\"@id\":\"https:\\\/\\\/www.properfees.com\\\/fr\\\/property\\\/golf-links-emaar-sud-villa\\\/#primaryimage\"},\"thumbnailUrl\":\"https:\\\/\\\/www.properfees.com\\\/wp-content\\\/uploads\\\/2022\\\/07\\\/6059777161dffddce5b912.50313219_1920.jpg\",\"datePublished\":\"2022-07-09T07:32:22+00:00\",\"dateModified\":\"2022-07-09T07:32:23+00:00\",\"breadcrumb\":{\"@id\":\"https:\\\/\\\/www.properfees.com\\\/fr\\\/property\\\/golf-links-emaar-sud-villa\\\/#breadcrumb\"},\"inLanguage\":\"fr-FR\",\"potentialAction\":[{\"@type\":\"ReadAction\",\"target\":[\"https:\\\/\\\/www.properfees.com\\\/fr\\\/property\\\/golf-links-emaar-sud-villa\\\/\"]}]},{\"@type\":\"ImageObject\",\"inLanguage\":\"fr-FR\",\"@id\":\"https:\\\/\\\/www.properfees.com\\\/fr\\\/property\\\/golf-links-emaar-sud-villa\\\/#primaryimage\",\"url\":\"https:\\\/\\\/www.properfees.com\\\/wp-content\\\/uploads\\\/2022\\\/07\\\/6059777161dffddce5b912.50313219_1920.jpg\",\"contentUrl\":\"https:\\\/\\\/www.properfees.com\\\/wp-content\\\/uploads\\\/2022\\\/07\\\/6059777161dffddce5b912.50313219_1920.jpg\",\"width\":1920,\"height\":1081},{\"@type\":\"BreadcrumbList\",\"@id\":\"https:\\\/\\\/www.properfees.com\\\/fr\\\/property\\\/golf-links-emaar-sud-villa\\\/#breadcrumb\",\"itemListElement\":[{\"@type\":\"ListItem\",\"position\":1,\"name\":\"Home\",\"item\":\"https:\\\/\\\/www.properfees.com\\\/fr\\\/\"},{\"@type\":\"ListItem\",\"position\":2,\"name\":\"Propri\u00e9t\u00e9s\",\"item\":\"https:\\\/\\\/www.properfees.com\\\/fr\\\/proprietes\\\/\"},{\"@type\":\"ListItem\",\"position\":3,\"name\":\"Golf Links &#8211; Emaar Sud &#8211; Villa\"}]},{\"@type\":\"WebSite\",\"@id\":\"https:\\\/\\\/www.properfees.com\\\/fr\\\/#website\",\"url\":\"https:\\\/\\\/www.properfees.com\\\/fr\\\/\",\"name\":\"Properfees\",\"description\":\"Properties at proper fees\",\"potentialAction\":[{\"@type\":\"SearchAction\",\"target\":{\"@type\":\"EntryPoint\",\"urlTemplate\":\"https:\\\/\\\/www.properfees.com\\\/fr\\\/?s={search_term_string}\"},\"query-input\":{\"@type\":\"PropertyValueSpecification\",\"valueRequired\":true,\"valueName\":\"search_term_string\"}}],\"inLanguage\":\"fr-FR\"}]}<\/script>\n<!-- \/ Yoast SEO plugin. -->","yoast_head_json":{"title":"Golf Links - Emaar Sud - Villa - Properfees","robots":{"index":"index","follow":"follow","max-snippet":"max-snippet:-1","max-image-preview":"max-image-preview:large","max-video-preview":"max-video-preview:-1"},"canonical":"https:\/\/www.properfees.com\/fr\/property\/golf-links-emaar-sud-villa\/","og_locale":"fr_FR","og_type":"article","og_title":"Golf Links - Emaar Sud - Villa - Properfees","og_description":"Properfees pr\u00e9sente cette villa r\u00e9cemment construite situ\u00e9e dans le quartier le plus tranquille de Duba\u00ef, entour\u00e9e de jardins paysagers luxuriants avec tous les meilleurs \u00e9quipements et commodit\u00e9s juste au coin de la rue. Golf Links by Emaar propose de superbes maisons r\u00e9sidentielles modernes avec des am\u00e9nagements adapt\u00e9s aux familles allant de villas ind\u00e9pendantes de 4 \u00e0 5 chambres \u00e0 c\u00f4t\u00e9 d'un parcours de golf de championnat de 18 trous de classe mondiale. Il reste une villa en vente.  La vie \u00e0 Golf Links \u00e0 Emaar South est loin de l'agitation de la ville principale sans compromettre son accessibilit\u00e9. Emaar South est un d\u00e9veloppement sur plan haut de gamme, une partie de Duba\u00ef Sud, id\u00e9alement positionn\u00e9 entre Duba\u00ef et Abu Dhabi, \u00e0 quelques minutes du site de l'Expo 2020. Ce d\u00e9veloppement \u00e0 usage mixte sera la future maison, rejoignant Golf Links pour offrir un mode de vie sup\u00e9rieur aux r\u00e9sidents de la ville intelligente pr\u00eats \u00e0 devenir la plaque tournante de l'\u00e9conomie mondiale.  D\u00e9tendez-vous dans la qui\u00e9tude d'un \u00e9crin de verdure. Pr\u00e9sent\u00e9 par Emaar - L'un des principaux d\u00e9veloppeurs au monde fournissant des propri\u00e9t\u00e9s immobili\u00e8res et commerciales. Entourant le paysage verdoyant d'un parcours de golf de classe mondiale, Golf Links est une communaut\u00e9 idyllique comprenant des villas modernes, des installations ultramodernes et des commerces \u00e0 proximit\u00e9.  POINTS FORTS DU PROJET Pr\u00eat \u00e0 emm\u00e9nager Parcours de golf de championnat de classe mondiale de 18 trous Situ\u00e9 \u00e0 quelques minutes du site EXPO 2020  PROPRI\u00c9T\u00c9 Villa individuelle de 4 chambres \u00e0 coucher : zone b\u00e2tie ~274 m2 ; Prix \u200b\u200bde d\u00e9part : 3,61 millions d'AED  AUTRES RENSEIGNEMENTS Acompte de 25 % pour emm\u00e9nager\/location + 75 % 3 ans apr\u00e8s la remise des versements ; Pr\u00eat \u00e0 emm\u00e9nager \/ Louer  POUR PLUS D'INFORMATIONS Properfees www.properfees.com info@properfees.com","og_url":"https:\/\/www.properfees.com\/fr\/property\/golf-links-emaar-sud-villa\/","og_site_name":"Properfees","article_modified_time":"2022-07-09T07:32:23+00:00","og_image":[{"width":1920,"height":1081,"url":"https:\/\/www.properfees.com\/wp-content\/uploads\/2022\/07\/6059777161dffddce5b912.50313219_1920.jpg","type":"image\/jpeg"}],"twitter_card":"summary_large_image","schema":{"@context":"https:\/\/schema.org","@graph":[{"@type":"WebPage","@id":"https:\/\/www.properfees.com\/fr\/property\/golf-links-emaar-sud-villa\/","url":"https:\/\/www.properfees.com\/fr\/property\/golf-links-emaar-sud-villa\/","name":"Golf Links - Emaar Sud - Villa - Properfees","isPartOf":{"@id":"https:\/\/www.properfees.com\/fr\/#website"},"primaryImageOfPage":{"@id":"https:\/\/www.properfees.com\/fr\/property\/golf-links-emaar-sud-villa\/#primaryimage"},"image":{"@id":"https:\/\/www.properfees.com\/fr\/property\/golf-links-emaar-sud-villa\/#primaryimage"},"thumbnailUrl":"https:\/\/www.properfees.com\/wp-content\/uploads\/2022\/07\/6059777161dffddce5b912.50313219_1920.jpg","datePublished":"2022-07-09T07:32:22+00:00","dateModified":"2022-07-09T07:32:23+00:00","breadcrumb":{"@id":"https:\/\/www.properfees.com\/fr\/property\/golf-links-emaar-sud-villa\/#breadcrumb"},"inLanguage":"fr-FR","potentialAction":[{"@type":"ReadAction","target":["https:\/\/www.properfees.com\/fr\/property\/golf-links-emaar-sud-villa\/"]}]},{"@type":"ImageObject","inLanguage":"fr-FR","@id":"https:\/\/www.properfees.com\/fr\/property\/golf-links-emaar-sud-villa\/#primaryimage","url":"https:\/\/www.properfees.com\/wp-content\/uploads\/2022\/07\/6059777161dffddce5b912.50313219_1920.jpg","contentUrl":"https:\/\/www.properfees.com\/wp-content\/uploads\/2022\/07\/6059777161dffddce5b912.50313219_1920.jpg","width":1920,"height":1081},{"@type":"BreadcrumbList","@id":"https:\/\/www.properfees.com\/fr\/property\/golf-links-emaar-sud-villa\/#breadcrumb","itemListElement":[{"@type":"ListItem","position":1,"name":"Home","item":"https:\/\/www.properfees.com\/fr\/"},{"@type":"ListItem","position":2,"name":"Propri\u00e9t\u00e9s","item":"https:\/\/www.properfees.com\/fr\/proprietes\/"},{"@type":"ListItem","position":3,"name":"Golf Links &#8211; Emaar Sud &#8211; Villa"}]},{"@type":"WebSite","@id":"https:\/\/www.properfees.com\/fr\/#website","url":"https:\/\/www.properfees.com\/fr\/","name":"Properfees","description":"Properties at proper fees","potentialAction":[{"@type":"SearchAction","target":{"@type":"EntryPoint","urlTemplate":"https:\/\/www.properfees.com\/fr\/?s={search_term_string}"},"query-input":{"@type":"PropertyValueSpecification","valueRequired":true,"valueName":"search_term_string"}}],"inLanguage":"fr-FR"}]}},"_links":{"self":[{"href":"https:\/\/www.properfees.com\/fr\/wp-json\/wp\/v2\/product\/6422","targetHints":{"allow":["GET"]}}],"collection":[{"href":"https:\/\/www.properfees.com\/fr\/wp-json\/wp\/v2\/product"}],"about":[{"href":"https:\/\/www.properfees.com\/fr\/wp-json\/wp\/v2\/types\/product"}],"wp:featuredmedia":[{"embeddable":true,"href":"https:\/\/www.properfees.com\/fr\/wp-json\/wp\/v2\/media\/6397"}],"wp:attachment":[{"href":"https:\/\/www.properfees.com\/fr\/wp-json\/wp\/v2\/media?parent=6422"}],"wp:term":[{"taxonomy":"product_brand","embeddable":true,"href":"https:\/\/www.properfees.com\/fr\/wp-json\/wp\/v2\/product_brand?post=6422"},{"taxonomy":"product_cat","embeddable":true,"href":"https:\/\/www.properfees.com\/fr\/wp-json\/wp\/v2\/product_cat?post=6422"},{"taxonomy":"product_tag","embeddable":true,"href":"https:\/\/www.properfees.com\/fr\/wp-json\/wp\/v2\/product_tag?post=6422"}],"curies":[{"name":"wp","href":"https:\/\/api.w.org\/{rel}","templated":true}]}}